{"id":3,"date":"2019-03-25T19:38:40","date_gmt":"2019-03-25T18:38:40","guid":{"rendered":"http:\/\/www.naturclic.com\/?page_id=3"},"modified":"2020-06-29T18:37:50","modified_gmt":"2020-06-29T16:37:50","slug":"politica-privacidad","status":"publish","type":"page","link":"https:\/\/www.naturclic.com\/?page_id=3","title":{"rendered":"Pol\u00edtica de privacidad"},"content":{"rendered":"<p>[vc_row][vc_column][vc_column_text]<\/p>\n<h1><\/h1>\n<h1>Pol\u00edtica de privacidad<\/h1>\n<p>&nbsp;<\/p>\n<p>A trav\u00e9s de la presente pol\u00edtica de privacidad Natural Apotecari S.L. desea informar a todas las personas que naveguen y accedan al sitio web www.naturclic.com sobre los tratamientos de datos personales realizados.<\/p>\n<p>El acceso al sitio web no requiere un registro previo. En todo caso, el Usuario con su navegaci\u00f3n acepta en su totalidad la presente pol\u00edtica de privacidad y pol\u00edtica de cookies.<\/p>\n<p>Antes del env\u00edo de cualquier solicitud de informaci\u00f3n a trav\u00e9s del formulario de contacto de esta p\u00e1gina web, el usuario debe aceptar la pol\u00edtica de privacidad, con el fin de prestar el consentimiento expreso e informado por el tratamiento de los datos con las finalidades indicadas.<\/p>\n<p>De conformidad con el Reglamento (UE) 2016\/679, de 27 de abril de 2016, relativo a la protecci\u00f3n de las personas f\u00edsicas en lo que respecta al tratamiento de datos personales y a la libre circulaci\u00f3n de estos datos y subsidiariamente en aquello no regulado, el Real Decreto 1720\/2007, de 21 de diciembre, por el que se aprueba el Reglamento de desarrollo de la Ley Org\u00e1nica 15\/1999, de 13 de diciembre de Protecci\u00f3n de Datos de Car\u00e1cter Personal de Natural Apotecari S.L. le informa:<\/p>\n<p><strong>Informaci\u00f3n b\u00e1sica sobre Protecci\u00f3n de Datos<\/strong><\/p>\n<p>Responsable<\/p>\n<p>Natural Apotecari S.L.<\/p>\n<p>B66291097<\/p>\n<p>Avda Meridiana 327 Entresuelo 3a &#8211; 08027 Barcelona.<\/p>\n<p><strong>Finalidad y conservaci\u00f3n de los datos<\/strong><\/p>\n<p>Natural Apotecari S.L. tratar\u00e1 los datos de los Usuarios conforme las siguientes finalidades:<\/p>\n<p>1. Gestionar el uso de las funcionalidades puestas a disposici\u00f3n a trav\u00e9s del Sitio Web.<\/p>\n<p>Los datos tratados con esta finalidad se conservar\u00e1n mientras se mantenga la relaci\u00f3n contractual y\/o negocial entre el Usuario y Natural Apotecari S.L.. Para el caso de que las solicitudes efectuadas por un usuario no mantengan una relaci\u00f3n contractual, los datos se conservar\u00e1n hasta haber resuelto dicha solicitud.<\/p>\n<p>2. Dar curso a las solicitudes de empleo y gestionar los procesos de selecci\u00f3n. Los datos tratados para esta finalidad se conservar\u00e1n como m\u00e1ximo durante 1 a\u00f1o desde su recepci\u00f3n o finalizaci\u00f3n del proceso de selecci\u00f3n.<\/p>\n<p>3. Mantener informados a los Usuarios mediante comunicaciones comerciales acerca de servicios y novedades de Natural Apotecari S.L. . El Usuario solamente recibir\u00e1 dichas comunicaciones comerciales en caso de aceptaci\u00f3n, marcando la casilla correspondiente. Dichos datos solamente ser\u00e1n tratados hasta el momento en el que el Usuario retire su consentimiento o ejerza el derecho de oposici\u00f3n.<\/p>\n<p><strong>Legitimaci\u00f3n<\/strong><\/p>\n<p>El tratamiento de dichos datos est\u00e1 legitimado por:<\/p>\n<p>1. Ejecuci\u00f3n de las obligaciones contractuales y\/o negociales.<\/p>\n<p>2. Consentimiento del interesado para el env\u00edo de solicitudes, inclusi\u00f3n en el proceso de selecci\u00f3n o recepci\u00f3n de comunicaciones comerciales.<\/p>\n<p><strong>Destinatarios<\/strong><\/p>\n<p>Los datos de los usuarios no se ceder\u00e1n a terceros a excepci\u00f3n de obligaci\u00f3n legal.<\/p>\n<p><strong>Derechos<\/strong><\/p>\n<p>En cualquier momento el Usuario podr\u00e1 ejercer gratuitamente sus derechos de acceso, rectificaci\u00f3n, oposici\u00f3n y supresi\u00f3n los datos, as\u00ed como los otros derechos regulados al Reglamento (UE) 679\/2016, esto es, el derecho a la portabilidad y a la limitaci\u00f3n del tratamiento, mediante escrito acompa\u00f1ado de una copia del DNI o documento v\u00e1lido que lo identifique a Natural Apotecari S.L. al domicilio Avda Meridiana 327 Entresuelo 3a &#8211; 080237 Barcelona (Ref. \u201cProtecci\u00f3n de Datos\u201d), o a la siguiente direcci\u00f3n de correo electr\u00f3nico info@naturinnovation.com .<\/p>\n<p>Natural Apotecari S.L. informa al Usuario que, si lo estima oportuno, tiene derecho a presentar una reclamaci\u00f3n ante la correspondiente autoridad de control.<\/p>\n<p><strong>\u00bfEs obligatorio proporcionar toda la informaci\u00f3n solicitada en el apartado de contacto?<\/strong><\/p>\n<p>En cuanto a los formularios del Sitio Web, el Usuario tiene que cumplimentar los marcados como \u201crequerido\u201d. No completar los datos personales requeridos o hacerlo parcialmente puede suponer que Natural Apotecari S.L. no pueda atender sus solicitudes y, en consecuencia, Natural Apotecari S.L. quedar\u00e1 exonerada de toda responsabilidad por la no prestaci\u00f3n o la prestaci\u00f3n incompleta de los servicios solicitados.<\/p>\n<p>Los datos personales que el Usuario facilita a Natural Apotecari S.L. tienen que ser actuales para que la informaci\u00f3n de los registros est\u00e9 actualiza y sin errores. El Usuario responder\u00e1 de la veracidad de los datos facilitados.<\/p>\n<p><strong>Menores de edad<\/strong><\/p>\n<p>Los menores de 14 a\u00f1os no pueden ceder sus datos personales a Natural Apotecari S.L. sin el previo consentimiento de sus padres y\/o tutores legales.<\/p>\n<p>En caso de que Natural Apotecari S.L. detectara que el usuario fuera menor de 14 a\u00f1os se reserva el derecho a solicitar una copia de su DNI o documento de identidad equivalente, o en su caso, la autorizaci\u00f3n de sus padres y\/o tutores legales, causando baja en caso de no acreditar el cumplimiento de este requisito o falta de respuesta.<\/p>\n<p><strong>\u00bfQu\u00e9 medidas de seguridad tiene implantada la empresa?<\/strong><\/p>\n<p>Natural Apotecari S.L. informa que el tratamiento que realiza de datos personales se realiza en todo momento de conformidad con la normativa aplicable en materia de protecci\u00f3n de datos y de los servicios de la sociedad de la informaci\u00f3n.<\/p>\n<p>Natural Apotecari S.L. tiene implantadas las medidas de seguridad de \u00edndole t\u00e9cnica y organizativas necesarias que garanticen la seguridad de los datos de car\u00e1cter personal del Usuario y eviten su alteraci\u00f3n, p\u00e9rdida, tratamiento y\/o acceso no autorizado de acuerdo con el estado de la tecnolog\u00eda, la naturaleza de los datos almacenados y los riesgos a los que est\u00e1n expuestos, ya provengan de la acci\u00f3n humana o del medio f\u00edsico o natural, en conformidad con el que prev\u00e9 la normativa vigente.<\/p>\n<p><strong>Redes sociales<\/strong><\/p>\n<p>Natural Apotecari S.L. dispone de perfiles en las redes sociales con la finalidad de publicar y difundir informaci\u00f3n sobre los servicios prestados a trav\u00e9s de la p\u00e1gina web, interactuar con los usuarios y ofrecer el canal de atenci\u00f3n e interacci\u00f3n social.<\/p>\n<p>A continuaci\u00f3n, se citan las redes sociales en las que Natural Apotecari S.L. tiene perfil abierto:<\/p>\n<p>&#8211; Facebook<\/p>\n<p>&#8211; Twitter<\/p>\n<p>&#8211; Instagram<\/p>\n<p>&#8211; Linkedin[\/vc_column_text][\/vc_column][\/vc_row]<\/p>\n","protected":false},"excerpt":{"rendered":"<p>[vc_row][vc_column][vc_column_text] Pol\u00edtica de privacidad &nbsp; A trav\u00e9s de la presente pol\u00edtica de privacidad Natural Apotecari S.L. desea informar a todas las personas que naveguen y accedan al sitio web www.naturclic.com sobre los tratamientos de datos personales realizados. El acceso al sitio web no requiere un registro previo. En todo caso, el Usuario con su navegaci\u00f3n &hellip; <\/p>\n<p class=\"link-more\"><a href=\"https:\/\/www.naturclic.com\/?page_id=3\" class=\"more-link\">Continue reading<span class=\"screen-reader-text\"> &#8220;Pol\u00edtica de privacidad&#8221;<\/span><\/a><\/p>\n","protected":false},"author":1,"featured_media":0,"parent":0,"menu_order":0,"comment_status":"closed","ping_status":"open","template":"","meta":{"_joinchat":[],"footnotes":""},"class_list":["post-3","page","type-page","status-publish","hentry"],"_links":{"self":[{"href":"https:\/\/www.naturclic.com\/index.php?rest_route=\/wp\/v2\/pages\/3","targetHints":{"allow":["GET"]}}],"collection":[{"href":"https:\/\/www.naturclic.com\/index.php?rest_route=\/wp\/v2\/pages"}],"about":[{"href":"https:\/\/www.naturclic.com\/index.php?rest_route=\/wp\/v2\/types\/page"}],"author":[{"embeddable":true,"href":"https:\/\/www.naturclic.com\/index.php?rest_route=\/wp\/v2\/users\/1"}],"replies":[{"embeddable":true,"href":"https:\/\/www.naturclic.com\/index.php?rest_route=%2Fwp%2Fv2%2Fcomments&post=3"}],"version-history":[{"count":7,"href":"https:\/\/www.naturclic.com\/index.php?rest_route=\/wp\/v2\/pages\/3\/revisions"}],"predecessor-version":[{"id":6960,"href":"https:\/\/www.naturclic.com\/index.php?rest_route=\/wp\/v2\/pages\/3\/revisions\/6960"}],"wp:attachment":[{"href":"https:\/\/www.naturclic.com\/index.php?rest_route=%2Fwp%2Fv2%2Fmedia&parent=3"}],"curies":[{"name":"wp","href":"https:\/\/api.w.org\/{rel}","templated":true}]}}