{"id":4225,"date":"2019-07-11T11:05:06","date_gmt":"2019-07-11T09:05:06","guid":{"rendered":"http:\/\/www.naturclic.com\/?post_type=product&#038;p=4225"},"modified":"2024-08-08T13:12:34","modified_gmt":"2024-08-08T11:12:34","slug":"aceite-de-semillas-de-rosa-mosqueta-30ml","status":"publish","type":"product","link":"https:\/\/www.naturclic.com\/?product=aceite-de-semillas-de-rosa-mosqueta-30ml","title":{"rendered":"Aceite de semillas de Rosa Mosqueta (30ml) Sura Vitasan"},"content":{"rendered":"<p><strong>Ayuda a minimizar y prevenir las arrugas.<\/strong><\/p>\n<p>Revitaliza la piel seca y sin brillo, ayuda a retrasar el envejecimiento prematuro de la piel. De r\u00e1pida absorci\u00f3n, dejando la piel firme y suave, incluso mejora el color y el tono de la piel.<\/p>\n<ul>\n<li><strong>C\u00f3digo<\/strong>: E2049<\/li>\n<li><strong>F\u00f3rmula<\/strong>:<\/li>\n<\/ul>\n<p style=\"padding-left: 40px;\">Ingredientes<b>:<\/b> <i>Rosa moschata<\/i>\u00a0Seed Oil, tocopherol.<\/p>\n<p style=\"padding-left: 40px;\">Contiene<b>:<\/b> aceite org\u00e1nico de semillas de rosa mosqueta (extracci\u00f3n sin disolventes por prensado en fr\u00edo) y vitamina E natural.<\/p>\n<ul>\n<li><strong>Advertencias<\/strong>: S\u00f3lo para uso externo. No ingerir. Mantener fuera del alcance de los ni\u00f1os. No aplicar sobre una herida abierta.<\/li>\n<li><strong>Dosis recomendada<\/strong>: Coloque 5-8 gotas en la mano y masajear suavemente el aceite en su cara y cuello. Para otras partes del cuerpo pueden requerir m\u00e1s aceite. Aplicar preferentemente sobre la piel h\u00fameda antes de acostarse, despu\u00e9s de una ducha o de un ba\u00f1o.<\/li>\n<\/ul>\n<p>&nbsp;<\/p>\n","protected":false},"excerpt":{"rendered":"<p>Ayuda a minimizar y prevenir las arrugas. Revitaliza la piel seca y sin brillo, ayuda a retrasar el envejecimiento prematuro de la piel. De r\u00e1pida absorci\u00f3n, dejando la piel firme y suave, incluso mejora el color y el tono de la piel. C\u00f3digo: E2049 F\u00f3rmula: Ingredientes: Rosa moschata\u00a0Seed Oil, tocopherol. Contiene: aceite org\u00e1nico de semillas &hellip; <\/p>\n<p class=\"link-more\"><a href=\"https:\/\/www.naturclic.com\/?product=aceite-de-semillas-de-rosa-mosqueta-30ml\" class=\"more-link\">Continue reading<span class=\"screen-reader-text\"> &#8220;Aceite de semillas de Rosa Mosqueta (30ml) Sura Vitasan&#8221;<\/span><\/a><\/p>\n","protected":false},"featured_media":4233,"comment_status":"open","ping_status":"closed","template":"","meta":{"_joinchat":[]},"product_brand":[],"product_cat":[139,137],"product_tag":[],"class_list":{"0":"post-4225","1":"product","2":"type-product","3":"status-publish","4":"has-post-thumbnail","6":"product_cat-cosmetica-facial","7":"product_cat-cosmetica-natural","9":"first","10":"instock","11":"taxable","12":"shipping-taxable","13":"purchasable","14":"product-type-simple"},"_links":{"self":[{"href":"https:\/\/www.naturclic.com\/index.php?rest_route=\/wp\/v2\/product\/4225","targetHints":{"allow":["GET"]}}],"collection":[{"href":"https:\/\/www.naturclic.com\/index.php?rest_route=\/wp\/v2\/product"}],"about":[{"href":"https:\/\/www.naturclic.com\/index.php?rest_route=\/wp\/v2\/types\/product"}],"replies":[{"embeddable":true,"href":"https:\/\/www.naturclic.com\/index.php?rest_route=%2Fwp%2Fv2%2Fcomments&post=4225"}],"wp:featuredmedia":[{"embeddable":true,"href":"https:\/\/www.naturclic.com\/index.php?rest_route=\/wp\/v2\/media\/4233"}],"wp:attachment":[{"href":"https:\/\/www.naturclic.com\/index.php?rest_route=%2Fwp%2Fv2%2Fmedia&parent=4225"}],"wp:term":[{"taxonomy":"product_brand","embeddable":true,"href":"https:\/\/www.naturclic.com\/index.php?rest_route=%2Fwp%2Fv2%2Fproduct_brand&post=4225"},{"taxonomy":"product_cat","embeddable":true,"href":"https:\/\/www.naturclic.com\/index.php?rest_route=%2Fwp%2Fv2%2Fproduct_cat&post=4225"},{"taxonomy":"product_tag","embeddable":true,"href":"https:\/\/www.naturclic.com\/index.php?rest_route=%2Fwp%2Fv2%2Fproduct_tag&post=4225"}],"curies":[{"name":"wp","href":"https:\/\/api.w.org\/{rel}","templated":true}]}}