{"id":4229,"date":"2019-07-11T11:12:30","date_gmt":"2019-07-11T09:12:30","guid":{"rendered":"http:\/\/www.naturclic.com\/?post_type=product&#038;p=4229"},"modified":"2024-08-08T13:12:59","modified_gmt":"2024-08-08T11:12:59","slug":"aceite-de-tamanu-30ml","status":"publish","type":"product","link":"https:\/\/www.naturclic.com\/?product=aceite-de-tamanu-30ml","title":{"rendered":"Aceite de Tamanu (30ml) Sura Vitasan"},"content":{"rendered":"<p><strong>Antioxidante &amp; Reparador.<\/strong><\/p>\n<p>El aceite de tamanu ayuda a acelerar la cicatrizaci\u00f3n de heridas, \u00falceras, quemaduras, for\u00fanculos, acn\u00e9, eczema, psoriasis, etc.<\/p>\n<ul>\n<li><strong>C\u00f3digo<\/strong>: E2051<\/li>\n<li><strong>F\u00f3rmula<\/strong>:<\/li>\n<\/ul>\n<p style=\"padding-left: 40px;\">Ingredientes<b>:<\/b> <i>Calophyllum inophyllum<\/i>\u00a0Seed Oil, tocopherol.<\/p>\n<p style=\"padding-left: 40px;\">Contiene<b>:<\/b> \u00a0aceite org\u00e1nico de tamanu (extracci\u00f3n sin disolventes por prensado en fr\u00edo) y vitamina E natural.<\/p>\n<ul>\n<li><strong>Advertencias<\/strong>:S\u00f3lo para uso externo. No ingerir. Mantener fuera del alcance de los ni\u00f1os.No usar en caso de ser al\u00e9rgico a los frutos secos.<\/li>\n<li><strong>Dosis recomendada<\/strong>: Coloque 5-8 gotas en la mano y masajear suavemente el aceite en su cara y cuello. Para otras partes del cuerpo pueden requerir m\u00e1s aceite. Aplicar preferentemente sobre la piel h\u00fameda antes de acostarse, despu\u00e9s de una ducha o de un ba\u00f1o.<\/li>\n<\/ul>\n<p>&nbsp;<\/p>\n","protected":false},"excerpt":{"rendered":"<p>Antioxidante &amp; Reparador. El aceite de tamanu ayuda a acelerar la cicatrizaci\u00f3n de heridas, \u00falceras, quemaduras, for\u00fanculos, acn\u00e9, eczema, psoriasis, etc. C\u00f3digo: E2051 F\u00f3rmula: Ingredientes: Calophyllum inophyllum\u00a0Seed Oil, tocopherol. Contiene: \u00a0aceite org\u00e1nico de tamanu (extracci\u00f3n sin disolventes por prensado en fr\u00edo) y vitamina E natural. Advertencias:S\u00f3lo para uso externo. No ingerir. Mantener fuera del alcance &hellip; <\/p>\n<p class=\"link-more\"><a href=\"https:\/\/www.naturclic.com\/?product=aceite-de-tamanu-30ml\" class=\"more-link\">Continue reading<span class=\"screen-reader-text\"> &#8220;Aceite de Tamanu (30ml) Sura Vitasan&#8221;<\/span><\/a><\/p>\n","protected":false},"featured_media":4239,"comment_status":"open","ping_status":"closed","template":"","meta":{"_joinchat":[]},"product_brand":[],"product_cat":[141,140,139,137,138,15],"product_tag":[],"class_list":{"0":"post-4229","1":"product","2":"type-product","3":"status-publish","4":"has-post-thumbnail","6":"product_cat-cosmetica-capilar","7":"product_cat-cosmetica-corporal","8":"product_cat-cosmetica-facial","9":"product_cat-cosmetica-natural","10":"product_cat-nutricosmetica","11":"product_cat-sin-categorizar","13":"first","14":"instock","15":"taxable","16":"shipping-taxable","17":"purchasable","18":"product-type-simple"},"_links":{"self":[{"href":"https:\/\/www.naturclic.com\/index.php?rest_route=\/wp\/v2\/product\/4229","targetHints":{"allow":["GET"]}}],"collection":[{"href":"https:\/\/www.naturclic.com\/index.php?rest_route=\/wp\/v2\/product"}],"about":[{"href":"https:\/\/www.naturclic.com\/index.php?rest_route=\/wp\/v2\/types\/product"}],"replies":[{"embeddable":true,"href":"https:\/\/www.naturclic.com\/index.php?rest_route=%2Fwp%2Fv2%2Fcomments&post=4229"}],"wp:featuredmedia":[{"embeddable":true,"href":"https:\/\/www.naturclic.com\/index.php?rest_route=\/wp\/v2\/media\/4239"}],"wp:attachment":[{"href":"https:\/\/www.naturclic.com\/index.php?rest_route=%2Fwp%2Fv2%2Fmedia&parent=4229"}],"wp:term":[{"taxonomy":"product_brand","embeddable":true,"href":"https:\/\/www.naturclic.com\/index.php?rest_route=%2Fwp%2Fv2%2Fproduct_brand&post=4229"},{"taxonomy":"product_cat","embeddable":true,"href":"https:\/\/www.naturclic.com\/index.php?rest_route=%2Fwp%2Fv2%2Fproduct_cat&post=4229"},{"taxonomy":"product_tag","embeddable":true,"href":"https:\/\/www.naturclic.com\/index.php?rest_route=%2Fwp%2Fv2%2Fproduct_tag&post=4229"}],"curies":[{"name":"wp","href":"https:\/\/api.w.org\/{rel}","templated":true}]}}