{"id":4236,"date":"2019-07-11T12:30:03","date_gmt":"2019-07-11T10:30:03","guid":{"rendered":"http:\/\/www.naturclic.com\/?post_type=product&#038;p=4236"},"modified":"2024-08-08T13:21:04","modified_gmt":"2024-08-08T11:21:04","slug":"acido-pantotenico-100-capsulas","status":"publish","type":"product","link":"https:\/\/www.naturclic.com\/?product=acido-pantotenico-100-capsulas","title":{"rendered":"\u00c1cido Pantot\u00e9nico (100 c\u00e1psulas) Sura Vitasan"},"content":{"rendered":"<p>El \u00e1cido pantot\u00e9nico o vitamina B5 forma parte de la coenzima A, involucrada en las reacciones productoras de energ\u00eda a partir de gl\u00facidos, grasas y prote\u00ednas por lo que contribuye al metabolismo energ\u00e9tico normal.<\/p>\n<p>Declaraciones saludables<br \/>\n(Reglamento UE N\u00ba 432\/2012)<br \/>\nEl \u00e1cido pantot\u00e9nico o vitamina B5 contribuye a la s\u00edntesis y al metabolismo normal de las hormonas esteroideas, la vitamina D y algunos neurotransmisores, as\u00ed como en el rendimiento intelectual normal. Adem\u00e1s ayuda a disminuir el cansancio y la fatiga.<\/p>\n<ul>\n<li><strong>C\u00f3digo<\/strong>: E1049<\/li>\n<li><strong>F\u00f3rmula<\/strong>:<\/li>\n<\/ul>\n<p style=\"padding-left: 40px;\">Ingredientes<b>:<\/b> D-pantotenato c\u00e1lcico (vit. B5), agente decarga (celulosa microcristalina), antiaglomerantes (estearato\u00a0de magnesio vegetal y di\u00f3xido de silicio), c\u00e1psula vegetal\u00a0(agente de recubrimiento: hidroxipropilmetilcelulosa;\u00a0humectante: agua purificada).<\/p>\n<ul>\n<li><strong>Advertencias<\/strong>: consultar con el profesional antes de tomar este producto en caso de embarazo o lactancia, si est\u00e1 en tratamiento con medicaci\u00f3n o si presenta unas condiciones m\u00e9dicas especiales.<\/li>\n<li><strong>Dosis recomendada<\/strong>: Como complemento alimenticio se sugiere tomar de 1 \u00f3 2 c\u00e1psulas al d\u00eda con las comidas \u00a0o seguir las indicaciones de un especialista.<\/li>\n<\/ul>\n","protected":false},"excerpt":{"rendered":"<p>El \u00e1cido pantot\u00e9nico o vitamina B5 forma parte de la coenzima A, involucrada en las reacciones productoras de energ\u00eda a partir de gl\u00facidos, grasas y prote\u00ednas por lo que contribuye al metabolismo energ\u00e9tico normal. Declaraciones saludables (Reglamento UE N\u00ba 432\/2012) El \u00e1cido pantot\u00e9nico o vitamina B5 contribuye a la s\u00edntesis y al metabolismo normal de &hellip; <\/p>\n<p class=\"link-more\"><a href=\"https:\/\/www.naturclic.com\/?product=acido-pantotenico-100-capsulas\" class=\"more-link\">Continue reading<span class=\"screen-reader-text\"> &#8220;\u00c1cido Pantot\u00e9nico (100 c\u00e1psulas) Sura Vitasan&#8221;<\/span><\/a><\/p>\n","protected":false},"featured_media":4237,"comment_status":"open","ping_status":"closed","template":"","meta":{"_joinchat":[]},"product_brand":[],"product_cat":[127,126],"product_tag":[],"class_list":{"0":"post-4236","1":"product","2":"type-product","3":"status-publish","4":"has-post-thumbnail","6":"product_cat-nutricion-ortomolecular","7":"product_cat-suplementos-naturales","9":"first","10":"instock","11":"taxable","12":"shipping-taxable","13":"purchasable","14":"product-type-simple"},"_links":{"self":[{"href":"https:\/\/www.naturclic.com\/index.php?rest_route=\/wp\/v2\/product\/4236","targetHints":{"allow":["GET"]}}],"collection":[{"href":"https:\/\/www.naturclic.com\/index.php?rest_route=\/wp\/v2\/product"}],"about":[{"href":"https:\/\/www.naturclic.com\/index.php?rest_route=\/wp\/v2\/types\/product"}],"replies":[{"embeddable":true,"href":"https:\/\/www.naturclic.com\/index.php?rest_route=%2Fwp%2Fv2%2Fcomments&post=4236"}],"wp:featuredmedia":[{"embeddable":true,"href":"https:\/\/www.naturclic.com\/index.php?rest_route=\/wp\/v2\/media\/4237"}],"wp:attachment":[{"href":"https:\/\/www.naturclic.com\/index.php?rest_route=%2Fwp%2Fv2%2Fmedia&parent=4236"}],"wp:term":[{"taxonomy":"product_brand","embeddable":true,"href":"https:\/\/www.naturclic.com\/index.php?rest_route=%2Fwp%2Fv2%2Fproduct_brand&post=4236"},{"taxonomy":"product_cat","embeddable":true,"href":"https:\/\/www.naturclic.com\/index.php?rest_route=%2Fwp%2Fv2%2Fproduct_cat&post=4236"},{"taxonomy":"product_tag","embeddable":true,"href":"https:\/\/www.naturclic.com\/index.php?rest_route=%2Fwp%2Fv2%2Fproduct_tag&post=4236"}],"curies":[{"name":"wp","href":"https:\/\/api.w.org\/{rel}","templated":true}]}}