{"id":4243,"date":"2019-07-11T12:46:50","date_gmt":"2019-07-11T10:46:50","guid":{"rendered":"http:\/\/www.naturclic.com\/?post_type=product&#038;p=4243"},"modified":"2024-08-08T13:24:24","modified_gmt":"2024-08-08T11:24:24","slug":"aid-inflam-90-capsulas-2","status":"publish","type":"product","link":"https:\/\/www.naturclic.com\/?product=aid-inflam-90-capsulas-2","title":{"rendered":"Aid-Inflam (90 c\u00e1psulas) Sura Vitasan"},"content":{"rendered":"<p>AID-INFLAM es una f\u00f3rmula que utiliza ingredientes de la m\u00e1s alta calidad donde se combinan sin\u00e9rgicamente los extractos m\u00e1s potentes de Boswelia serrata, C\u00farcuma y Quercitina junto a la Bromelina.<\/p>\n<p><strong><em id=\"juntar-linea\">Declaraciones saludables<\/em><\/strong><br \/>\n<em>La c\u00farcuma ayuda a mantener la salud del sistema inmunitario y la protecci\u00f3n de las c\u00e9lulas frente al da\u00f1o oxidativo. La Boswellia serrata puede ayudar a mantener el confort de las articulaciones.<\/em><\/p>\n<ul>\n<li><strong>C\u00f3digo<\/strong>: E1237<\/li>\n<li><strong>F\u00f3rmula<\/strong>:<\/li>\n<\/ul>\n<p style=\"padding-left: 40px;\">Ingredientes<b>:<\/b>extracto de resina de Boswellia serrata, extracto de ra\u00edz de c\u00farcuma (Curcuma longa), bromelina (de Ananas comosus), quercetina, antiaglomerantes (estearato de magnesio vegetal y di\u00f3xido de silicio), c\u00e1psula vegetal (agente de recubrimiento: hidroxipropilmetilcelulosa; humectante: agua purificada).<\/p>\n<p style=\"padding-left: 40px;\">No Contiene<b>:<\/b> soja, ma\u00edz, huevo, leche o sus derivados, levadura, c\u00edtricos, agentes conservantes, aromas artificiales, colorantes artificiales, almid\u00f3n o az\u00facar.<\/p>\n<ul>\n<li><strong>Advertencias<\/strong>: se recomienda no tomar durante el embarazo y la lactancia. Consultar con el profesional antes de tomar este producto si est\u00e1 en tratamiento con medicaci\u00f3n (anticogulantes, antiinflamatorios o antibi\u00f3ticos) o presenta unas condiciones m\u00e9dicas especiales (hipertensi\u00f3n, \u00falceras o problemas gastrointestinales). No usar en combinaci\u00f3n con quimioterapia.<\/li>\n<li><strong>Dosis recomendada<\/strong>: 2 c\u00e1psulas de una a tres veces al d\u00eda con las comidas. Consultar con el profesional para un uso mayor a 6 semanas.<\/li>\n<\/ul>\n","protected":false},"excerpt":{"rendered":"<p>AID-INFLAM es una f\u00f3rmula que utiliza ingredientes de la m\u00e1s alta calidad donde se combinan sin\u00e9rgicamente los extractos m\u00e1s potentes de Boswelia serrata, C\u00farcuma y Quercitina junto a la Bromelina. Declaraciones saludables La c\u00farcuma ayuda a mantener la salud del sistema inmunitario y la protecci\u00f3n de las c\u00e9lulas frente al da\u00f1o oxidativo. La Boswellia serrata &hellip; <\/p>\n<p class=\"link-more\"><a href=\"https:\/\/www.naturclic.com\/?product=aid-inflam-90-capsulas-2\" class=\"more-link\">Continue reading<span class=\"screen-reader-text\"> &#8220;Aid-Inflam (90 c\u00e1psulas) Sura Vitasan&#8221;<\/span><\/a><\/p>\n","protected":false},"featured_media":4244,"comment_status":"open","ping_status":"closed","template":"","meta":{"_joinchat":[]},"product_brand":[],"product_cat":[127,126],"product_tag":[],"class_list":{"0":"post-4243","1":"product","2":"type-product","3":"status-publish","4":"has-post-thumbnail","6":"product_cat-nutricion-ortomolecular","7":"product_cat-suplementos-naturales","9":"first","10":"instock","11":"taxable","12":"shipping-taxable","13":"purchasable","14":"product-type-simple"},"_links":{"self":[{"href":"https:\/\/www.naturclic.com\/index.php?rest_route=\/wp\/v2\/product\/4243","targetHints":{"allow":["GET"]}}],"collection":[{"href":"https:\/\/www.naturclic.com\/index.php?rest_route=\/wp\/v2\/product"}],"about":[{"href":"https:\/\/www.naturclic.com\/index.php?rest_route=\/wp\/v2\/types\/product"}],"replies":[{"embeddable":true,"href":"https:\/\/www.naturclic.com\/index.php?rest_route=%2Fwp%2Fv2%2Fcomments&post=4243"}],"wp:featuredmedia":[{"embeddable":true,"href":"https:\/\/www.naturclic.com\/index.php?rest_route=\/wp\/v2\/media\/4244"}],"wp:attachment":[{"href":"https:\/\/www.naturclic.com\/index.php?rest_route=%2Fwp%2Fv2%2Fmedia&parent=4243"}],"wp:term":[{"taxonomy":"product_brand","embeddable":true,"href":"https:\/\/www.naturclic.com\/index.php?rest_route=%2Fwp%2Fv2%2Fproduct_brand&post=4243"},{"taxonomy":"product_cat","embeddable":true,"href":"https:\/\/www.naturclic.com\/index.php?rest_route=%2Fwp%2Fv2%2Fproduct_cat&post=4243"},{"taxonomy":"product_tag","embeddable":true,"href":"https:\/\/www.naturclic.com\/index.php?rest_route=%2Fwp%2Fv2%2Fproduct_tag&post=4243"}],"curies":[{"name":"wp","href":"https:\/\/api.w.org\/{rel}","templated":true}]}}