{"id":4249,"date":"2019-07-11T13:08:16","date_gmt":"2019-07-11T11:08:16","guid":{"rendered":"http:\/\/www.naturclic.com\/?post_type=product&#038;p=4249"},"modified":"2024-08-09T16:22:59","modified_gmt":"2024-08-09T14:22:59","slug":"enzymas-vegetales-60-capsulas","status":"publish","type":"product","link":"https:\/\/www.naturclic.com\/?product=enzymas-vegetales-60-capsulas","title":{"rendered":"Enzymas Vegetales (60 c\u00e1psulas) Sura Vitasan"},"content":{"rendered":"<p>Enzymas es un complemento alimenticio a base de una amplia gama de enzimas 100% vegetal de alta biodisponibilidad y f\u00e1cil absorci\u00f3n. Expresada en unidades internacionales de actividad enzim\u00e1tica para una mejor valoraci\u00f3n de la actividad.<\/p>\n<ul>\n<li><strong>C\u00f3digo<\/strong>: E1349<\/li>\n<li><strong>F\u00f3rmula<\/strong>:<\/li>\n<\/ul>\n<p style=\"padding-left: 40px;\">Ingredientes<b>:<\/b>concentrado de enzimas vegetales (proteasa, papa\u00edna de Carica papaya, amilasa, lactasa, lipasa, celulasa, alfa galactosidasa, maltasa, invertasa pectinasa, glucoamilasa, hemicelulasa, fitasa, bromelina de Ananas comosus), celulosa microcristalina (agente de carga), di\u00f3xido de silicio, estearato de magnesio vegetal y fosfato dic\u00e1lcico (antiaglomerantes), maltodextrina*, caliza*, d-manitol*, gluconato c\u00e1lcico*, benzoato s\u00f3dico*, dextrina* (de patata, tapioca y yuca), c\u00e1psula vegetal (agente de recubrimiento: celulosa vegetal; humectante: agua purificada). *Usados en peque\u00f1as cantidades para la elaboraci\u00f3n de las enzimas.<\/p>\n<p style=\"padding-left: 40px;\">No Contiene<b>:<\/b> arom\u00e1ticos ni colorantes artificiales, edulcorantes, leche o sus derivados o trigo.<\/p>\n<ul>\n<li><strong>Advertencias<\/strong>: Se recomienda no tomar durante el embarazo y la lactancia o en pacientes con cirug\u00eda reciente. Consultar con el profesional antes de tomar este producto si est\u00e1 en tratamiento con medicaci\u00f3n, especialmente anticoagulantes, o presenta unas condiciones m\u00e9dicas especiales.<\/li>\n<li><strong>Dosis recomendada<\/strong>: 1 c\u00e1psula tres veces al d\u00eda con comida. No tomar con el est\u00f3mago vac\u00edo. S\u00f3lo para uso ocasional.<\/li>\n<\/ul>\n","protected":false},"excerpt":{"rendered":"<p>Enzymas es un complemento alimenticio a base de una amplia gama de enzimas 100% vegetal de alta biodisponibilidad y f\u00e1cil absorci\u00f3n. Expresada en unidades internacionales de actividad enzim\u00e1tica para una mejor valoraci\u00f3n de la actividad. C\u00f3digo: E1349 F\u00f3rmula: Ingredientes:concentrado de enzimas vegetales (proteasa, papa\u00edna de Carica papaya, amilasa, lactasa, lipasa, celulasa, alfa galactosidasa, maltasa, invertasa &hellip; <\/p>\n<p class=\"link-more\"><a href=\"https:\/\/www.naturclic.com\/?product=enzymas-vegetales-60-capsulas\" class=\"more-link\">Continue reading<span class=\"screen-reader-text\"> &#8220;Enzymas Vegetales (60 c\u00e1psulas) Sura Vitasan&#8221;<\/span><\/a><\/p>\n","protected":false},"featured_media":4250,"comment_status":"open","ping_status":"closed","template":"","meta":{"_joinchat":[]},"product_brand":[],"product_cat":[127,126],"product_tag":[],"class_list":{"0":"post-4249","1":"product","2":"type-product","3":"status-publish","4":"has-post-thumbnail","6":"product_cat-nutricion-ortomolecular","7":"product_cat-suplementos-naturales","9":"first","10":"instock","11":"taxable","12":"shipping-taxable","13":"purchasable","14":"product-type-simple"},"_links":{"self":[{"href":"https:\/\/www.naturclic.com\/index.php?rest_route=\/wp\/v2\/product\/4249","targetHints":{"allow":["GET"]}}],"collection":[{"href":"https:\/\/www.naturclic.com\/index.php?rest_route=\/wp\/v2\/product"}],"about":[{"href":"https:\/\/www.naturclic.com\/index.php?rest_route=\/wp\/v2\/types\/product"}],"replies":[{"embeddable":true,"href":"https:\/\/www.naturclic.com\/index.php?rest_route=%2Fwp%2Fv2%2Fcomments&post=4249"}],"wp:featuredmedia":[{"embeddable":true,"href":"https:\/\/www.naturclic.com\/index.php?rest_route=\/wp\/v2\/media\/4250"}],"wp:attachment":[{"href":"https:\/\/www.naturclic.com\/index.php?rest_route=%2Fwp%2Fv2%2Fmedia&parent=4249"}],"wp:term":[{"taxonomy":"product_brand","embeddable":true,"href":"https:\/\/www.naturclic.com\/index.php?rest_route=%2Fwp%2Fv2%2Fproduct_brand&post=4249"},{"taxonomy":"product_cat","embeddable":true,"href":"https:\/\/www.naturclic.com\/index.php?rest_route=%2Fwp%2Fv2%2Fproduct_cat&post=4249"},{"taxonomy":"product_tag","embeddable":true,"href":"https:\/\/www.naturclic.com\/index.php?rest_route=%2Fwp%2Fv2%2Fproduct_tag&post=4249"}],"curies":[{"name":"wp","href":"https:\/\/api.w.org\/{rel}","templated":true}]}}