{"id":4251,"date":"2019-07-11T13:21:51","date_gmt":"2019-07-11T11:21:51","guid":{"rendered":"http:\/\/www.naturclic.com\/?post_type=product&#038;p=4251"},"modified":"2024-08-09T16:28:06","modified_gmt":"2024-08-09T14:28:06","slug":"inmu-max-60-capsulas","status":"publish","type":"product","link":"https:\/\/www.naturclic.com\/?product=inmu-max-60-capsulas","title":{"rendered":"Inmu-Max (60 c\u00e1psulas) Sura Vitasan"},"content":{"rendered":"<p>Inmu-Max es un complemento alimenticio a base de extractos de plantas de alta calidad que trabajan sin\u00e9rgicamente.<\/p>\n<p>Declaraciones saludables<br \/>\nPlantas como el Regal\u00edz, el Astr\u00e1galo, el Ginseng rojo, el Jengibre, la U\u00f1a de gato o el Ginseng siberiano ayudan al normal funcionamiento del sistema inmunitario y el Or\u00e9gano y la Echinacea purpurea apoyan la salud de las v\u00edas respiratorias altas.<\/p>\n<ul>\n<li><strong>C\u00f3digo<\/strong>: E1584<\/li>\n<li><strong>F\u00f3rmula<\/strong>:<\/li>\n<\/ul>\n<p style=\"padding-left: 40px;\">Ingredientes<b>:<\/b> ra\u00edz de Echinacea angustifolia, ra\u00edz de Echinacea purpurea, corteza de Pau d\u2019Arco (Tabebuia avellanedae\/Tabebuia heptaphylla), extracto de semilla de uva (Vitis vinifera), ra\u00edz de regaliz (Glycyrrhiza glabra), extracto de ra\u00edz de astr\u00e1galo (Astragalus membranaceus), hoja y ra\u00edz de ginseng rojo (Panax ginseng), rizoma de jengibre (Zingiber officinalis), corteza de u\u00f1a de gato (Uncaria tomentosa), hojas de yerba mate (Ilex paraguariensis), ra\u00edz de zarzaparrilla mejicana (Smilax aristolochiaefolia), extracto de hojas de or\u00e9gano (Origanum vulgare), extracto de ra\u00edz de ginseng siberiano (Eleutherococcus senticosus), antiaglomerante (estearato de magnesio vegetal), c\u00e1psula vegetal (agente de recubrimiento: hidroxipropilmetilcelulosa; humectante: agua purificada).<\/p>\n<p style=\"padding-left: 40px;\">No Contiene<b>:<\/b> agentes conservantes, aromas artificiales, colorantes artificiales, az\u00facar, leche o sus derivados, almid\u00f3n, levadura, soja, c\u00edtricos o huevo.<\/p>\n<ul>\n<li><strong>Advertencias<\/strong>: Se recomienda no tomar durante el embarzazo y la lactancia. Consultar al profesional antes de tomar este producto si se est\u00e1 en tratamiento con medicaci\u00f3n o presenta unas condiciones m\u00e9dicas especiales. No administrar en caso de alergia conocida a plantas de la familia Asteraceae \/ Compositae \/ margaritas.<\/li>\n<li><strong>Dosis recomendada<\/strong>: Como complemento alimenticio se sugiere tomar de 2 a 4 c\u00e1psulas dos veces al d\u00eda con las comidas.<\/li>\n<\/ul>\n","protected":false},"excerpt":{"rendered":"<p>Inmu-Max es un complemento alimenticio a base de extractos de plantas de alta calidad que trabajan sin\u00e9rgicamente. Declaraciones saludables Plantas como el Regal\u00edz, el Astr\u00e1galo, el Ginseng rojo, el Jengibre, la U\u00f1a de gato o el Ginseng siberiano ayudan al normal funcionamiento del sistema inmunitario y el Or\u00e9gano y la Echinacea purpurea apoyan la salud &hellip; <\/p>\n<p class=\"link-more\"><a href=\"https:\/\/www.naturclic.com\/?product=inmu-max-60-capsulas\" class=\"more-link\">Continue reading<span class=\"screen-reader-text\"> &#8220;Inmu-Max (60 c\u00e1psulas) Sura Vitasan&#8221;<\/span><\/a><\/p>\n","protected":false},"featured_media":4252,"comment_status":"open","ping_status":"closed","template":"","meta":{"_joinchat":[]},"product_brand":[],"product_cat":[127,126],"product_tag":[],"class_list":{"0":"post-4251","1":"product","2":"type-product","3":"status-publish","4":"has-post-thumbnail","6":"product_cat-nutricion-ortomolecular","7":"product_cat-suplementos-naturales","9":"first","10":"instock","11":"taxable","12":"shipping-taxable","13":"purchasable","14":"product-type-simple"},"_links":{"self":[{"href":"https:\/\/www.naturclic.com\/index.php?rest_route=\/wp\/v2\/product\/4251","targetHints":{"allow":["GET"]}}],"collection":[{"href":"https:\/\/www.naturclic.com\/index.php?rest_route=\/wp\/v2\/product"}],"about":[{"href":"https:\/\/www.naturclic.com\/index.php?rest_route=\/wp\/v2\/types\/product"}],"replies":[{"embeddable":true,"href":"https:\/\/www.naturclic.com\/index.php?rest_route=%2Fwp%2Fv2%2Fcomments&post=4251"}],"wp:featuredmedia":[{"embeddable":true,"href":"https:\/\/www.naturclic.com\/index.php?rest_route=\/wp\/v2\/media\/4252"}],"wp:attachment":[{"href":"https:\/\/www.naturclic.com\/index.php?rest_route=%2Fwp%2Fv2%2Fmedia&parent=4251"}],"wp:term":[{"taxonomy":"product_brand","embeddable":true,"href":"https:\/\/www.naturclic.com\/index.php?rest_route=%2Fwp%2Fv2%2Fproduct_brand&post=4251"},{"taxonomy":"product_cat","embeddable":true,"href":"https:\/\/www.naturclic.com\/index.php?rest_route=%2Fwp%2Fv2%2Fproduct_cat&post=4251"},{"taxonomy":"product_tag","embeddable":true,"href":"https:\/\/www.naturclic.com\/index.php?rest_route=%2Fwp%2Fv2%2Fproduct_tag&post=4251"}],"curies":[{"name":"wp","href":"https:\/\/api.w.org\/{rel}","templated":true}]}}