{"id":4280,"date":"2019-07-16T13:08:58","date_gmt":"2019-07-16T11:08:58","guid":{"rendered":"http:\/\/www.naturclic.com\/?post_type=product&#038;p=4280"},"modified":"2024-08-09T16:36:39","modified_gmt":"2024-08-09T14:36:39","slug":"l-glutamina-polvo100-g","status":"publish","type":"product","link":"https:\/\/www.naturclic.com\/?product=l-glutamina-polvo100-g","title":{"rendered":"L-glutamina polvo (100 g) Sura Vitasan"},"content":{"rendered":"<p>Complemento alimenticio a base de L-glutamina en su forma libre y natural para una mayor absorci\u00f3n.<\/p>\n<ul>\n<li><strong>C\u00f3digo<\/strong>: E1584<\/li>\n<li><strong>F\u00f3rmula<\/strong>:<\/li>\n<\/ul>\n<p style=\"padding-left: 40px;\">No Contiene<b>:<\/b> Agentes conservantes, arom\u00e1ticos ni colorantes, levaduras, trigo, az\u00facar, sal o almid\u00f3n.<\/p>\n<ul>\n<li><strong>Advertencias<\/strong>: En caso de embarazo o lactancia consultar con el profesional. Consultar con el profesional antes de tomar este producto si sigue una dieta baja en prote\u00ednas. Este producto no se deber\u00eda tomar en caso de cirrosis hep\u00e1tica o dolencias renales severas.<\/li>\n<li><strong>Dosis recomendada<\/strong>:Polvo: tomar 1 cucharilla (5 g) al d\u00eda con l\u00edquido fr\u00edo. No superar la dosis diaria recomendada.<\/li>\n<\/ul>\n","protected":false},"excerpt":{"rendered":"<p>Complemento alimenticio a base de L-glutamina en su forma libre y natural para una mayor absorci\u00f3n. C\u00f3digo: E1584 F\u00f3rmula: No Contiene: Agentes conservantes, arom\u00e1ticos ni colorantes, levaduras, trigo, az\u00facar, sal o almid\u00f3n. Advertencias: En caso de embarazo o lactancia consultar con el profesional. Consultar con el profesional antes de tomar este producto si sigue una &hellip; <\/p>\n<p class=\"link-more\"><a href=\"https:\/\/www.naturclic.com\/?product=l-glutamina-polvo100-g\" class=\"more-link\">Continue reading<span class=\"screen-reader-text\"> &#8220;L-glutamina polvo (100 g) Sura Vitasan&#8221;<\/span><\/a><\/p>\n","protected":false},"featured_media":4281,"comment_status":"open","ping_status":"closed","template":"","meta":{"_joinchat":[]},"product_brand":[],"product_cat":[127,15,126],"product_tag":[],"class_list":{"0":"post-4280","1":"product","2":"type-product","3":"status-publish","4":"has-post-thumbnail","6":"product_cat-nutricion-ortomolecular","7":"product_cat-sin-categorizar","8":"product_cat-suplementos-naturales","10":"first","11":"instock","12":"taxable","13":"shipping-taxable","14":"purchasable","15":"product-type-simple"},"_links":{"self":[{"href":"https:\/\/www.naturclic.com\/index.php?rest_route=\/wp\/v2\/product\/4280","targetHints":{"allow":["GET"]}}],"collection":[{"href":"https:\/\/www.naturclic.com\/index.php?rest_route=\/wp\/v2\/product"}],"about":[{"href":"https:\/\/www.naturclic.com\/index.php?rest_route=\/wp\/v2\/types\/product"}],"replies":[{"embeddable":true,"href":"https:\/\/www.naturclic.com\/index.php?rest_route=%2Fwp%2Fv2%2Fcomments&post=4280"}],"wp:featuredmedia":[{"embeddable":true,"href":"https:\/\/www.naturclic.com\/index.php?rest_route=\/wp\/v2\/media\/4281"}],"wp:attachment":[{"href":"https:\/\/www.naturclic.com\/index.php?rest_route=%2Fwp%2Fv2%2Fmedia&parent=4280"}],"wp:term":[{"taxonomy":"product_brand","embeddable":true,"href":"https:\/\/www.naturclic.com\/index.php?rest_route=%2Fwp%2Fv2%2Fproduct_brand&post=4280"},{"taxonomy":"product_cat","embeddable":true,"href":"https:\/\/www.naturclic.com\/index.php?rest_route=%2Fwp%2Fv2%2Fproduct_cat&post=4280"},{"taxonomy":"product_tag","embeddable":true,"href":"https:\/\/www.naturclic.com\/index.php?rest_route=%2Fwp%2Fv2%2Fproduct_tag&post=4280"}],"curies":[{"name":"wp","href":"https:\/\/api.w.org\/{rel}","templated":true}]}}