{"id":4290,"date":"2019-07-16T13:49:28","date_gmt":"2019-07-16T11:49:28","guid":{"rendered":"http:\/\/www.naturclic.com\/?post_type=product&#038;p=4290"},"modified":"2024-08-12T15:31:36","modified_gmt":"2024-08-12T13:31:36","slug":"omega-3-1-200mg-120-perlas","status":"publish","type":"product","link":"https:\/\/www.naturclic.com\/?product=omega-3-1-200mg-120-perlas","title":{"rendered":"Omega 3 1.200mg (120 perlas) Sura Vitasan"},"content":{"rendered":"<p>Omega-3 es un complemento alimenticio a base de \u00e1cidos grasos esenciales omega- 3 que proporciona 180 mg de EPA y 120 mg de DHA por perla. El aceite se obtiene a partir de sardinas y anchoas salvajes por destilaci\u00f3n molecular, un m\u00e9todo de purificaci\u00f3n que garantiza un aceite de grado farmac\u00e9utico libre de contaminantes ambientales.<\/p>\n<p><em>\u00a0<\/em><\/p>\n<p><strong><em><em id=\"juntar-linea\">Declaraciones saludables<\/em><br \/>\n(Reglamento UE N\u00ba 432\/2012)<br \/>\n<\/em><\/strong><em>El EPA \u00a0y el DHA contribuyen al funcionamiento normal del coraz\u00f3n. El DHA contribuye a mantener el funcionamiento normal del cerebro y la visi\u00f3n.\u00a0<\/em><em>El efecto beneficioso se obtiene con una ingesta diaria de 250 mg de EPA y DHA.<\/em><\/p>\n<ul>\n<li><strong>C\u00f3digo<\/strong>: E1106<\/li>\n<li><strong>F\u00f3rmula<\/strong>:<\/li>\n<\/ul>\n<p style=\"padding-left: 40px;\">Ingredientes<b>:<\/b>aceite de\u00a0pescado\u00a0salvaje (sardina y anchoa), antioxidante: extracto rico en tocoferoles naturales, perla (agente de recubrimiento: gelatina; humectante: agua purificada y glicerina).<\/p>\n<p style=\"padding-left: 40px;\">No Contiene<b>:<\/b> agentes conservantes, arom\u00e1ticos nicolorantes, az\u00facar, leche o sus derivados, almid\u00f3n, trigo, ma\u00edz o levaduras.<\/p>\n<ul>\n<li><strong>Advertencias<\/strong>:Consultar al profesional en caso de embarazo o lactancia, si est\u00e1 en tratamiento con medicaci\u00f3n o presenta unas condiciones m\u00e9dicas especiales.El aceite de pescado no debe combinarse con poderosos medicamentos anticoagulantes como la warfarina o la heparina, excepto por recomendaci\u00f3n de un profesional de la salud.<\/li>\n<li><strong>Dosis recomendada<\/strong>: 2 perlas media hora despu\u00e9s de desayunar y otras 2 perlas media hora despu\u00e9s de cenar.\u00a0No superar la dosis diaria recomendada.<\/li>\n<\/ul>\n","protected":false},"excerpt":{"rendered":"<p>Omega-3 es un complemento alimenticio a base de \u00e1cidos grasos esenciales omega- 3 que proporciona 180 mg de EPA y 120 mg de DHA por perla. El aceite se obtiene a partir de sardinas y anchoas salvajes por destilaci\u00f3n molecular, un m\u00e9todo de purificaci\u00f3n que garantiza un aceite de grado farmac\u00e9utico libre de contaminantes ambientales. &hellip; <\/p>\n<p class=\"link-more\"><a href=\"https:\/\/www.naturclic.com\/?product=omega-3-1-200mg-120-perlas\" class=\"more-link\">Continue reading<span class=\"screen-reader-text\"> &#8220;Omega 3 1.200mg (120 perlas) Sura Vitasan&#8221;<\/span><\/a><\/p>\n","protected":false},"featured_media":4291,"comment_status":"open","ping_status":"closed","template":"","meta":{"_joinchat":[]},"product_brand":[],"product_cat":[127,126],"product_tag":[],"class_list":{"0":"post-4290","1":"product","2":"type-product","3":"status-publish","4":"has-post-thumbnail","6":"product_cat-nutricion-ortomolecular","7":"product_cat-suplementos-naturales","9":"first","10":"instock","11":"taxable","12":"shipping-taxable","13":"purchasable","14":"product-type-simple"},"_links":{"self":[{"href":"https:\/\/www.naturclic.com\/index.php?rest_route=\/wp\/v2\/product\/4290","targetHints":{"allow":["GET"]}}],"collection":[{"href":"https:\/\/www.naturclic.com\/index.php?rest_route=\/wp\/v2\/product"}],"about":[{"href":"https:\/\/www.naturclic.com\/index.php?rest_route=\/wp\/v2\/types\/product"}],"replies":[{"embeddable":true,"href":"https:\/\/www.naturclic.com\/index.php?rest_route=%2Fwp%2Fv2%2Fcomments&post=4290"}],"wp:featuredmedia":[{"embeddable":true,"href":"https:\/\/www.naturclic.com\/index.php?rest_route=\/wp\/v2\/media\/4291"}],"wp:attachment":[{"href":"https:\/\/www.naturclic.com\/index.php?rest_route=%2Fwp%2Fv2%2Fmedia&parent=4290"}],"wp:term":[{"taxonomy":"product_brand","embeddable":true,"href":"https:\/\/www.naturclic.com\/index.php?rest_route=%2Fwp%2Fv2%2Fproduct_brand&post=4290"},{"taxonomy":"product_cat","embeddable":true,"href":"https:\/\/www.naturclic.com\/index.php?rest_route=%2Fwp%2Fv2%2Fproduct_cat&post=4290"},{"taxonomy":"product_tag","embeddable":true,"href":"https:\/\/www.naturclic.com\/index.php?rest_route=%2Fwp%2Fv2%2Fproduct_tag&post=4290"}],"curies":[{"name":"wp","href":"https:\/\/api.w.org\/{rel}","templated":true}]}}