{"id":4292,"date":"2019-07-16T13:56:00","date_gmt":"2019-07-16T11:56:00","guid":{"rendered":"http:\/\/www.naturclic.com\/?post_type=product&#038;p=4292"},"modified":"2024-08-12T15:35:34","modified_gmt":"2024-08-12T13:35:34","slug":"osto-fort-180-capsulas","status":"publish","type":"product","link":"https:\/\/www.naturclic.com\/?product=osto-fort-180-capsulas","title":{"rendered":"Osto-Fort 180 c\u00e1psulas Sura Vitasan"},"content":{"rendered":"<p>Osto-Fort es un complemento alimenticio a base de hidroxiapatita microcristalina, vitaminas, minerales, extractos de plantas y amino\u00e1cidos que aporta calcio, f\u00f3sforo y col\u00e1geno org\u00e1nico de m\u00e1xima asimilaci\u00f3n junto con el m\u00e1s completo apoyo de cofactores de ayuda en el mantenimiento de la salud \u00f3sea.<\/p>\n<p>&nbsp;<\/p>\n<p><strong><em id=\"juntar-linea\">Declaraciones saludables<\/em><\/strong><br \/>\n<strong><em>(Reglamento UE N\u00ba 432\/2012)<\/em><\/strong><br \/>\n<em>El calcio, f\u00f3sforo, \u00a0manganeso, zinc,vitamina D y vitamina K, son necesarios para el mantenimiento de los huesos en condiciones normales. La vitamina C contribuye a la formaci\u00f3n natural de col\u00e1geno para el funcionamiento normal de los cart\u00edlagos y huesos.<\/em><\/p>\n<ul>\n<li><strong>C\u00f3digo<\/strong>: E542<\/li>\n<li><strong>F\u00f3rmula<\/strong>:<\/li>\n<\/ul>\n<p style=\"padding-left: 40px;\">Ingredientes<b>: <\/b>Hidroxiapatita microcristalina (calcio, proteinas, fosforo), bisglicinato de magnesio, monoclorhidrato de L-lisina, L-prolina, sulfato de glucosamina (libre de sodio), acido L-ascorbico, antiaglomerantes (estearato de magnesio vegetal, dioxido de silicio), aroma natural de menta, citrato de boro, extracto de semilla de uva (Vitis vinifera), extracto de hojas de t\u00e9 verde (Camellia sinensis), extracto de parte aerea de cola de caballo (Equisetum arvense), licopeno, mono-L-metionina-sulfato de Zinc, extracto de raiz de c\u00farcuma (Curcuma longa), vitamina B12 (metilcobalamina), luteina (de Calendula officinalis), vitamina D3 (colecalciferol), citrato de manganeso, vitamina K2 (menaquinona-4),L-metilfolato calcico, clorhidrato de tiamina, citrato cuprico, vitamina K2 (menaquinona-7), maltodextrina, capsula vegetal (agente de recubrimiento: hidroxipropilmetilcelulosa; humectante: agua purificada).<\/p>\n<p style=\"padding-left: 40px;\">No Contiene<b>:<\/b> Agentes conservantes, arom\u00e1ticos ni colorantes, az\u00facar, leche o sus derivados, trigo, soja o levaduras.<\/p>\n<p style=\"padding-left: 40px;\">Contiene<b>:<\/b> trazas de crust\u00e1ceos<\/p>\n<ul>\n<li><strong>Advertencias<\/strong>: Se recomienda no tomar durante el embarazo y la lactancia y consultar con el profesional antes de tomar este producto si est\u00e1 en tratamiento con medicaci\u00f3n o presenta unas condiciones m\u00e9dicas especiales.<\/li>\n<li><strong>Dosis recomendada<\/strong>:Como complemento alimenticio se sugiere tomar 1 \u00f3 2 c\u00e1psulas, 3 veces al d\u00eda con las comidas o seguir las indicaciones de un especialista.<\/li>\n<\/ul>\n","protected":false},"excerpt":{"rendered":"<p>Osto-Fort es un complemento alimenticio a base de hidroxiapatita microcristalina, vitaminas, minerales, extractos de plantas y amino\u00e1cidos que aporta calcio, f\u00f3sforo y col\u00e1geno org\u00e1nico de m\u00e1xima asimilaci\u00f3n junto con el m\u00e1s completo apoyo de cofactores de ayuda en el mantenimiento de la salud \u00f3sea. &nbsp; Declaraciones saludables (Reglamento UE N\u00ba 432\/2012) El calcio, f\u00f3sforo, \u00a0manganeso, &hellip; <\/p>\n<p class=\"link-more\"><a href=\"https:\/\/www.naturclic.com\/?product=osto-fort-180-capsulas\" class=\"more-link\">Continue reading<span class=\"screen-reader-text\"> &#8220;Osto-Fort 180 c\u00e1psulas Sura Vitasan&#8221;<\/span><\/a><\/p>\n","protected":false},"featured_media":4293,"comment_status":"open","ping_status":"closed","template":"","meta":{"_joinchat":[]},"product_brand":[],"product_cat":[127,126],"product_tag":[],"class_list":{"0":"post-4292","1":"product","2":"type-product","3":"status-publish","4":"has-post-thumbnail","6":"product_cat-nutricion-ortomolecular","7":"product_cat-suplementos-naturales","9":"first","10":"instock","11":"taxable","12":"shipping-taxable","13":"purchasable","14":"product-type-simple"},"_links":{"self":[{"href":"https:\/\/www.naturclic.com\/index.php?rest_route=\/wp\/v2\/product\/4292","targetHints":{"allow":["GET"]}}],"collection":[{"href":"https:\/\/www.naturclic.com\/index.php?rest_route=\/wp\/v2\/product"}],"about":[{"href":"https:\/\/www.naturclic.com\/index.php?rest_route=\/wp\/v2\/types\/product"}],"replies":[{"embeddable":true,"href":"https:\/\/www.naturclic.com\/index.php?rest_route=%2Fwp%2Fv2%2Fcomments&post=4292"}],"wp:featuredmedia":[{"embeddable":true,"href":"https:\/\/www.naturclic.com\/index.php?rest_route=\/wp\/v2\/media\/4293"}],"wp:attachment":[{"href":"https:\/\/www.naturclic.com\/index.php?rest_route=%2Fwp%2Fv2%2Fmedia&parent=4292"}],"wp:term":[{"taxonomy":"product_brand","embeddable":true,"href":"https:\/\/www.naturclic.com\/index.php?rest_route=%2Fwp%2Fv2%2Fproduct_brand&post=4292"},{"taxonomy":"product_cat","embeddable":true,"href":"https:\/\/www.naturclic.com\/index.php?rest_route=%2Fwp%2Fv2%2Fproduct_cat&post=4292"},{"taxonomy":"product_tag","embeddable":true,"href":"https:\/\/www.naturclic.com\/index.php?rest_route=%2Fwp%2Fv2%2Fproduct_tag&post=4292"}],"curies":[{"name":"wp","href":"https:\/\/api.w.org\/{rel}","templated":true}]}}