{"id":4295,"date":"2019-07-26T11:59:33","date_gmt":"2019-07-26T09:59:33","guid":{"rendered":"http:\/\/www.naturclic.com\/?post_type=product&#038;p=4295"},"modified":"2024-08-12T15:35:56","modified_gmt":"2024-08-12T13:35:56","slug":"osto-fort-vegetariano-180-capsulas","status":"publish","type":"product","link":"https:\/\/www.naturclic.com\/?product=osto-fort-vegetariano-180-capsulas","title":{"rendered":"OstoFort Vegetariano 180 c\u00e1psulas Sura Vitasan"},"content":{"rendered":"<p>Osto-Fort Vegetariano* es un complemento alimenticio a base de trifosfato c\u00e1lcico, vitaminas, minerales, extractos de plantas y amino\u00e1cidos que aporta calcio y f\u00f3sforo de m\u00e1xima asimilaci\u00f3n junto con el m\u00e1s completo apoyo de cofactores de ayuda en el mantenimiento de la salud \u00f3sea.<\/p>\n<p>*Contiene vitamina D3 obtenida de lanolina.<\/p>\n<p><em><strong>Declaraciones saludables (Reglamento UE N\u00ba 432\/2012)<\/strong><\/em><\/p>\n<p><em><strong>El calcio, f\u00f3sforo, magnesio, manganeso, zinc, vitamina D y vitamina K, son necesarios para el mantenimiento de los huesos en condiciones normales. La vitamina C contribuye a la formaci\u00f3n normal de col\u00e1geno para el funcionamiento normal de los cart\u00edlagos y huesos.<\/strong><\/em><\/p>\n<ul>\n<li><strong>C\u00f3digo<\/strong>: E2155<\/li>\n<li><strong>F\u00f3rmula<\/strong>:<\/li>\n<\/ul>\n<p style=\"padding-left: 40px;\">Ingredientes<b>:<\/b>sales c\u00e1lcicas de \u00e1cido ortofosf\u00f3rico (fosfato tric\u00e1lcico), bisglicinato de magnesio, monoclorhidrato de L-lisina, L-prolina, clorhidrato de glucosamina vegetal (de Aspergillus niger), \u00e1cido L-asc\u00f3rbico (vit. C), antiaglomerantes: estearato de magnesio vegetal y di\u00f3xido de silicio, aroma natural de menta, \u00e1cido b\u00f3rico, extracto de semilla de uva (Vitis vinifera), extracto de hojas de t\u00e9 verde (Camellia sinensis), extracto de parte a\u00e9rea de cola de caballo (Equisetum arvense), licopeno (de Lycopersicon esculentum), mono-L-metionina-sulfato de zinc, extracto de ra\u00edz de c\u00farcuma (Curcuma longa), metilcobalamina (vit. B12), lute\u00edna (de Tagetes erecta), vitamina D3 (colecalciferol), citrato de manganeso, menaquinona-4 (vit. K2), \u00e1cido pteroilmonoglut\u00e1mico, clorhidrato de tiamina (vit. B1), citrato c\u00faprico, menaquinona-7 (vit. K2), c\u00e1psula vegetal (agente de recubrimiento: hidroxipropilmetilcelulosa; humectante: agua purificada).<\/p>\n<p style=\"padding-left: 40px;\">No Contiene<b>:<\/b> soja, huevo, leche o sus derivados, c\u00edtricos, agentes conservantes, aromas artificiales, colorantes artificiales o az\u00facar.<\/p>\n<ul>\n<li><strong>Advertencias<\/strong>: Se recomienda no tomar durante el embarazo y la lactancia. Consultar con el profesional antes de tomar este producto si est\u00e1 en tratamiento con medicaci\u00f3n<br \/>\n(anticoagulantes) o presenta unas condiciones m\u00e9dicas especiales.<\/li>\n<li><strong>Dosis recomendada<\/strong>:3 c\u00e1psulas de una a dos veces al d\u00eda con comida. Preferiblemente espaciar la toma de medicaci\u00f3n.<\/li>\n<\/ul>\n","protected":false},"excerpt":{"rendered":"<p>Osto-Fort Vegetariano* es un complemento alimenticio a base de trifosfato c\u00e1lcico, vitaminas, minerales, extractos de plantas y amino\u00e1cidos que aporta calcio y f\u00f3sforo de m\u00e1xima asimilaci\u00f3n junto con el m\u00e1s completo apoyo de cofactores de ayuda en el mantenimiento de la salud \u00f3sea. *Contiene vitamina D3 obtenida de lanolina. Declaraciones saludables (Reglamento UE N\u00ba 432\/2012) &hellip; <\/p>\n<p class=\"link-more\"><a href=\"https:\/\/www.naturclic.com\/?product=osto-fort-vegetariano-180-capsulas\" class=\"more-link\">Continue reading<span class=\"screen-reader-text\"> &#8220;OstoFort Vegetariano 180 c\u00e1psulas Sura Vitasan&#8221;<\/span><\/a><\/p>\n","protected":false},"featured_media":4296,"comment_status":"open","ping_status":"closed","template":"","meta":{"_joinchat":[]},"product_brand":[],"product_cat":[127,15,126],"product_tag":[],"class_list":{"0":"post-4295","1":"product","2":"type-product","3":"status-publish","4":"has-post-thumbnail","6":"product_cat-nutricion-ortomolecular","7":"product_cat-sin-categorizar","8":"product_cat-suplementos-naturales","10":"first","11":"instock","12":"taxable","13":"shipping-taxable","14":"purchasable","15":"product-type-simple"},"_links":{"self":[{"href":"https:\/\/www.naturclic.com\/index.php?rest_route=\/wp\/v2\/product\/4295","targetHints":{"allow":["GET"]}}],"collection":[{"href":"https:\/\/www.naturclic.com\/index.php?rest_route=\/wp\/v2\/product"}],"about":[{"href":"https:\/\/www.naturclic.com\/index.php?rest_route=\/wp\/v2\/types\/product"}],"replies":[{"embeddable":true,"href":"https:\/\/www.naturclic.com\/index.php?rest_route=%2Fwp%2Fv2%2Fcomments&post=4295"}],"wp:featuredmedia":[{"embeddable":true,"href":"https:\/\/www.naturclic.com\/index.php?rest_route=\/wp\/v2\/media\/4296"}],"wp:attachment":[{"href":"https:\/\/www.naturclic.com\/index.php?rest_route=%2Fwp%2Fv2%2Fmedia&parent=4295"}],"wp:term":[{"taxonomy":"product_brand","embeddable":true,"href":"https:\/\/www.naturclic.com\/index.php?rest_route=%2Fwp%2Fv2%2Fproduct_brand&post=4295"},{"taxonomy":"product_cat","embeddable":true,"href":"https:\/\/www.naturclic.com\/index.php?rest_route=%2Fwp%2Fv2%2Fproduct_cat&post=4295"},{"taxonomy":"product_tag","embeddable":true,"href":"https:\/\/www.naturclic.com\/index.php?rest_route=%2Fwp%2Fv2%2Fproduct_tag&post=4295"}],"curies":[{"name":"wp","href":"https:\/\/api.w.org\/{rel}","templated":true}]}}