{"id":4302,"date":"2019-07-26T12:33:34","date_gmt":"2019-07-26T10:33:34","guid":{"rendered":"http:\/\/www.naturclic.com\/?post_type=product&#038;p=4302"},"modified":"2024-08-12T15:42:45","modified_gmt":"2024-08-12T13:42:45","slug":"rena-san-90-capsulas","status":"publish","type":"product","link":"https:\/\/www.naturclic.com\/?product=rena-san-90-capsulas","title":{"rendered":"Rena-San 90 c\u00e1psulas Sura Vitasan"},"content":{"rendered":"<p>Rena-San es un complemento alimenticio a base de una combinaci\u00f3n de 15 plantas seleccionadas cuidadosamente para un perfecto equilibrio sin\u00e9rgico. Combina entre otras extracto de ar\u00e1ndano, malvavisco, vara de oro, esp\u00e1rrago, buch\u00fa, jenjibre o perejil aportando un total de 651 mg por cada c\u00e1psula.<\/p>\n<ul>\n<li><strong>C\u00f3digo<\/strong>: E1382<\/li>\n<li><strong>F\u00f3rmula<\/strong>:<\/li>\n<\/ul>\n<p style=\"padding-left: 40px;\">Ingredientes<b>:<\/b>Ar\u00e1ndano extracto (Vaccinium macrocarpon), Malvavisco ra\u00edz (Althea officinalis), Orosif\u00f3n extracto (Orthosiphon aristatus), Vara de oro hoja (Solidago virgaurea),Esp\u00e1rrago (Asparagus officinalis), Buch\u00fa hojas (Agathosma betulina), Jengibre ra\u00edz (Zingiber officinale), Perejil hojas (Petroselinum crispum), Abedul hojas (Betula pubescens), Gayuba hoja extracto (Arctostaphylos uva-ursi) (10 % arbutina), Cayena (Capsicum annuum), Seda de ma\u00edz extracto (Zea mays), Enebro bayas (Juniperus communis), Pimienta negra extracto (Piper nigrum) (95% piperina)Antiaglomerante: estearato de magnesio vegetal.C\u00e1psula vegetal (agente de recubrimiento: hidroxipropilmetilcelulosa; agua purificada).<\/p>\n<p style=\"padding-left: 40px;\">No Contiene<b>:<\/b> Agentes conservantes, arom\u00e1ticos ni colorantes, az\u00facar, leche o sus derivados, almid\u00f3n, trigo, soja o levaduras.<\/p>\n<ul>\n<li><strong>Advertencias<\/strong>: Se recomienda no tomar durante el embarazo y la lactancia o si presenta alergia conocida a plantas de la familia\u00a0<em>Asteraceae\/Compositae<\/em>. Consultar con el profesional antes de tomar este producto si est\u00e1 en tratamiento con medicaci\u00f3n o presenta unas condiciones m\u00e9dicas especiales.<\/li>\n<li><strong>Dosis recomendada<\/strong>: Como complemento alimenticio se sugiere tomar 1 c\u00e1psula 3 veces al d\u00eda entre comidas, o seguir las indicaciones de un especialista.<\/li>\n<\/ul>\n","protected":false},"excerpt":{"rendered":"<p>Rena-San es un complemento alimenticio a base de una combinaci\u00f3n de 15 plantas seleccionadas cuidadosamente para un perfecto equilibrio sin\u00e9rgico. Combina entre otras extracto de ar\u00e1ndano, malvavisco, vara de oro, esp\u00e1rrago, buch\u00fa, jenjibre o perejil aportando un total de 651 mg por cada c\u00e1psula. C\u00f3digo: E1382 F\u00f3rmula: Ingredientes:Ar\u00e1ndano extracto (Vaccinium macrocarpon), Malvavisco ra\u00edz (Althea officinalis), &hellip; <\/p>\n<p class=\"link-more\"><a href=\"https:\/\/www.naturclic.com\/?product=rena-san-90-capsulas\" class=\"more-link\">Continue reading<span class=\"screen-reader-text\"> &#8220;Rena-San 90 c\u00e1psulas Sura Vitasan&#8221;<\/span><\/a><\/p>\n","protected":false},"featured_media":4303,"comment_status":"open","ping_status":"closed","template":"","meta":{"_joinchat":[]},"product_brand":[],"product_cat":[127,126],"product_tag":[],"class_list":{"0":"post-4302","1":"product","2":"type-product","3":"status-publish","4":"has-post-thumbnail","6":"product_cat-nutricion-ortomolecular","7":"product_cat-suplementos-naturales","9":"first","10":"instock","11":"taxable","12":"shipping-taxable","13":"purchasable","14":"product-type-simple"},"_links":{"self":[{"href":"https:\/\/www.naturclic.com\/index.php?rest_route=\/wp\/v2\/product\/4302","targetHints":{"allow":["GET"]}}],"collection":[{"href":"https:\/\/www.naturclic.com\/index.php?rest_route=\/wp\/v2\/product"}],"about":[{"href":"https:\/\/www.naturclic.com\/index.php?rest_route=\/wp\/v2\/types\/product"}],"replies":[{"embeddable":true,"href":"https:\/\/www.naturclic.com\/index.php?rest_route=%2Fwp%2Fv2%2Fcomments&post=4302"}],"wp:featuredmedia":[{"embeddable":true,"href":"https:\/\/www.naturclic.com\/index.php?rest_route=\/wp\/v2\/media\/4303"}],"wp:attachment":[{"href":"https:\/\/www.naturclic.com\/index.php?rest_route=%2Fwp%2Fv2%2Fmedia&parent=4302"}],"wp:term":[{"taxonomy":"product_brand","embeddable":true,"href":"https:\/\/www.naturclic.com\/index.php?rest_route=%2Fwp%2Fv2%2Fproduct_brand&post=4302"},{"taxonomy":"product_cat","embeddable":true,"href":"https:\/\/www.naturclic.com\/index.php?rest_route=%2Fwp%2Fv2%2Fproduct_cat&post=4302"},{"taxonomy":"product_tag","embeddable":true,"href":"https:\/\/www.naturclic.com\/index.php?rest_route=%2Fwp%2Fv2%2Fproduct_tag&post=4302"}],"curies":[{"name":"wp","href":"https:\/\/api.w.org\/{rel}","templated":true}]}}