{"id":4310,"date":"2019-07-26T13:28:26","date_gmt":"2019-07-26T11:28:26","guid":{"rendered":"http:\/\/www.naturclic.com\/?post_type=product&#038;p=4310"},"modified":"2024-08-08T13:11:38","modified_gmt":"2024-08-08T11:11:38","slug":"aceite-de-semillas-de-lino-90-perlas","status":"publish","type":"product","link":"https:\/\/www.naturclic.com\/?product=aceite-de-semillas-de-lino-90-perlas","title":{"rendered":"Aceite de Semillas de Lino (90 perlas) Sura Vitasan"},"content":{"rendered":"<p>Aceite obtenido de semillas de lino 100% cultivo biol\u00f3gico de primera presi\u00f3n en fr\u00edo para mantener intactas todas sus cualidades nutritivas. Se trata de una excelente alternativa como fuente vegetal de \u00c1cido \u03b1-linol\u00e9nico, un \u00e1cido graso esencial Omega-3 precursor directo de los \u00e1cidos grasos omega-3, EPA y DHA. Adem\u00e1s, tambi\u00e9n es fuente de \u00c1cido linoleico (LA), un \u00e1cido graso poliinsaturado de la serie Omega-6 que, al igual que el \u00c1cido \u03b1-linol\u00e9nico, ayuda a mantener los niveles de colesterol.<\/p>\n<p><strong><em>Declaraciones saludables<\/em><\/strong><br \/>\n<strong><em>(Reglamento UE N\u00ba 432\/2012)<\/em><\/strong><br \/>\n<em>El acido alfa-linol\u00e9nico y el \u00e1cido linoleico contribuyen a mantener niveles normales del colesterol sangu\u00edneo.<\/em><\/p>\n<ul>\n<li><strong>C\u00f3digo<\/strong>: E183<\/li>\n<li><strong>F\u00f3rmula<\/strong>:<\/li>\n<\/ul>\n<p style=\"padding-left: 40px;\">Ingredientes<b>:<\/b>Aceite de semillas de lino prensado en fr\u00edo (<em>Linum usitatissimum<\/em>)de cultivo org\u00e1nico , tocoferoles mixtos naturales, extracto de annatto (<em>Bixa orellana<\/em>), perla (agente de recubrimiento: gelatina; humectante: agua purificada y glicerina).<\/p>\n<p style=\"padding-left: 40px;\">No Contiene<b>:<\/b> soja, ma\u00edz, leche o sus derivados, levadura, agentes conservantes, aromas artificiales, colorantes artificiales, almid\u00f3n o az\u00facar.<\/p>\n<ul>\n<li><strong>Advertencias<\/strong>: Consultar con el profesional antes de tomar este producto en caso de embarazo o lactancia, si est\u00e1 en tratamiento con medicaci\u00f3n (especialmente anticoagulantes) o si presenta unas condiciones m\u00e9dicas especiales.<\/li>\n<li><strong>Dosis recomendada<\/strong>: Como complemento alimenticio se sugiere tomar 2 perlas de 2 a 4 veces al d\u00eda o seguir las indicaciones de un especialista.<\/li>\n<\/ul>\n","protected":false},"excerpt":{"rendered":"<p>Aceite obtenido de semillas de lino 100% cultivo biol\u00f3gico de primera presi\u00f3n en fr\u00edo para mantener intactas todas sus cualidades nutritivas. Se trata de una excelente alternativa como fuente vegetal de \u00c1cido \u03b1-linol\u00e9nico, un \u00e1cido graso esencial Omega-3 precursor directo de los \u00e1cidos grasos omega-3, EPA y DHA. Adem\u00e1s, tambi\u00e9n es fuente de \u00c1cido linoleico &hellip; <\/p>\n<p class=\"link-more\"><a href=\"https:\/\/www.naturclic.com\/?product=aceite-de-semillas-de-lino-90-perlas\" class=\"more-link\">Continue reading<span class=\"screen-reader-text\"> &#8220;Aceite de Semillas de Lino (90 perlas) Sura Vitasan&#8221;<\/span><\/a><\/p>\n","protected":false},"featured_media":4311,"comment_status":"open","ping_status":"closed","template":"","meta":{"_joinchat":[]},"product_brand":[],"product_cat":[141,140,139,137,15],"product_tag":[],"class_list":{"0":"post-4310","1":"product","2":"type-product","3":"status-publish","4":"has-post-thumbnail","6":"product_cat-cosmetica-capilar","7":"product_cat-cosmetica-corporal","8":"product_cat-cosmetica-facial","9":"product_cat-cosmetica-natural","10":"product_cat-sin-categorizar","12":"first","13":"instock","14":"taxable","15":"shipping-taxable","16":"purchasable","17":"product-type-simple"},"_links":{"self":[{"href":"https:\/\/www.naturclic.com\/index.php?rest_route=\/wp\/v2\/product\/4310","targetHints":{"allow":["GET"]}}],"collection":[{"href":"https:\/\/www.naturclic.com\/index.php?rest_route=\/wp\/v2\/product"}],"about":[{"href":"https:\/\/www.naturclic.com\/index.php?rest_route=\/wp\/v2\/types\/product"}],"replies":[{"embeddable":true,"href":"https:\/\/www.naturclic.com\/index.php?rest_route=%2Fwp%2Fv2%2Fcomments&post=4310"}],"wp:featuredmedia":[{"embeddable":true,"href":"https:\/\/www.naturclic.com\/index.php?rest_route=\/wp\/v2\/media\/4311"}],"wp:attachment":[{"href":"https:\/\/www.naturclic.com\/index.php?rest_route=%2Fwp%2Fv2%2Fmedia&parent=4310"}],"wp:term":[{"taxonomy":"product_brand","embeddable":true,"href":"https:\/\/www.naturclic.com\/index.php?rest_route=%2Fwp%2Fv2%2Fproduct_brand&post=4310"},{"taxonomy":"product_cat","embeddable":true,"href":"https:\/\/www.naturclic.com\/index.php?rest_route=%2Fwp%2Fv2%2Fproduct_cat&post=4310"},{"taxonomy":"product_tag","embeddable":true,"href":"https:\/\/www.naturclic.com\/index.php?rest_route=%2Fwp%2Fv2%2Fproduct_tag&post=4310"}],"curies":[{"name":"wp","href":"https:\/\/api.w.org\/{rel}","templated":true}]}}