{"id":4312,"date":"2019-07-26T13:33:00","date_gmt":"2019-07-26T11:33:00","guid":{"rendered":"http:\/\/www.naturclic.com\/?post_type=product&#038;p=4312"},"modified":"2024-08-14T13:16:15","modified_gmt":"2024-08-14T11:16:15","slug":"aceite-de-onagra-90-perlas","status":"publish","type":"product","link":"https:\/\/www.naturclic.com\/?product=aceite-de-onagra-90-perlas","title":{"rendered":"Aceite de Onagra (90 perlas) Sura Vitasan"},"content":{"rendered":"<p>Nuestro aceite de cultivo biol\u00f3gico de la m\u00e1s alta calidad es obtenido de las semillas de onagra (Oenothera biennis) siguiendo un proceso de primera presi\u00f3n en fr\u00edo sin la utilizaci\u00f3n de disolventes y garantiza un aporte m\u00ednimo del 68% de \u00c1cido linoleico (LA) y 10% de \u00c1cido Gamma Linol\u00e9nico (GLA). Adem\u00e1s est\u00e1 enriquecido con Vitamina E de origen natural GMO-free.<\/p>\n<p><strong><em>Declaraciones saludables<\/em><\/strong><br \/>\n<strong><em>(Reglamento UE N\u00ba 432\/2012)<\/em><\/strong><br \/>\n<em>La vitamina E contribuye a la protecci\u00f3n de las c\u00e9lulas frente al da\u00f1o oxidativo.<\/em><\/p>\n<ul>\n<li><strong>C\u00f3digo<\/strong>: E1524<\/li>\n<li><strong>F\u00f3rmula<\/strong>:<\/li>\n<\/ul>\n<p style=\"padding-left: 40px;\">Ingredientes<b>:<\/b>aceite de onagra de cultivo org\u00e1nico(Oenothera biennis), D-alfa-tocoferol (de girasol), perla (agente de recubrimiento: gelatina; humectante: agua purificada y glicerina).<\/p>\n<ul>\n<li><strong>Advertencias<\/strong>: No<\/li>\n<li><strong>Dosis recomendada<\/strong>:Como complemento alimenticio se sugiere tomar de 1 a 2 perlas 3 veces al d\u00eda despu\u00e9s de cada comida o seguir las indicaciones de un especialista.<\/li>\n<\/ul>\n","protected":false},"excerpt":{"rendered":"<p>Nuestro aceite de cultivo biol\u00f3gico de la m\u00e1s alta calidad es obtenido de las semillas de onagra (Oenothera biennis) siguiendo un proceso de primera presi\u00f3n en fr\u00edo sin la utilizaci\u00f3n de disolventes y garantiza un aporte m\u00ednimo del 68% de \u00c1cido linoleico (LA) y 10% de \u00c1cido Gamma Linol\u00e9nico (GLA). Adem\u00e1s est\u00e1 enriquecido con Vitamina &hellip; <\/p>\n<p class=\"link-more\"><a href=\"https:\/\/www.naturclic.com\/?product=aceite-de-onagra-90-perlas\" class=\"more-link\">Continue reading<span class=\"screen-reader-text\"> &#8220;Aceite de Onagra (90 perlas) Sura Vitasan&#8221;<\/span><\/a><\/p>\n","protected":false},"featured_media":4313,"comment_status":"open","ping_status":"closed","template":"","meta":{"_joinchat":[]},"product_brand":[],"product_cat":[137,127,138,126],"product_tag":[],"class_list":{"0":"post-4312","1":"product","2":"type-product","3":"status-publish","4":"has-post-thumbnail","6":"product_cat-cosmetica-natural","7":"product_cat-nutricion-ortomolecular","8":"product_cat-nutricosmetica","9":"product_cat-suplementos-naturales","11":"first","12":"outofstock","13":"taxable","14":"shipping-taxable","15":"purchasable","16":"product-type-simple"},"_links":{"self":[{"href":"https:\/\/www.naturclic.com\/index.php?rest_route=\/wp\/v2\/product\/4312","targetHints":{"allow":["GET"]}}],"collection":[{"href":"https:\/\/www.naturclic.com\/index.php?rest_route=\/wp\/v2\/product"}],"about":[{"href":"https:\/\/www.naturclic.com\/index.php?rest_route=\/wp\/v2\/types\/product"}],"replies":[{"embeddable":true,"href":"https:\/\/www.naturclic.com\/index.php?rest_route=%2Fwp%2Fv2%2Fcomments&post=4312"}],"wp:featuredmedia":[{"embeddable":true,"href":"https:\/\/www.naturclic.com\/index.php?rest_route=\/wp\/v2\/media\/4313"}],"wp:attachment":[{"href":"https:\/\/www.naturclic.com\/index.php?rest_route=%2Fwp%2Fv2%2Fmedia&parent=4312"}],"wp:term":[{"taxonomy":"product_brand","embeddable":true,"href":"https:\/\/www.naturclic.com\/index.php?rest_route=%2Fwp%2Fv2%2Fproduct_brand&post=4312"},{"taxonomy":"product_cat","embeddable":true,"href":"https:\/\/www.naturclic.com\/index.php?rest_route=%2Fwp%2Fv2%2Fproduct_cat&post=4312"},{"taxonomy":"product_tag","embeddable":true,"href":"https:\/\/www.naturclic.com\/index.php?rest_route=%2Fwp%2Fv2%2Fproduct_tag&post=4312"}],"curies":[{"name":"wp","href":"https:\/\/api.w.org\/{rel}","templated":true}]}}