{"id":4328,"date":"2020-01-21T15:53:54","date_gmt":"2020-01-21T14:53:54","guid":{"rendered":"http:\/\/www.naturclic.com\/?post_type=product&#038;p=4328"},"modified":"2025-08-01T12:55:05","modified_gmt":"2025-08-01T10:55:05","slug":"4328","status":"publish","type":"product","link":"https:\/\/www.naturclic.com\/?product=4328","title":{"rendered":"Silapharm Silicio Org\u00e1nico 1L Bambu"},"content":{"rendered":"<p>ARTICULAR*<br \/>\nSILICIO : 4000 MG \/ L<br \/>\nBAMB\u00da &#8211; FUENTE NATURAL VEGETAL<br \/>\nCOMPLEMENTO ALIMENTICIO<br \/>\n* El Manganeso contribuye al mantenimiento de los huesos en condiciones normales.<\/p>\n<p>1000 ml<\/p>\n<p>Debido a su acci\u00f3n dinamizante en la elasticidad y tonicidad de la fibra col\u00e1gena, el silicio org\u00e1nico act\u00faa de manera muy eficaz en toda la trama del organismo humano. Verdadera \u201cmol\u00e9cula locomotora\u201d refuerza los efectos beneficiosos de los productos combinados :<br \/>\n\u2248 Glucosamina (sulfato) es beneficiosa para las articulaciones. Se fabrica por el organismo a partir de la glucosa y de un \u00e1cido aminado. Si debido a una deficiencia metab\u00f3lica agravada por el proceso de envejecimiento, el organismo no produce la cantidad necesaria de glucosamina, los cart\u00edlagos se degeneran y puede aparecer la artrosis. La glucosamina se utiliza para mantener las articulaciones flexibles, es eficaz en los problemas de inflamaci\u00f3n y movilidad de las articulaciones. Alivia los dolores inflamatorios.<br \/>\n\u2248 Condroitina (sulfato) favorece la s\u00edntesis y el mantenimiento de los tejidos cartilaginosos, lucha contra la degradaci\u00f3n de los cart\u00edlagos, reduce la inflamaci\u00f3n de la sinovial en el seno de las articulaciones y mejora la movilidad articular.<br \/>\n\u2248 Manganeso (sulfato) contribuye a la formaci\u00f3n normal del tejido conectivo (presente a nivel del cart\u00edlago y del hueso). Participa en el mantenimiento de los huesos en condiciones normales.<\/p>\n<p>INGREDIENTES : Agua desmineralizada, glicerina, glucosamina sulfato 2 KCI** (crust\u00e1ceos), exudado de bamb\u00fa (Bambusa arundinacea) valorado en silicio, condroitina sulfato** (cart\u00edlagos de pescado), extracto de vainilla, acidificante : \u00e1cido c\u00edtrico, conservante : sorbato de potasio, sulfato de manganeso.<br \/>\n**Contiene pescado, crust\u00e1ceos y moluscos. No recomendado a personas al\u00e9rgicas al pescado, crust\u00e1ceos y moluscos.<\/p>\n<p>Sabor dulce de vainilla<\/p>\n<p>Aporte Diario Recomendado : 2 tap\u00f3nes dosificador por d\u00eda antes de las comidas.<\/p>\n<p>INFORMACIONES NUTRICIONALES : 2 dosis\/20 ml de SILAPHARM\u00ae+ aportan 160 mg de Silicio elemento, 708 mg de glucosamina, 400 mg de condroitina y 3.22 mg de manganeso (es decir 161% VRN).<br \/>\nVRN : Valores de Referencia de Nutrientes<\/p>\n<p>Desaconsejado a ni\u00f1os, adolescentes y mujeres embarazadas o en per\u00edodo de lactancia<\/p>\n","protected":false},"excerpt":{"rendered":"<p>SILICIO : 4000 MG \/ L<br \/>\nBAMB\u00da &#8211; FUENTE NATURAL VEGETAL<br \/>\nCOMPLEMENTO ALIMENTICIO<br \/>\n* El Manganeso contribuye al mantenimiento de los huesos en condiciones normales.<\/p>\n","protected":false},"featured_media":4330,"comment_status":"open","ping_status":"closed","template":"","meta":{"_joinchat":[]},"product_brand":[],"product_cat":[137,129,132,126],"product_tag":[145,144,143],"class_list":{"0":"post-4328","1":"product","2":"type-product","3":"status-publish","4":"has-post-thumbnail","6":"product_cat-cosmetica-natural","7":"product_cat-fitoterapia-extracto-liquido","8":"product_cat-suplementos-deportivos","9":"product_cat-suplementos-naturales","10":"product_tag-bambu","11":"product_tag-organico","12":"product_tag-silicio","14":"first","15":"instock","16":"taxable","17":"shipping-taxable","18":"purchasable","19":"product-type-simple"},"_links":{"self":[{"href":"https:\/\/www.naturclic.com\/index.php?rest_route=\/wp\/v2\/product\/4328","targetHints":{"allow":["GET"]}}],"collection":[{"href":"https:\/\/www.naturclic.com\/index.php?rest_route=\/wp\/v2\/product"}],"about":[{"href":"https:\/\/www.naturclic.com\/index.php?rest_route=\/wp\/v2\/types\/product"}],"replies":[{"embeddable":true,"href":"https:\/\/www.naturclic.com\/index.php?rest_route=%2Fwp%2Fv2%2Fcomments&post=4328"}],"wp:featuredmedia":[{"embeddable":true,"href":"https:\/\/www.naturclic.com\/index.php?rest_route=\/wp\/v2\/media\/4330"}],"wp:attachment":[{"href":"https:\/\/www.naturclic.com\/index.php?rest_route=%2Fwp%2Fv2%2Fmedia&parent=4328"}],"wp:term":[{"taxonomy":"product_brand","embeddable":true,"href":"https:\/\/www.naturclic.com\/index.php?rest_route=%2Fwp%2Fv2%2Fproduct_brand&post=4328"},{"taxonomy":"product_cat","embeddable":true,"href":"https:\/\/www.naturclic.com\/index.php?rest_route=%2Fwp%2Fv2%2Fproduct_cat&post=4328"},{"taxonomy":"product_tag","embeddable":true,"href":"https:\/\/www.naturclic.com\/index.php?rest_route=%2Fwp%2Fv2%2Fproduct_tag&post=4328"}],"curies":[{"name":"wp","href":"https:\/\/api.w.org\/{rel}","templated":true}]}}