{"id":4361,"date":"2020-01-21T16:16:47","date_gmt":"2020-01-21T15:16:47","guid":{"rendered":"http:\/\/www.naturclic.com\/?post_type=product&#038;p=4361"},"modified":"2022-02-03T19:43:51","modified_gmt":"2022-02-03T18:43:51","slug":"sogluc-plus-cfn","status":"publish","type":"product","link":"https:\/\/www.naturclic.com\/?product=sogluc-plus-cfn","title":{"rendered":"Sogluc Plus CFN"},"content":{"rendered":"<p>Composici\u00f3n por c\u00e1psula:<br \/>\n200 mg de gymnema silvestre (25% \u00e1cidos gimn\u00e9micos).<br \/>\n50 mg de extracto de canela china DT2 5:1.<br \/>\n10 mg de extracto de mirtilo (25% antocianidinas).<br \/>\n0,60 mg de polinicotinato de cromo (equivalente a 100 mg de cromo elemental).<br \/>\n25 mg de zinc aminoquelado (equivalente a 5 mg de zinc elemental).<br \/>\n20 mg de vitamina E (alfa tocoferol acetato).<br \/>\n2 mg de vitmaina B6 (piridoxina).<br \/>\n18 mg de vitamina B3 (niacinamida).<br \/>\n2,5 mg de seleniometionina (equivalente a 25 mcg de selenio elemental).<br \/>\n50 mg de \u00e1cido alfa lipoico.<br \/>\n25 mg de extracto de cardo mariano (80% silimarina).<\/p>\n<p>Modo de empleo:<br \/>\nTomar 3 c\u00e1psulas al d\u00eda.<\/p>\n<p>Presentaci\u00f3n:<br \/>\nBote de 60 c\u00e1psulas.<\/p>\n<p>* Los complementos alimenticios no deben utilizarse como sustitutos de una dieta variada y equilibrada. No superar la dosis diaria expresamente recomendada. Mantener fuera del alcance de los ni\u00f1os m\u00e1s peque\u00f1os.<\/p>\n<p>La informaci\u00f3n contenida en nuestra web tiene car\u00e1cter informativo y no puede ser considerada como sustitutiva de la prescripci\u00f3n, diagn\u00f3stico o tratamiento m\u00e9dico. Los resultados de los complementos nutricionales pueden variar en funci\u00f3n de la persona, y el tiempo para obtener los beneficios indicados depender\u00e1 de cada caso.<\/p>\n","protected":false},"excerpt":{"rendered":"<p>Este complemento alimenticio resulta idoneo para tratar la diabetes mellitus insulinodependiente y no insulinodependiente, la diabetes mellitus secundaria a pancreopat\u00edas y los disbalances gluc\u00e9micos gracias a la capacidad de sus ingredientes natural para mantener unos niveles de glucosa saludables en sangre.<\/p>\n","protected":false},"featured_media":4362,"comment_status":"open","ping_status":"closed","template":"","meta":{"_joinchat":[]},"product_brand":[],"product_cat":[131,128,127,15,126],"product_tag":[],"class_list":{"0":"post-4361","1":"product","2":"type-product","3":"status-publish","4":"has-post-thumbnail","6":"product_cat-bajar-peso-saludablemente","7":"product_cat-fitoterapia-capsulas-y-comprimidos","8":"product_cat-nutricion-ortomolecular","9":"product_cat-sin-categorizar","10":"product_cat-suplementos-naturales","12":"first","13":"instock","14":"taxable","15":"shipping-taxable","16":"purchasable","17":"product-type-simple"},"_links":{"self":[{"href":"https:\/\/www.naturclic.com\/index.php?rest_route=\/wp\/v2\/product\/4361","targetHints":{"allow":["GET"]}}],"collection":[{"href":"https:\/\/www.naturclic.com\/index.php?rest_route=\/wp\/v2\/product"}],"about":[{"href":"https:\/\/www.naturclic.com\/index.php?rest_route=\/wp\/v2\/types\/product"}],"replies":[{"embeddable":true,"href":"https:\/\/www.naturclic.com\/index.php?rest_route=%2Fwp%2Fv2%2Fcomments&post=4361"}],"wp:featuredmedia":[{"embeddable":true,"href":"https:\/\/www.naturclic.com\/index.php?rest_route=\/wp\/v2\/media\/4362"}],"wp:attachment":[{"href":"https:\/\/www.naturclic.com\/index.php?rest_route=%2Fwp%2Fv2%2Fmedia&parent=4361"}],"wp:term":[{"taxonomy":"product_brand","embeddable":true,"href":"https:\/\/www.naturclic.com\/index.php?rest_route=%2Fwp%2Fv2%2Fproduct_brand&post=4361"},{"taxonomy":"product_cat","embeddable":true,"href":"https:\/\/www.naturclic.com\/index.php?rest_route=%2Fwp%2Fv2%2Fproduct_cat&post=4361"},{"taxonomy":"product_tag","embeddable":true,"href":"https:\/\/www.naturclic.com\/index.php?rest_route=%2Fwp%2Fv2%2Fproduct_tag&post=4361"}],"curies":[{"name":"wp","href":"https:\/\/api.w.org\/{rel}","templated":true}]}}