{"id":4369,"date":"2020-01-21T18:51:22","date_gmt":"2020-01-21T17:51:22","guid":{"rendered":"http:\/\/www.naturclic.com\/?post_type=product&#038;p=4369"},"modified":"2025-11-17T22:24:32","modified_gmt":"2025-11-17T21:24:32","slug":"juicyvit-sura-vitasan","status":"publish","type":"product","link":"https:\/\/www.naturclic.com\/?product=juicyvit-sura-vitasan","title":{"rendered":"JuicyVit 305g (polvo) Sura Vitasan"},"content":{"rendered":"<p>Ingredientes: inulina (de ra\u00edz de achicoria, Cichorium intybus), bayas de espino amarillo (Hippophae rhamnoides), lecitina (de girasol Helianthus annuus), granada (Punica granatum), bayas de Goji (Lycium barbarum), arabinogalactano (AOS) (de Larix laricina), fresa (Fragaria \u00d7 ananassa), mora (Rubus fruticosus\/Rubus plicatus), flor de hibisco (Hibiscus sabdariffa), \u00e1cido L-asc\u00f3rbico, frambuesa (Rubus idaeus), cereza (Prunus cerasus), fruto de mirtilo (Vaccinium myrtillus), edulcorante: gluc\u00f3sidos de esteviol, extracto de ar\u00e1ndano rojo (Vaccinium macrocarpon), extracto de t\u00e9 verde (Camellia sinensis), extracto de fruto de Ci Li (Rosa roxburghii), fallopia japonica (Polygonum cuspidatum, Reynoutria japonica), Mezcla de bayas (Vaccinium myrtillus y Vitis vinifera), extracto de fruto de mirtilo (Vaccinium myrtillus), extracto de ra\u00edz de astr\u00e1galo (Astragalus membranaceus), baya de sa\u00faco (Sambucus nigra), extracto de piel de uva (Vitis vinifera), extracto de semilla de uva (Vitis vinifera), coenzima Q10 (ubiquinona), extracto flores de tagete (Tagetes erecta), extracto flores de tagete (Tagetes erecta), extracto de tomate (Solanum lycopersicum), extracto de Haematococcus pluvialis.<\/p>\n<p>Informaci\u00f3n nutricional:<\/p>\n<p>2 cucharillas<\/p>\n<p>(10 g)<\/p>\n<p>Espino amarillo(1) (H. rhamnoides)<\/p>\n<p>1.200mg<\/p>\n<p>Granada(1) (Punica granatum)<\/p>\n<p>1.000mg<\/p>\n<p>Goji(1) (Lycium barbarum)<\/p>\n<p>1.000<\/p>\n<p>mg<\/p>\n<p>Fresa(1) (Fragaria \u00d7 ananassa)<\/p>\n<p>400mg<\/p>\n<p>Mora(1) (Rubus fruticosus)<\/p>\n<p>400mg<\/p>\n<p>Frambuesa(1) (Rubus idaeus)<\/p>\n<p>300mg<\/p>\n<p>Cereza(1) (Prunus cerasus)<\/p>\n<p>300mg<\/p>\n<p>Mirtilo(1) (Vaccinium myrtillus)<\/p>\n<p>250mg<\/p>\n<p>Inulina 2.210mg<\/p>\n<p>Lecitina (de girasol) 1.000mg<\/p>\n<p>Arabinogalactano (AOS) 750mg<\/p>\n<p>Hibisco (Hibiscus sabdariffa) 400mg<\/p>\n<p>Vit. C (\u00e1c. L-asc\u00f3rbico)360mg (450%*)<\/p>\n<p>Ar\u00e1ndano rojo (Vaccinium macrocarpon) (107:1) 75mg<\/p>\n<p>T\u00e9 verde (C. sinensis) (75% EGCG) 50mg<\/p>\n<p>Ci Li (Rosa roxburghii) 40mg<\/p>\n<p>P. cuspidatum (50% resveratrol)27,5mg<\/p>\n<p>Astr\u00e1galo (A. membranaceus) (3% astragal\u00f3sidos)25mg<\/p>\n<p>Mirtilo (Vaccinium myrtillus) (25% antocian\u00f3sidos)25mg<\/p>\n<p>Mezcla de bayas (multi-antocianidinas 20%)25mg<\/p>\n<p>Sa\u00faco (Sambucus nigra)25mg<\/p>\n<p>Coenzima Q10 (ubiquinona-10)10mg<\/p>\n<p>Semilla de uva (95% proantocianidinas)10mg<\/p>\n<p>Piel de uva (25% polifenoles)10<br \/>\nmgTagete (T. erecta) (15% lute\u00edna)<\/p>\n<p>2,25<\/p>\n<p>mg<\/p>\n<p>Tagete (T. erecta) (20% \u00e9steres de zeaxantina)2mg<\/p>\n<p>Tomate (S. lycopersicum) (10% licopeno)1mg<\/p>\n<p>H. pluvialis (1,5% astaxantina)375 \u03bcg<\/p>\n<p>*Valor de referencia de nutrientes en %.<\/p>\n<p>(1)Liofilizado en polvo de cultivo org\u00e1nico.<\/p>\n<p>Advertencias<br \/>\nUsar s\u00f3lo en adultos. Se recomienda no tomar durante el embarazo y la lactancia y consultar con el profesional antes de tomar este producto si est\u00e1 en tratamiento<br \/>\ncon medicaci\u00f3n, especialmente anticoagulantes o antiplaquetarios, o presenta unas condiciones m\u00e9dicas especiales. No administrar en caso de alergia conocida o hipersensibilidad al espino amarillo o a plantas de la familia Elaeagnaceae o de la familia Asteraceae\/Compositae\/margaritas.<\/p>\n<p>Dosis recomendada<br \/>\nComo complemento alimenticio se sugiere tomar 2 cucharadillas colmadas (equivalentes a 10 g aprox.) en un vaso de agua (250 ml).<\/p>\n<p>Indicaciones y usos<br \/>\nConcentrado antioxidante de apoyo coadyuvante en: Salud cardiovascular para el buen control del colesterol, presi\u00f3n arterial, glucemia y salud vascular. Sistema inmunitario (procesos infecciosos). Salud cerebral apoyo a la funci\u00f3n cognitiva y prevenci\u00f3n de enfermedades neurodegenerativas asociadas al estr\u00e9s oxidativo. Funci\u00f3n visual (cataratas, glaucoma, degeneraci\u00f3n macular asociada a la edad, retinopat\u00eda diab\u00e9tica\u2026). Salud urinaria (salud de la pr\u00f3stata, bienestar urinario de la mujer). Bienestar general (vitalidad y energ\u00eda). En programas de tratamiento antiedad. Funci\u00f3n intestinal.<\/p>\n","protected":false},"excerpt":{"rendered":"<p>Ofrece un coctel completo para complementar las necesidades nutricionales incluso de las dietas m\u00e1s equilibradas proporcionando en una unica toma al dia la base para mantener una buena salud. Esta innovadora formulacion ha sido elaborada a partir<\/p>\n<p>de frutos de origen organico recolectados en su punto optimo de maduracion y liofilizados rapidamente para garantizar la maxima calidad y riqueza de sus activos que combinados con los nutraceuticos de mayor pureza y eficacia da como resultado un concentrado final unico en la proteccion celular antioxidante neutralizando la accion de los radicales libres que son nocivos para el organismo. De ahi, que esta formula presente innumerables beneficios que van desde el apoyo a la salud cardiovascular, el sistema inmunitario, la funcion visual, la salud digestiva, la salud de la piel y las mucosas y en general es un preparado esencial como apoyo a las terapias antienvejecimiento.<\/p>\n","protected":false},"featured_media":4370,"comment_status":"open","ping_status":"closed","template":"","meta":{"_joinchat":[]},"product_brand":[],"product_cat":[131,137,138,132,126],"product_tag":[],"class_list":{"0":"post-4369","1":"product","2":"type-product","3":"status-publish","4":"has-post-thumbnail","6":"product_cat-bajar-peso-saludablemente","7":"product_cat-cosmetica-natural","8":"product_cat-nutricosmetica","9":"product_cat-suplementos-deportivos","10":"product_cat-suplementos-naturales","12":"first","13":"instock","14":"taxable","15":"shipping-taxable","16":"purchasable","17":"product-type-simple"},"_links":{"self":[{"href":"https:\/\/www.naturclic.com\/index.php?rest_route=\/wp\/v2\/product\/4369","targetHints":{"allow":["GET"]}}],"collection":[{"href":"https:\/\/www.naturclic.com\/index.php?rest_route=\/wp\/v2\/product"}],"about":[{"href":"https:\/\/www.naturclic.com\/index.php?rest_route=\/wp\/v2\/types\/product"}],"replies":[{"embeddable":true,"href":"https:\/\/www.naturclic.com\/index.php?rest_route=%2Fwp%2Fv2%2Fcomments&post=4369"}],"wp:featuredmedia":[{"embeddable":true,"href":"https:\/\/www.naturclic.com\/index.php?rest_route=\/wp\/v2\/media\/4370"}],"wp:attachment":[{"href":"https:\/\/www.naturclic.com\/index.php?rest_route=%2Fwp%2Fv2%2Fmedia&parent=4369"}],"wp:term":[{"taxonomy":"product_brand","embeddable":true,"href":"https:\/\/www.naturclic.com\/index.php?rest_route=%2Fwp%2Fv2%2Fproduct_brand&post=4369"},{"taxonomy":"product_cat","embeddable":true,"href":"https:\/\/www.naturclic.com\/index.php?rest_route=%2Fwp%2Fv2%2Fproduct_cat&post=4369"},{"taxonomy":"product_tag","embeddable":true,"href":"https:\/\/www.naturclic.com\/index.php?rest_route=%2Fwp%2Fv2%2Fproduct_tag&post=4369"}],"curies":[{"name":"wp","href":"https:\/\/api.w.org\/{rel}","templated":true}]}}