{"id":4377,"date":"2020-01-21T19:27:26","date_gmt":"2020-01-21T18:27:26","guid":{"rendered":"http:\/\/www.naturclic.com\/?post_type=product&#038;p=4377"},"modified":"2024-08-08T13:28:24","modified_gmt":"2024-08-08T11:28:24","slug":"ashwagandha-30c-sura-vitasan","status":"publish","type":"product","link":"https:\/\/www.naturclic.com\/?product=ashwagandha-30c-sura-vitasan","title":{"rendered":"Ashwagandha 30c Sura Vitasan"},"content":{"rendered":"<p>ASHVAGANDHA: la ra\u00edz de Withania somn\u00edfera se ha empleado tradicionalmente para tratar los estados de ansiedad e hiperexcitabilidad nerviosa entre otras aplicaciones. En su composici\u00f3n abundan principalmente los witan\u00f3lidos y en menor proporci\u00f3n alcaloides y saponinas. En la monograf\u00eda de la OMS se detalla su actividad antiestr\u00e9s al mejorar el tiempo de reacci\u00f3n, su poder antioxidante, su actividad inmunoestimuladora y su capacidad neuroprotectora (1). En medicina ayurv\u00e9dica se ha empleado por su capacidad adapt\u00f3gena para mejorar la salud f\u00edsica y mental, aumentar la resistencia contra enfermedades y contaminantes externos, as\u00ed como para aumentar la longevidad (2-4).<\/p>\n<p>Diversos estudios sobre la ashwagandha y su efecto sobre la ansiedad y el estr\u00e9s cr\u00f3nico han demostrado su efectividad en la mejora de los \u00edndices de ansiedad, la salud mental, la concentraci\u00f3n, la fatiga, la vitalidad y la calidad de vida en general, as\u00ed como una reducci\u00f3n significativa del estr\u00e9s reduciendo los niveles s\u00e9ricos de cortisol (5-7).<\/p>\n<p>La suplementaci\u00f3n con ashwagandha se asocia con aumentos significativos en la masa muscular y la fuerza, y sugiere que la ashwagandha podr\u00eda ser \u00fatil como suplementaci\u00f3n en un programa de entrenamiento de resistencia (8).<\/p>\n<p>Varios estudios preliminares mostraron una reducci\u00f3n en la fatiga asociada la quimioterapia y una mejor\u00eda en la calidad de vida en pacientes con c\u00e1ncer de mama, con una mejora en la tendencia de la supervivencia general (9,10).<\/p>\n<p>La disfunci\u00f3n sexual femenina incluye a distintos trastornos que dan como resultado una disminuci\u00f3n de la libido, sequedad en la vagina, reducci\u00f3n de la percepci\u00f3n genital, reducci\u00f3n de la excitaci\u00f3n, dolor durante el coito y problemas para alcanzar el orgasmo y se deben principalmente a manifestaciones neurovasculares, hormonales o psic\u00f3genas. El extracto de ashwagandha podr\u00eda mejorar los s\u00edntomas de la disfunci\u00f3n sexual femenina como excitaci\u00f3n, lubricaci\u00f3n, orgasmo y satisfacci\u00f3n (11).<\/p>\n<p>Los resultados de diversos estudios sugieren que la ashwagandha podr\u00eda emplearse como terapia para el manejo cl\u00ednico y el tratamiento de la infertilidad masculina. Mejora la calidad del esperma y repara las concentraciones alteradas de lactato, alanina, citrato, glicerofosfocolina, histidina y fenilalanina en el plasma seminal. Tambi\u00e9n redujo el estr\u00e9s oxidativo, inhibi\u00f3 la peroxidaci\u00f3n lip\u00eddica disminuyendo los niveles de varios oxidantes y mejorando el nivel de diversos antioxidantes. Adem\u00e1s tambi\u00e9n aumentaron los niveles de testosterona y LH y se redujeron los niveles de FSH y prolactina asociados a una mejora en la fertilidad (12-14).<\/p>\n<p>La ashwagandha parece ser capaz de mejorar la memoria de trabajo auditivo-verbal, una medida de la cognici\u00f3n en el trastorno bipolar (15), as\u00ed como de ser beneficioso como coadyuvante en el tratamiento del trastorno obsesivo-compulsivo (16).<\/p>\n","protected":false},"excerpt":{"rendered":"<p>a ashwagandha parece ser capaz de mejorar la memoria de trabajo auditivo-verbal, una medida de la cognici\u00f3n en el trastorno bipolar (15), as\u00ed como de ser beneficioso como coadyuvante en el tratamiento del trastorno obsesivo-compulsivo (16<\/p>\n","protected":false},"featured_media":4378,"comment_status":"open","ping_status":"closed","template":"","meta":{"_joinchat":[]},"product_brand":[],"product_cat":[128,127,126],"product_tag":[],"class_list":{"0":"post-4377","1":"product","2":"type-product","3":"status-publish","4":"has-post-thumbnail","6":"product_cat-fitoterapia-capsulas-y-comprimidos","7":"product_cat-nutricion-ortomolecular","8":"product_cat-suplementos-naturales","10":"first","11":"instock","12":"taxable","13":"shipping-taxable","14":"purchasable","15":"product-type-simple"},"_links":{"self":[{"href":"https:\/\/www.naturclic.com\/index.php?rest_route=\/wp\/v2\/product\/4377","targetHints":{"allow":["GET"]}}],"collection":[{"href":"https:\/\/www.naturclic.com\/index.php?rest_route=\/wp\/v2\/product"}],"about":[{"href":"https:\/\/www.naturclic.com\/index.php?rest_route=\/wp\/v2\/types\/product"}],"replies":[{"embeddable":true,"href":"https:\/\/www.naturclic.com\/index.php?rest_route=%2Fwp%2Fv2%2Fcomments&post=4377"}],"wp:featuredmedia":[{"embeddable":true,"href":"https:\/\/www.naturclic.com\/index.php?rest_route=\/wp\/v2\/media\/4378"}],"wp:attachment":[{"href":"https:\/\/www.naturclic.com\/index.php?rest_route=%2Fwp%2Fv2%2Fmedia&parent=4377"}],"wp:term":[{"taxonomy":"product_brand","embeddable":true,"href":"https:\/\/www.naturclic.com\/index.php?rest_route=%2Fwp%2Fv2%2Fproduct_brand&post=4377"},{"taxonomy":"product_cat","embeddable":true,"href":"https:\/\/www.naturclic.com\/index.php?rest_route=%2Fwp%2Fv2%2Fproduct_cat&post=4377"},{"taxonomy":"product_tag","embeddable":true,"href":"https:\/\/www.naturclic.com\/index.php?rest_route=%2Fwp%2Fv2%2Fproduct_tag&post=4377"}],"curies":[{"name":"wp","href":"https:\/\/api.w.org\/{rel}","templated":true}]}}