{"id":4536,"date":"2020-01-28T16:45:18","date_gmt":"2020-01-28T15:45:18","guid":{"rendered":"http:\/\/www.naturclic.com\/?post_type=product&#038;p=4536"},"modified":"2024-08-09T16:26:06","modified_gmt":"2024-08-09T14:26:06","slug":"gaba-60c-sura-vitasan","status":"publish","type":"product","link":"https:\/\/www.naturclic.com\/?product=gaba-60c-sura-vitasan","title":{"rendered":"Gaba 60c Sura Vitasan"},"content":{"rendered":"<p>DESCRIPCI\u00d3N: el \u00e1cido gamma\u2011aminobut\u00edrico (GABA) es el compuesto fundamental empleado por las c\u00e9lulas nerviosas como mecanismo de defensa para el estr\u00e9s. Se une a receptores espec\u00edficos de las neuronas: una vez que estos receptores GABA se bloquean, las neuronas se abren para permitir que los iones cargados negativamente pasen a trav\u00e9s de ellos, lo que reduce la excitabilidad de las neuronas y por lo tanto el estr\u00e9s. Nuestra f\u00f3rmula tambi\u00e9n contiene piridoxal-5&#8242;-fosfato, la forma coenzimada de la vitamina B6 y la que es biol\u00f3gicamente activa, precursor vital para la s\u00edntesis de neurotransmisores.<\/p>\n<p>El \u00e1cido gamma-aminobut\u00edrico (GABA) es el principal neurotransmisor inhibitorio del cerebro, lo que significa que contrarresta las se\u00f1ales excitadoras y promueve la calma. Se cree que los medicamentos ansiol\u00edticos como el lorazepam y la zoplicona afectan el receptor GABA, sin embargo estos medicamentos provocan dependencia.<\/p>\n<p>El GABA de SuraVitasan es un suplemento para promover la relajaci\u00f3n y reducir la tensi\u00f3n nerviosa sin ning\u00fan efecto secundario conocido.<\/p>\n<p>GABA: su existencia en el tejido nervioso garantiza el equilibrio entre excitaci\u00f3n e inhibici\u00f3n neuronal, un requisito fundamental en la funci\u00f3n sensitiva, cognitiva y motora. Se trata de un neurotransmisor inhibidor que reduce la excitabilidad del sistema nervioso y aumenta la actividad de la onda alfa dentro del cerebro, sin\u00f3nimo de un estado de \u00e1nimo relajado (1).<\/p>\n<p>En un estudio realizado en humanos una hora despu\u00e9s de la administraci\u00f3n oral de GABA aumentaron significativamente las ondas alfa y disminuyeron las ondas beta en comparaci\u00f3n con los pacientes tratados con agua o L-teanina; lo que indica que el GABA no solo induce a la relajaci\u00f3n sino que tambi\u00e9n reduce la ansiedad. Adem\u00e1s en este mismo estudio mostr\u00f3 que el GABA podr\u00eda mejorar la inmunidad en situaciones de estr\u00e9s (2).<\/p>\n<p>GABA acorta significativamente la latencia del sue\u00f1o e incrementa el tiempo total de sue\u00f1o en la fase no -REM (3).<\/p>\n<p>Diversos estudios han demostrado que la suplementaci\u00f3n oral con GABA puede reducir la tensi\u00f3n arterial (4-6).<\/p>\n<p>VITAMINA B6: el derivado \u00e9ster fosfato, piridoxal-5\u2019-fosfato, es la forma co-enzim\u00e1tica bioactiva que mejor se absorbe y que juega un papel vital en la funci\u00f3n de aproximadamente 100 enzimas que catalizan reacciones qu\u00edmicas esenciales en procesos metab\u00f3licos del cuerpo, incluyendo el metabolismo de las prote\u00ednas e hidratos de carbono, s\u00edntesis de neurotransmisores (serotonina, epinefrina o adrenalina, norepinefrina, GABA, etc.), s\u00edntesis de la histamina, s\u00edntesis de la hemoglobina, funci\u00f3n y expresi\u00f3n gen\u00e9tica (7,8).<\/p>\n<p>La vitamina B6 es muy necesaria en el metabolismo de neurotransmisores puesto que el piridoxal-5\u2019-fosfato es una coenzima que interviene en las reacciones enzim\u00e1ticas que conducen a las s\u00edntesis de varios neurotransmisores importantes como serotonina, epinefrina (adrenalina), norepinefrina (noradrenalina) y \u00e1cido gamma-aminobut\u00edrico (GABA), desempe\u00f1ando un papel vital en el funcionamiento del sistema nervioso contribuyendo a la funci\u00f3n psicol\u00f3gica y al estado de \u00e1nimo.<\/p>\n","protected":false},"excerpt":{"rendered":"<p>El \u00e1cido gamma-aminobut\u00edrico (GABA) es el compuesto fundamental empleado por las c\u00e9lulas nerviosas como mecanismo de defensa para el estr\u00e9s. Se une a receptores espec\u00edficos de las neuronas: una vez que estos receptores GABA se bloquean, las neuronas se abren para permitir que los iones cargados negativamente pasen a trav\u00e9s de ellos, lo que reduce la excitabilidad de las neuronas. Nuestra f\u00f3rmula tambi\u00e9n contiene piridoxal-5&#8242;-fosfato, la forma coenzimada de la vitamina B6 y la que es biol\u00f3gicamente activa, precursor vital para la s\u00edntesis de neurotransmisores.<\/p>\n<p>(Reglamento UE N\u00ba432\/2012)<\/p>\n<p>La vitamina B6 contribuye al funcionamiento normal del sistema nervioso y a la funci\u00f3n psicol\u00f3gica normal.<\/p>\n","protected":false},"featured_media":4537,"comment_status":"open","ping_status":"closed","template":"","meta":{"_joinchat":[]},"product_brand":[],"product_cat":[128,127,126],"product_tag":[],"class_list":{"0":"post-4536","1":"product","2":"type-product","3":"status-publish","4":"has-post-thumbnail","6":"product_cat-fitoterapia-capsulas-y-comprimidos","7":"product_cat-nutricion-ortomolecular","8":"product_cat-suplementos-naturales","10":"first","11":"instock","12":"taxable","13":"shipping-taxable","14":"purchasable","15":"product-type-simple"},"_links":{"self":[{"href":"https:\/\/www.naturclic.com\/index.php?rest_route=\/wp\/v2\/product\/4536","targetHints":{"allow":["GET"]}}],"collection":[{"href":"https:\/\/www.naturclic.com\/index.php?rest_route=\/wp\/v2\/product"}],"about":[{"href":"https:\/\/www.naturclic.com\/index.php?rest_route=\/wp\/v2\/types\/product"}],"replies":[{"embeddable":true,"href":"https:\/\/www.naturclic.com\/index.php?rest_route=%2Fwp%2Fv2%2Fcomments&post=4536"}],"wp:featuredmedia":[{"embeddable":true,"href":"https:\/\/www.naturclic.com\/index.php?rest_route=\/wp\/v2\/media\/4537"}],"wp:attachment":[{"href":"https:\/\/www.naturclic.com\/index.php?rest_route=%2Fwp%2Fv2%2Fmedia&parent=4536"}],"wp:term":[{"taxonomy":"product_brand","embeddable":true,"href":"https:\/\/www.naturclic.com\/index.php?rest_route=%2Fwp%2Fv2%2Fproduct_brand&post=4536"},{"taxonomy":"product_cat","embeddable":true,"href":"https:\/\/www.naturclic.com\/index.php?rest_route=%2Fwp%2Fv2%2Fproduct_cat&post=4536"},{"taxonomy":"product_tag","embeddable":true,"href":"https:\/\/www.naturclic.com\/index.php?rest_route=%2Fwp%2Fv2%2Fproduct_tag&post=4536"}],"curies":[{"name":"wp","href":"https:\/\/api.w.org\/{rel}","templated":true}]}}