{"id":4582,"date":"2020-02-17T20:22:37","date_gmt":"2020-02-17T19:22:37","guid":{"rendered":"http:\/\/www.naturclic.com\/?post_type=product&#038;p=4582"},"modified":"2024-08-09T16:25:47","modified_gmt":"2024-08-09T14:25:47","slug":"frenesgrip-15c-sura-vitasan","status":"publish","type":"product","link":"https:\/\/www.naturclic.com\/?product=frenesgrip-15c-sura-vitasan","title":{"rendered":"FrenesGrip 15c Sura Vitasan"},"content":{"rendered":"<p>FrenesGrip est\u00e1 dise\u00f1ado para fortalecer la respuesta inmune del cuerpo, as\u00ed como para proporcionar una actividad antiviral y antibacteriana directa frente a las enfermedades estacionales como el resfriado y la gripe. Contiene un amplio espectro de extractos vegetales de alta potencia para mejorar la resistencia a las enfermedades estacionales.<\/p>\n<p>Andrographis, astr\u00e1galo, reishi, maitake y shiitake act\u00faan como t\u00f3nicos del sistema inmune. La equin\u00e1cea, el sa\u00faco, el reishi y el shiitake aumentan la inmunidad antiviral. La mirra, el romero y la berberina tienen efectos antimicrobianos. Todos ellos act\u00faan en sinergia reduciendo los s\u00edntomas de las enfermedades estacionales.<\/p>\n","protected":false},"excerpt":{"rendered":"<p>FrenesGrip es una f\u00f3rmula \u00fanica a base de 10 ingredientes vegetales que act\u00faan de forma sin\u00e9rgica. Aporta extractos de plantas como andrographis (30% andrograf\u00f3lidos), astr\u00e1galo, equin\u00e1cea, sa\u00faco, romero y mirra, reforzada con extractos de hongos estandarizados al 40 % de polisac\u00e1ridos maitake, shiitake y reishi.<\/p>\n","protected":false},"featured_media":4976,"comment_status":"open","ping_status":"closed","template":"","meta":{"_joinchat":[]},"product_brand":[],"product_cat":[135,130,127,126],"product_tag":[],"class_list":{"0":"post-4582","1":"product","2":"type-product","3":"status-publish","4":"has-post-thumbnail","6":"product_cat-energeticos","7":"product_cat-hongos-medicinales","8":"product_cat-nutricion-ortomolecular","9":"product_cat-suplementos-naturales","11":"first","12":"instock","13":"taxable","14":"shipping-taxable","15":"purchasable","16":"product-type-simple"},"_links":{"self":[{"href":"https:\/\/www.naturclic.com\/index.php?rest_route=\/wp\/v2\/product\/4582","targetHints":{"allow":["GET"]}}],"collection":[{"href":"https:\/\/www.naturclic.com\/index.php?rest_route=\/wp\/v2\/product"}],"about":[{"href":"https:\/\/www.naturclic.com\/index.php?rest_route=\/wp\/v2\/types\/product"}],"replies":[{"embeddable":true,"href":"https:\/\/www.naturclic.com\/index.php?rest_route=%2Fwp%2Fv2%2Fcomments&post=4582"}],"wp:featuredmedia":[{"embeddable":true,"href":"https:\/\/www.naturclic.com\/index.php?rest_route=\/wp\/v2\/media\/4976"}],"wp:attachment":[{"href":"https:\/\/www.naturclic.com\/index.php?rest_route=%2Fwp%2Fv2%2Fmedia&parent=4582"}],"wp:term":[{"taxonomy":"product_brand","embeddable":true,"href":"https:\/\/www.naturclic.com\/index.php?rest_route=%2Fwp%2Fv2%2Fproduct_brand&post=4582"},{"taxonomy":"product_cat","embeddable":true,"href":"https:\/\/www.naturclic.com\/index.php?rest_route=%2Fwp%2Fv2%2Fproduct_cat&post=4582"},{"taxonomy":"product_tag","embeddable":true,"href":"https:\/\/www.naturclic.com\/index.php?rest_route=%2Fwp%2Fv2%2Fproduct_tag&post=4582"}],"curies":[{"name":"wp","href":"https:\/\/api.w.org\/{rel}","templated":true}]}}