{"id":5023,"date":"2020-02-19T20:27:19","date_gmt":"2020-02-19T19:27:19","guid":{"rendered":"http:\/\/www.naturclic.com\/?post_type=product&#038;p=5023"},"modified":"2024-08-12T15:54:18","modified_gmt":"2024-08-12T13:54:18","slug":"yoint-tissu-msm-120c-sura-vitasan","status":"publish","type":"product","link":"https:\/\/www.naturclic.com\/?product=yoint-tissu-msm-120c-sura-vitasan","title":{"rendered":"Yoint Tissu &#038; MSM 60 c\u00e1psulas Sura Vitasan"},"content":{"rendered":"<p>Complemento alimenticio a base Metil-sulfonil-metano (MSM), Sulfato de glucosamina, Cart\u00edlago de tibur\u00f3n y un extracto estandarizado de Harpagofito al 5% de harpag\u00f3sidos.Esta combinaci\u00f3n act\u00faa conjuntamente siendo el MSM un compuesto muy rico en azufre de f\u00e1cil asimilaci\u00f3n siendo un mineral presente en el tejido conectivo de forma natural.<\/p>\n","protected":false},"excerpt":{"rendered":"<p>Complemento alimenticio a base Metil-sulfonil-metano (MSM), Sulfato de glucosamina, Cart\u00edlago de tibur\u00f3n y un extracto estandarizado de Harpagofito al 5% de harpag\u00f3sidos.Esta combinaci\u00f3n act\u00faa conjuntamente siendo el MSM un compuesto muy rico en azufre de f\u00e1cil asimilaci\u00f3n siendo un mineral presente en el tejido conectivo de forma natural.<\/p>\n","protected":false},"featured_media":5024,"comment_status":"open","ping_status":"closed","template":"","meta":{"_joinchat":[]},"product_brand":[],"product_cat":[128,127,126],"product_tag":[],"class_list":{"0":"post-5023","1":"product","2":"type-product","3":"status-publish","4":"has-post-thumbnail","6":"product_cat-fitoterapia-capsulas-y-comprimidos","7":"product_cat-nutricion-ortomolecular","8":"product_cat-suplementos-naturales","10":"first","11":"instock","12":"taxable","13":"shipping-taxable","14":"purchasable","15":"product-type-simple"},"_links":{"self":[{"href":"https:\/\/www.naturclic.com\/index.php?rest_route=\/wp\/v2\/product\/5023","targetHints":{"allow":["GET"]}}],"collection":[{"href":"https:\/\/www.naturclic.com\/index.php?rest_route=\/wp\/v2\/product"}],"about":[{"href":"https:\/\/www.naturclic.com\/index.php?rest_route=\/wp\/v2\/types\/product"}],"replies":[{"embeddable":true,"href":"https:\/\/www.naturclic.com\/index.php?rest_route=%2Fwp%2Fv2%2Fcomments&post=5023"}],"wp:featuredmedia":[{"embeddable":true,"href":"https:\/\/www.naturclic.com\/index.php?rest_route=\/wp\/v2\/media\/5024"}],"wp:attachment":[{"href":"https:\/\/www.naturclic.com\/index.php?rest_route=%2Fwp%2Fv2%2Fmedia&parent=5023"}],"wp:term":[{"taxonomy":"product_brand","embeddable":true,"href":"https:\/\/www.naturclic.com\/index.php?rest_route=%2Fwp%2Fv2%2Fproduct_brand&post=5023"},{"taxonomy":"product_cat","embeddable":true,"href":"https:\/\/www.naturclic.com\/index.php?rest_route=%2Fwp%2Fv2%2Fproduct_cat&post=5023"},{"taxonomy":"product_tag","embeddable":true,"href":"https:\/\/www.naturclic.com\/index.php?rest_route=%2Fwp%2Fv2%2Fproduct_tag&post=5023"}],"curies":[{"name":"wp","href":"https:\/\/api.w.org\/{rel}","templated":true}]}}