{"id":5544,"date":"2020-03-13T20:24:03","date_gmt":"2020-03-13T19:24:03","guid":{"rendered":"http:\/\/www.naturclic.com\/?post_type=product&#038;p=5544"},"modified":"2024-08-12T15:49:01","modified_gmt":"2024-08-12T13:49:01","slug":"vital-biota-dr-30-capsulas-sura-vitasan","status":"publish","type":"product","link":"https:\/\/www.naturclic.com\/?product=vital-biota-dr-30-capsulas-sura-vitasan","title":{"rendered":"Vital Biota-DR 30 c\u00e1psulas Sura Vitasan"},"content":{"rendered":"<p>VITALBIOTA-DR es una f\u00f3rmula \u00fanica que desplaza a la bacterias da\u00f1inas que causan la diarrea del viajero, neutralizando toxinas y manteniendo una flora intestinal saludable durante el viaje, sin efectos adversos. Esta combinaci\u00f3n de cepas es una soluci\u00f3n para s\u00edntomas t\u00edpicos de un viajero como diarrea, n\u00e1useas, calambres abdominales, v\u00f3mitos y distensi\u00f3n abdominal, siendo la diarrea la m\u00e1s com\u00fan, causada por alimentos o agua contaminada, provocada por cepas bacterianas pat\u00f3genas de Escherichia coli, Salmonella y Shigella. Las personas con alto riesgo incluyen adultos j\u00f3venes y de tercera edad, as\u00ed como personas con sistemas inmunitarios comprometidos, s\u00edndrome del intestino irritable o diab\u00e9ticos.<\/p>\n<p>Aporta diez mil millones de c\u00e9lulas vivas de Saccharomyces boulardii, cuya funci\u00f3n principal es bloquear las bacterias da\u00f1inas que causan la enfermedad del viajero y neutralizar los efectos de las toxinas bacterianas que contribuyen a los s\u00edntomas de la diarrea. Esto crea condiciones favorables para las once millones de unidades formadoras de colonias de once cepas probi\u00f3ticas cient\u00edficamente probadas para restaurar el equilibrio de la flora intestinal, recuperando el control de salud para absorber vitaminas, nutrientes beneficiosos, electrolitos, y contribuyendo a la retenci\u00f3n de l\u00edquidos.<\/p>\n<p>Se utiliza tanto para la prevenci\u00f3n como para el tratamiento de la diarrea del viajero, e incluso para la diarrea asociada a antibi\u00f3ticos (DAA).<\/p>\n<p>La cobertura ent\u00e9rica de la c\u00e1psula protege el producto de los jugos g\u00e1stricos y asegura su potencia al 100%.<\/p>\n","protected":false},"excerpt":{"rendered":"<p>Vital Biota-DR es una combinaci\u00f3n potente y avanzada de 11 cepas bacterianas seleccionadas + S. boulardii, F.O.S (achicoria) y A.O.S (alerce). Aporta un m\u00ednimo de 21.000 millones de bacterias viables por c\u00e1psula con cobertura ent\u00e9rica PH5D para una \u00f3ptima protecci\u00f3n frente a las secreciones \u00e1cidas del est\u00f3mago<\/p>\n","protected":false},"featured_media":5545,"comment_status":"open","ping_status":"closed","template":"","meta":{"_joinchat":[]},"product_brand":[],"product_cat":[128,127,126],"product_tag":[],"class_list":{"0":"post-5544","1":"product","2":"type-product","3":"status-publish","4":"has-post-thumbnail","6":"product_cat-fitoterapia-capsulas-y-comprimidos","7":"product_cat-nutricion-ortomolecular","8":"product_cat-suplementos-naturales","10":"first","11":"instock","12":"taxable","13":"shipping-taxable","14":"purchasable","15":"product-type-simple"},"_links":{"self":[{"href":"https:\/\/www.naturclic.com\/index.php?rest_route=\/wp\/v2\/product\/5544","targetHints":{"allow":["GET"]}}],"collection":[{"href":"https:\/\/www.naturclic.com\/index.php?rest_route=\/wp\/v2\/product"}],"about":[{"href":"https:\/\/www.naturclic.com\/index.php?rest_route=\/wp\/v2\/types\/product"}],"replies":[{"embeddable":true,"href":"https:\/\/www.naturclic.com\/index.php?rest_route=%2Fwp%2Fv2%2Fcomments&post=5544"}],"wp:featuredmedia":[{"embeddable":true,"href":"https:\/\/www.naturclic.com\/index.php?rest_route=\/wp\/v2\/media\/5545"}],"wp:attachment":[{"href":"https:\/\/www.naturclic.com\/index.php?rest_route=%2Fwp%2Fv2%2Fmedia&parent=5544"}],"wp:term":[{"taxonomy":"product_brand","embeddable":true,"href":"https:\/\/www.naturclic.com\/index.php?rest_route=%2Fwp%2Fv2%2Fproduct_brand&post=5544"},{"taxonomy":"product_cat","embeddable":true,"href":"https:\/\/www.naturclic.com\/index.php?rest_route=%2Fwp%2Fv2%2Fproduct_cat&post=5544"},{"taxonomy":"product_tag","embeddable":true,"href":"https:\/\/www.naturclic.com\/index.php?rest_route=%2Fwp%2Fv2%2Fproduct_tag&post=5544"}],"curies":[{"name":"wp","href":"https:\/\/api.w.org\/{rel}","templated":true}]}}