{"id":5546,"date":"2020-03-13T20:37:01","date_gmt":"2020-03-13T19:37:01","guid":{"rendered":"http:\/\/www.naturclic.com\/?post_type=product&#038;p=5546"},"modified":"2024-08-12T15:37:01","modified_gmt":"2024-08-12T13:37:01","slug":"para-sit-90-capsulas-sura-vitasan","status":"publish","type":"product","link":"https:\/\/www.naturclic.com\/?product=para-sit-90-capsulas-sura-vitasan","title":{"rendered":"Para-sit 90 c\u00e1psulas Sura Vitasan"},"content":{"rendered":"<p>PARA-SIT contiene 11 ingredientes naturales bien conocidos por sus propiedades para tratar problemas de par\u00e1sitos.<\/p>\n<p>Algunos de los ingredientes atacan los par\u00e1sitos, otros fortalecen el sistema inmunitario y protegen el organismo de infecciones y otros ayudan al organismo a expulsar los par\u00e1sitos muertos y promover la desintoxicaci\u00f3n.<\/p>\n<p>NOGAL: El nogal es bien conocido por sus propiedades antiparasitarias y por su capacidad de desintoxicaci\u00f3n. Limpia y purifica la sangre. Se ha utilizado tradicionalmente para atacar y expulsar par\u00e1sitos del organismo (1-3,17)<\/p>\n<p>ARTEMISA: Promueve el movimiento intestinal y ayuda a expulsar los par\u00e1sitos muertos del organismo. Reduce la congesti\u00f3n del h\u00edgado y promueve el flujo de la bilis. Limpia el organismo de toxinas y beneficia la piel. Estimula el sistema inmunitario (7).<\/p>\n<p>AJO: Antibi\u00f3tico natural. Protege de las infecciones y detoxifica el organismo. Fortalece los vasos sangu\u00edneos y reduce la presi\u00f3n arterial. El ajo es muy aconsejable para prevenir y tratar los par\u00e1sitos (8,9).<\/p>\n<p>CLAVO: Tiene propiedades antiparasitarias. Se considera un buen antis\u00e9ptico, antiespasm\u00f3dico y carminativo. Estimula la circulaci\u00f3n y la digesti\u00f3n y restituye la vitalidad general. Es bueno para las n\u00e1useas ocasionadas por la ingesta de alimentos en mal estado (10,11).<\/p>\n<p>EXTRACTO DE SEMILLA DE POMELO: Reconocido por sus efectos positivos en el tratamiento de par\u00e1sitos intestinales. Ha demostrado ser eficaz para combatir 30 microorganismos da\u00f1inos diferentes, entre ellos Candida Albicans, Aspergillus Parasiticus, Salmonella Cholerasuis (2,4,5).<\/p>\n<p>JENGIBRE: Utilizado tradicionalmente para solventar problemas gastrointestinales, colitis, diverticulosis, gas, indigesti\u00f3n, n\u00e1usea. Limpia el colon, estimula la circulaci\u00f3n y reduce los espasmos intestinales (3,9).<\/p>\n<p>ALOE: Act\u00faa sobre los par\u00e1sitos y ayuda a su eliminaci\u00f3n. Promueve el movimiento intestinal y remueve las acumulaciones de deshechos. Estimula la digesti\u00f3n. Promueve la reparaci\u00f3n de los tejidos y reduce la inflamaci\u00f3n (1,2).<\/p>\n<p>QUASIA: Esta planta es conocida por su habilidad para expulsar par\u00e1sitos. Regenera y tonifica (12).<\/p>\n<p>MAHONIA AQUIFOLIUM: (Oregon Grape). Tiene un efecto muy parecido al de Barberis Vulgaris. Destaca por su acci\u00f3n positiva sobre el h\u00edgado reduciendo su congesti\u00f3n, adem\u00e1s de reducir la inflamaci\u00f3n y la infecci\u00f3n (6,13).<\/p>\n<p>SALVIA: Es una planta restorativa. Fortalece el sistema inmunitario, elimina la congesti\u00f3n y reduce la infecci\u00f3n y la fiebre (1,14).<\/p>\n<p>SEMILLA DE CALABAZA EXTRACTO: Desde la antig\u00fcedad se le reconocen excelentes propiedades terap\u00e9uticas. Su principio activo, la cucurbitina, le proporciona una acci\u00f3n verm\u00edfuga. Combate los par\u00e1sitos intestinales ayudando a que \u00e9stos se desprendan de las paredes del tubo intestinal y favoreciendo as\u00ed su expulsi\u00f3n. Es especialmente eficaz contra la ten\u00eda y los oxiuros. Las semillas de calabaza contienen adem\u00e1s 24,5% de prote\u00ednas, \u00e1cidos grasos insaturados, vitaminas, minerales y son ricas en amino\u00e1cidos esenciales. Tienen una acci\u00f3n diur\u00e9tica y laxante (15,16).<\/p>\n","protected":false},"excerpt":{"rendered":"<p>Para-Sit es un complemento alimenticio a base de una seleccionada combinaci\u00f3n de 11 plantas entre las que destacan el Nogal, la artemisia, el ajo, el clavo o la semilla de pomelo.<br \/>\nIngredientes: c\u00e1scara de nogal negro (Juglans nigra), ajenjo (Artemisia absinthium), ajo (Allium sativum), clavo (Syzygium aromaticum), extracto de semilla de pomelo (Citrus paradisi), hoja de nogal negro (Juglans nigra), aloe (Aloe ferox), extracto de semillas de calabaza (Cucurbita moschata), rizoma de jengibre (Zingiber officinale), madera de tronco de quassia (Quassia amara), ra\u00edz de uva de Oreg\u00f3n (Mahonia aquifolium), hoja de salvia (Salvia officinalis), antiaglomerante: estearato de magnesio vegetal, c\u00e1psula vegetal (agente de recubrimiento: celulosa vegetal; humectante: agua purificada).<\/p>\n","protected":false},"featured_media":5547,"comment_status":"open","ping_status":"closed","template":"","meta":{"_joinchat":[]},"product_brand":[],"product_cat":[128,127,126],"product_tag":[],"class_list":{"0":"post-5546","1":"product","2":"type-product","3":"status-publish","4":"has-post-thumbnail","6":"product_cat-fitoterapia-capsulas-y-comprimidos","7":"product_cat-nutricion-ortomolecular","8":"product_cat-suplementos-naturales","10":"first","11":"instock","12":"taxable","13":"shipping-taxable","14":"purchasable","15":"product-type-simple"},"_links":{"self":[{"href":"https:\/\/www.naturclic.com\/index.php?rest_route=\/wp\/v2\/product\/5546","targetHints":{"allow":["GET"]}}],"collection":[{"href":"https:\/\/www.naturclic.com\/index.php?rest_route=\/wp\/v2\/product"}],"about":[{"href":"https:\/\/www.naturclic.com\/index.php?rest_route=\/wp\/v2\/types\/product"}],"replies":[{"embeddable":true,"href":"https:\/\/www.naturclic.com\/index.php?rest_route=%2Fwp%2Fv2%2Fcomments&post=5546"}],"wp:featuredmedia":[{"embeddable":true,"href":"https:\/\/www.naturclic.com\/index.php?rest_route=\/wp\/v2\/media\/5547"}],"wp:attachment":[{"href":"https:\/\/www.naturclic.com\/index.php?rest_route=%2Fwp%2Fv2%2Fmedia&parent=5546"}],"wp:term":[{"taxonomy":"product_brand","embeddable":true,"href":"https:\/\/www.naturclic.com\/index.php?rest_route=%2Fwp%2Fv2%2Fproduct_brand&post=5546"},{"taxonomy":"product_cat","embeddable":true,"href":"https:\/\/www.naturclic.com\/index.php?rest_route=%2Fwp%2Fv2%2Fproduct_cat&post=5546"},{"taxonomy":"product_tag","embeddable":true,"href":"https:\/\/www.naturclic.com\/index.php?rest_route=%2Fwp%2Fv2%2Fproduct_tag&post=5546"}],"curies":[{"name":"wp","href":"https:\/\/api.w.org\/{rel}","templated":true}]}}