{"id":5552,"date":"2020-03-13T21:01:39","date_gmt":"2020-03-13T20:01:39","guid":{"rendered":"http:\/\/www.naturclic.com\/?post_type=product&#038;p=5552"},"modified":"2024-08-14T14:03:50","modified_gmt":"2024-08-14T12:03:50","slug":"colesterin-90-perlas-sura-vitasan","status":"publish","type":"product","link":"https:\/\/www.naturclic.com\/?product=colesterin-90-perlas-sura-vitasan","title":{"rendered":"Colesterin 90 perlas Sura Vitasan"},"content":{"rendered":"<p>Cho-less-terin tambi\u00e9n es seguro para su uso coadyuvante con medicamentos recetados para la hipercolesterolemia.<\/p>\n<p>GUGGUL: Es el nombre de la resina amarillenta gomosa del \u00e1rbol de mirra Commiphora wightii, originaria de la India y Arabia. Los is\u00f3meros E y Z de las guggulsteronas son los componentes activos de la resina y antagonistas eficaces del receptor de hormona nuclear que se activa por los \u00e1cidos biliares llamado fernesoid X (FXR), un factor de transcripci\u00f3n que regula la expresi\u00f3n de genes implicados en el mantenimiento de la homeostasis del \u00e1cido biliar, permitiendo el aumento del catabolismo y excreci\u00f3n del colesterol(1,2,3). Los extractos de resina del \u00e1rbol guggul disminuyen notablemente el colesterol LDL y los triglic\u00e9ridos(4,5).<\/p>\n<p>ESTEROLES VEGETALES DE SOJA: Colesterin contiene una mezcla de esteroles vegetales (alcoholes que se encuentran com\u00fanmente en las plantas &#8211; fitoesteroles), beta-sitosteroles, campesterol y estigmasterol. Debido a que qu\u00edmicamente son muy parecidos al colesterol, se sit\u00faan en los lugares por los que esta grasa pasa desde el intestino a la sangre, bloqueando su absorci\u00f3n, y por tanto disminuyen el colesterol en sangre.<\/p>\n<p>Tambi\u00e9n reducen el tratamiento de la aterosclerosis y \u00falceras, inhiben tumores de mama e hiperplasia benigna de la pr\u00f3stata, y modulan el sistema inmunol\u00f3gico.En consecuencia, pueden tener alg\u00fan valor para reducir el riesgo de enfermedades cardiovasculares tales como insuficiencia card\u00edaca, arterosclerosis y accidentes cerebrovasculares(7).<\/p>\n<p>Beta-sitosteroles: Esterol capaz de reducir tanto el nivel total de colesterol como el colesterol LDL sin afectar a los niveles de HDL (lipoprote\u00edna de alta densidad). Funciona al reducir la absorci\u00f3n de colesterol en el intestino por alrededor del 50%. Este mecanismo de acci\u00f3n conduce a una mayor excreci\u00f3n de colesterol LDL y una menor circulaci\u00f3n en el torrente sangu\u00edneo(6).<\/p>\n<p>Campesterol: Esterol con afinidad por el colesterol LDL, capaz de reducir sus niveles s\u00e9ricos hasta en un 10%(7).<\/p>\n<p>Estigmasterol: Esterol eficaz para disminuir los niveles de colesterol en plasma, inhibir la absorci\u00f3n intestinal de colesterol y suprimir el colesterol hep\u00e1tico y s\u00edntesis de \u00e1cidos biliares(8).<\/p>\n<p>AVENA: El principal componente es la fibra soluble (beta-glucanos) que se absorbe de forma segura a trav\u00e9s del tracto digestivo sin entrar en el torrente sangu\u00edneo. Los beta-glucanos forman una soluci\u00f3n viscosa en el est\u00f3mago que conducir\u00e1 por los intestinos y se unir\u00e1 a los \u00e1cidos biliares, consumiendo mayores cantidades de colesterol LDL sin da\u00f1ar los niveles de colesterol HDL(9,10). Es un simple, pero muy eficaz, inhibidor natural del colesterol(10).<\/p>\n<p>TE VERDE: Los polifenoles, concretamente las catequinas, del te verde son importantes antioxidantes que protegen el colesterol LDL de la oxidaci\u00f3n, limitando su absorci\u00f3n en los intestinos y previniendo la aterosclerosis(11,12). Diferentes estudios han confirmado que los extractos de te verde superan incluso la vitamina C en la prevenci\u00f3n de la oxidaci\u00f3n del colesterol LDL(12,13).<\/p>\n<p>LEVADURA ROJA DE ARROZ: Se prepara tradicionalmente por un m\u00e9todo de fermentaci\u00f3n en el que el arroz sirve como un cultivo para el crecimiento de la levadura Monascus purpureus. Durante el proceso de fermentaci\u00f3n, se produce el color rojo t\u00edpico que se ha utilizado durante miles de a\u00f1os en la cocina asi\u00e1tica como una especia y colorante de alimentos(14).<\/p>\n<p>Este alimento natural inhibe la HMG-coA reductasa (enzima hidroximetilglutaril Coenzima A reductasa), uno de los pasos clave de la s\u00edntesis del colesterol, inhibiendo la bios\u00edntesis tanto para prevenir la absorci\u00f3n de colesterol que se ingiere, como para aumentar la eliminaci\u00f3n de colesterol de la circulaci\u00f3n(15).<\/p>\n<p>Diferentes estudios han demostrado que es una forma segura y eficaz de reducir el colesterol total y el colesterol LDL, la relaci\u00f3n de LDL \/ HDL, y la gravedad de la aterosclerosis(15,16).<\/p>\n<p>ACEITE DE FRUTO DE PALMA ROJA: Colesterin est\u00e1 formulado en una matriz de aceite de fruto de palma roja, que es fuente natural de vitaminas A y E, as\u00ed como de coenzima Q10. Como fuente rica en antioxidantes tiene numerosos beneficios en el control del colesterol y en la salud cardiovascular ayudando a proteger el coraz\u00f3n(17,18).<\/p>\n","protected":false},"excerpt":{"rendered":"<p>Aceite de fruto de palma roja (Elaeis guineensis), guggul (Commiphora wightii), esteroles vegetales (procedentes de soja, Glycine max), avena (Avena sativa), extracto de te verde (Camellia sinensis), extracto de levadura roja de arroz (Monascus purpureus), lecitina de girasol (gelificante), cera de abeja (espesante), dioxido de sicilio, extracto de semillas de achiote (Bixa orellana), perla (agente de recubrimiento: gelatina; humectante: agua purificada y glicerina).<\/p>\n","protected":false},"featured_media":5553,"comment_status":"open","ping_status":"closed","template":"","meta":{"_joinchat":[]},"product_brand":[],"product_cat":[131,128,127,138,126],"product_tag":[],"class_list":{"0":"post-5552","1":"product","2":"type-product","3":"status-publish","4":"has-post-thumbnail","6":"product_cat-bajar-peso-saludablemente","7":"product_cat-fitoterapia-capsulas-y-comprimidos","8":"product_cat-nutricion-ortomolecular","9":"product_cat-nutricosmetica","10":"product_cat-suplementos-naturales","12":"first","13":"outofstock","14":"taxable","15":"shipping-taxable","16":"purchasable","17":"product-type-simple"},"_links":{"self":[{"href":"https:\/\/www.naturclic.com\/index.php?rest_route=\/wp\/v2\/product\/5552","targetHints":{"allow":["GET"]}}],"collection":[{"href":"https:\/\/www.naturclic.com\/index.php?rest_route=\/wp\/v2\/product"}],"about":[{"href":"https:\/\/www.naturclic.com\/index.php?rest_route=\/wp\/v2\/types\/product"}],"replies":[{"embeddable":true,"href":"https:\/\/www.naturclic.com\/index.php?rest_route=%2Fwp%2Fv2%2Fcomments&post=5552"}],"wp:featuredmedia":[{"embeddable":true,"href":"https:\/\/www.naturclic.com\/index.php?rest_route=\/wp\/v2\/media\/5553"}],"wp:attachment":[{"href":"https:\/\/www.naturclic.com\/index.php?rest_route=%2Fwp%2Fv2%2Fmedia&parent=5552"}],"wp:term":[{"taxonomy":"product_brand","embeddable":true,"href":"https:\/\/www.naturclic.com\/index.php?rest_route=%2Fwp%2Fv2%2Fproduct_brand&post=5552"},{"taxonomy":"product_cat","embeddable":true,"href":"https:\/\/www.naturclic.com\/index.php?rest_route=%2Fwp%2Fv2%2Fproduct_cat&post=5552"},{"taxonomy":"product_tag","embeddable":true,"href":"https:\/\/www.naturclic.com\/index.php?rest_route=%2Fwp%2Fv2%2Fproduct_tag&post=5552"}],"curies":[{"name":"wp","href":"https:\/\/api.w.org\/{rel}","templated":true}]}}