{"id":5554,"date":"2020-03-13T21:07:30","date_gmt":"2020-03-13T20:07:30","guid":{"rendered":"http:\/\/www.naturclic.com\/?post_type=product&#038;p=5554"},"modified":"2024-01-07T22:43:46","modified_gmt":"2024-01-07T21:43:46","slug":"euvenas-crema-200ml-soria-natural","status":"publish","type":"product","link":"https:\/\/www.naturclic.com\/?product=euvenas-crema-200ml-soria-natural","title":{"rendered":"Euvenas crema 200ml Soria Natural"},"content":{"rendered":"<p>Euvenas Gel de Soria Natural es una fant\u00e1stica crema natural para piernas con un efecto de recuperaci\u00f3n en la apariencia del tono venoso y las ara\u00f1as vasculares que hacen fea la apariencia y la est\u00e9tica de tus piernas, adem\u00e1s de producir un malestar de dolor y cansancio.<\/p>\n<p>Es por ello que la crema Euvenas Gel de Soria Natural es ideal para piernas cansadas e hinchadas ya que ofrece una sensaci\u00f3n refrescante y de alivio a tus piernas, eliminando el dolor y la hinchaz\u00f3n producto de la pesadez acumulada producto de estar siempre activa durante el d\u00eda. Es por ello que en la noche necesitas relajarte y descansar, con esta crema lo conseguir\u00e1s.<\/p>\n<p>Composici\u00f3n:<br \/>\nAqua, Helianthus Annuus (Sunflower) Seed Oil, Cera Alba, Polyglyceryl-6 Distearate, Glycerin, Hydrogenated Ethylhexyl Olivate, Calendula Officinalis Flower Oil, Inula Viscosa Oil, Jojoba Esters, Polyglyceryl-3 Beeswax, Mentha Piperita (Peppermint)Oil, Hydrogenated Olive Oil Unsaponifiable, Tocopherol, Tocopheryl Acetate, Caprylyl Glycol, Xanthan Gum, Cellulose Gum, Microcrystalline Cellulose, Benzyl Alcohol, Phenylpropanol, Cetyl Alcohol, Propanediol, Salicylic Acid, Sorbic Acid, Limonene.<\/p>\n<p>Modo de Empleo:<br \/>\nAplicar 2-3 veces al d\u00eda, sobre la zona afectada con un suave masaje para favorecer su absorci\u00f3n.<\/p>\n<p>Presentaci\u00f3n:<br \/>\nEnvase de 200 ml.<\/p>\n","protected":false},"excerpt":{"rendered":"<p>Euvenas Gel de Soria Natural es una fant\u00e1stica crema natural para piernas con un efecto de recuperaci\u00f3n en la apariencia del tono venoso y las ara\u00f1as vasculares que hacen fea la apariencia y la est\u00e9tica de tus piernas, adem\u00e1s de producir un malestar de dolor y cansancio.<\/p>\n<p>Es por ello que la crema Euvenas Gel de Soria Natural es ideal para piernas cansadas e hinchadas ya que ofrece una sensaci\u00f3n refrescante y de alivio a tus piernas, eliminando el dolor y la hinchaz\u00f3n producto de la pesadez acumulada producto de estar siempre activa durante el d\u00eda. Es por ello que en la noche necesitas relajarte y descansar, con esta crema lo conseguir\u00e1s.<\/p>\n<p>Composici\u00f3n:<br \/>\nAqua, Helianthus Annuus (Sunflower) Seed Oil, Cera Alba, Polyglyceryl-6 Distearate, Glycerin, Hydrogenated Ethylhexyl Olivate, Calendula Officinalis Flower Oil, Inula Viscosa Oil, Jojoba Esters, Polyglyceryl-3 Beeswax, Mentha Piperita (Peppermint)Oil, Hydrogenated Olive Oil Unsaponifiable, Tocopherol, Tocopheryl Acetate, Caprylyl Glycol, Xanthan Gum, Cellulose Gum, Microcrystalline Cellulose, Benzyl Alcohol, Phenylpropanol, Cetyl Alcohol, Propanediol, Salicylic Acid, Sorbic Acid, Limonene<\/p>\n","protected":false},"featured_media":5556,"comment_status":"open","ping_status":"closed","template":"","meta":{"_joinchat":[]},"product_brand":[],"product_cat":[140,139,137,138,132],"product_tag":[],"class_list":{"0":"post-5554","1":"product","2":"type-product","3":"status-publish","4":"has-post-thumbnail","6":"product_cat-cosmetica-corporal","7":"product_cat-cosmetica-facial","8":"product_cat-cosmetica-natural","9":"product_cat-nutricosmetica","10":"product_cat-suplementos-deportivos","12":"first","13":"onbackorder","14":"sale","15":"taxable","16":"shipping-taxable","17":"purchasable","18":"product-type-simple"},"_links":{"self":[{"href":"https:\/\/www.naturclic.com\/index.php?rest_route=\/wp\/v2\/product\/5554","targetHints":{"allow":["GET"]}}],"collection":[{"href":"https:\/\/www.naturclic.com\/index.php?rest_route=\/wp\/v2\/product"}],"about":[{"href":"https:\/\/www.naturclic.com\/index.php?rest_route=\/wp\/v2\/types\/product"}],"replies":[{"embeddable":true,"href":"https:\/\/www.naturclic.com\/index.php?rest_route=%2Fwp%2Fv2%2Fcomments&post=5554"}],"wp:featuredmedia":[{"embeddable":true,"href":"https:\/\/www.naturclic.com\/index.php?rest_route=\/wp\/v2\/media\/5556"}],"wp:attachment":[{"href":"https:\/\/www.naturclic.com\/index.php?rest_route=%2Fwp%2Fv2%2Fmedia&parent=5554"}],"wp:term":[{"taxonomy":"product_brand","embeddable":true,"href":"https:\/\/www.naturclic.com\/index.php?rest_route=%2Fwp%2Fv2%2Fproduct_brand&post=5554"},{"taxonomy":"product_cat","embeddable":true,"href":"https:\/\/www.naturclic.com\/index.php?rest_route=%2Fwp%2Fv2%2Fproduct_cat&post=5554"},{"taxonomy":"product_tag","embeddable":true,"href":"https:\/\/www.naturclic.com\/index.php?rest_route=%2Fwp%2Fv2%2Fproduct_tag&post=5554"}],"curies":[{"name":"wp","href":"https:\/\/api.w.org\/{rel}","templated":true}]}}