{"id":5576,"date":"2020-03-14T16:31:32","date_gmt":"2020-03-14T15:31:32","guid":{"rendered":"http:\/\/www.naturclic.com\/?post_type=product&#038;p=5576"},"modified":"2024-08-09T16:14:16","modified_gmt":"2024-08-09T14:14:16","slug":"candisan-90-capsulas-sura-vitasan","status":"publish","type":"product","link":"https:\/\/www.naturclic.com\/?product=candisan-90-capsulas-sura-vitasan","title":{"rendered":"Candisan 90 c\u00e1psulas Sura Vitasan"},"content":{"rendered":"<p>CANDISAN es una combinaci\u00f3n de 10 ingredientes naturales que han sido estudiados y reconocidos como muy eficaces en el tratamiento de candidiasis. Atacar y promover la eliminaci\u00f3n de los hongos es tan importante como aumentar las defensas en el organismo para evitar la proliferaci\u00f3n de los mismos, ya que la colonizaci\u00f3n por hongos suele estar directamente relacionada con un sistema inmunitario debilitado. Durante el proceso de limpieza y eliminaci\u00f3n, el h\u00edgado especialmente, suele verse sometido a una sobrecarga de toxinas por lo que es necesario apoyar su funci\u00f3n. Los ingredientes de la f\u00f3rmula CANDISAN con su efecto antif\u00fangico, antibi\u00f3tico, antioxidante y fortalecedor del sistema inmunitario son un medio importante en la lucha contra la candidiasis.<\/p>\n<p>AJO: Contiene allicin, alliin, allyl, calcio, germanio, vitaminas A y C, B1, B2, minerales. Es un antibi\u00f3tico natural, protege contra las infecciones, es muy efectivo en tratamientos de Candidiasis. EN Desintoxica el organismo(1,2).<\/p>\n<p>EXTRACTO DE SEMILLA DE POMELO: Es un antibi\u00f3tico natural bien reconocido por sus propiedades para combatir el parasitismo intestinal y la Candidiasis(3,4). (Ver producto CITRIPLUS).<\/p>\n<p>ACIDO CAPRILICO (Calcio, Magnesio, Zinc): Cadena corta de \u00e1cidos grasos de aceite de coco. Contiene caprilatos.<\/p>\n<p>Es un \u00e1cido graso natural extra\u00eddo del coco. Tiene propiedades fungicidas naturales y ha sido reconocido como potente y efectivo en tratamientos de Candidiasis. Es muy \u00fatil para evitar la proliferaci\u00f3n de las levaduras(5,7).<\/p>\n<p>EXTRACTO DE PAU D\u2019ARCO: Contiene lapacho y xyloidine. Por sus agentes antibacterianos, combate infecciones de bacterias y hongos. En diferentes estudios se han observado resultados muy positivos en el tratamiento de Candidiasis. Tambi\u00e9n es bien conocido por sus propiedades para reforzar el sistema inmunitario(6,7,8).<\/p>\n<p>Echinacea purpurea: Numerosos estudios se han realizado para valorar la actividad inmunoestimulante de esta planta. Entre sus principales componentes figuran polisac\u00e1ridos como los arabinogalactanos, \u00e1cidos fen\u00f3licos libres (\u00e1cido cafe\u00edco, achic\u00f3rico), alquilamidas y glucoprote\u00ednas que act\u00faan sin\u00e9rgicamente sobre las c\u00e9lulas de defensa y previenen muchos cuadros de car\u00e1cter cr\u00f3nico-recidivante(9,10,11).<\/p>\n<p>La Echinacea purpurea aumenta la capacidad fagoc\u00edtica de los macr\u00f3fagos y los granulocitos, aumenta la fagocitosis de virus, bacterias y c\u00e9lulas tumorales, potencia la liberaci\u00f3n de citoquinas y estimula los linfocitos T colaboradores. Es especialmente eficaz en aquellos procesos curativos donde es necesaria una estimulaci\u00f3n de los mecanismos de defensa de tipo inespec\u00edfico. En los \u00faltimos a\u00f1os se han realizado varios estudios cl\u00ednicos especialmente en infecciones respiratorias cuyos resultados demuestran el efecto profil\u00e1ctico sobre las recidivas y la mejor\u00eda de los s\u00edntomas cl\u00e1sicos de estas afecciones. La fracci\u00f3n acuosa de los polisac\u00e1ridos, in vivo e in vitro, han demostrado propiedades inmunoestimulantes a trav\u00e9s de la estimulaci\u00f3n de macr\u00f3fagos y la protecci\u00f3n frente infecciones de c\u00e1ndida y listeria(9-14).<\/p>\n<p>SUMA (Pfaffia paniculata): Contiene \u00e1cido pfaffico, phytosterols, (mayormente beta-ecdysone) y pfaffosidos (saponins). Tambi\u00e9n contiene germanio, allantoin, y varias vitaminas, minerales y amino-\u00e1cidos.<\/p>\n<p>Suma es una ra\u00edz que se conoce por su habilidad para promover e incrementar la vitalidad. Se ha valorado como t\u00f3nico general.<\/p>\n<p>Ayuda al cuerpo a conseguir un equilibrio, resultando en una mejora de la resistencia a las infecciones e incrementando la resistencia al estr\u00e9s. Mejora la oxigenaci\u00f3n de los tejidos y tiene efectos regenerativos. Se ha utilizado desde la antig\u00fcedad para regular desequilibrios hormonales en la mujer. Tiene la capacidad de desintoxicar el tejido conectivo, renovar las c\u00e9lulas y ayudar con los problemas asociados a la menopausia(8,15).<\/p>\n<p>NOGAL: Contiene \u00e1cido ellagico, juglone y nucin. Es muy efectivo en el tratamiento de par\u00e1sitos intestinales, combati\u00e9ndolos y expuls\u00e1ndolos del organismo(16,17).<\/p>\n<p>SELENIO (Sin Levaduras. L-Selenmethionne): Importante antioxidante productor de Glutation, el cual favorece la desintoxicaci\u00f3n del h\u00edgado. El selenio estimula la producci\u00f3n de anticuerpos y linfocitos incrementando as\u00ed la respuesta a las infecciones(18).<\/p>\n<p>OREGANO EXTRACTO 30% CARVACROL: El uso de este extracto para luchar contra la candidiasis se explica por sus propiedades antioxidantes, su efecto antif\u00fangico y estimulador de la secreci\u00f3n de bilis y enzimas, favoreciendo la digesti\u00f3n y evitando la proliferaci\u00f3n de los hongos en el tracto gastrointestinal(19).<\/p>\n","protected":false},"excerpt":{"rendered":"<p>Ingredientes: caprilato de calcio, caprilato de magnesio, extracto de bulbo de ajo (Allium sativum), extracto de hojas de or\u00e9gano (Origanum vulgare), extracto de semilla de pomelo\/lim\u00f3n\/ mandarina (Citrus \u00d7 paradisi\/Citrus limon\/Citrus reticulata), ra\u00edz de suma (Pfaffia paniculata), corteza de Pau d\u2019Arco-lapacho (Tabebuia avellanedae\/Tabebuia heptaphylla), extracto de ra\u00edz de equin\u00e1cea (Echinacea purpurea), caprilato de zinc, antiaglomerante: estearato de magnesio vegetal, extracto de c\u00e1scara de nogal negro (Juglans nigra), antiaglomerante: di\u00f3xido de silicio, L-seleniometionina, c\u00e1psula vegetal (agente de recubrimiento: hidroxipropilmetilcelulosa; humectante: agua purificada).<\/p>\n","protected":false},"featured_media":5577,"comment_status":"open","ping_status":"closed","template":"","meta":{"_joinchat":[]},"product_brand":[],"product_cat":[15],"product_tag":[160,161,162,163],"class_list":{"0":"post-5576","1":"product","2":"type-product","3":"status-publish","4":"has-post-thumbnail","6":"product_cat-sin-categorizar","7":"product_tag-candidas","8":"product_tag-candidiasis","9":"product_tag-instestino","10":"product_tag-vagina","12":"first","13":"instock","14":"taxable","15":"shipping-taxable","16":"purchasable","17":"product-type-simple"},"_links":{"self":[{"href":"https:\/\/www.naturclic.com\/index.php?rest_route=\/wp\/v2\/product\/5576","targetHints":{"allow":["GET"]}}],"collection":[{"href":"https:\/\/www.naturclic.com\/index.php?rest_route=\/wp\/v2\/product"}],"about":[{"href":"https:\/\/www.naturclic.com\/index.php?rest_route=\/wp\/v2\/types\/product"}],"replies":[{"embeddable":true,"href":"https:\/\/www.naturclic.com\/index.php?rest_route=%2Fwp%2Fv2%2Fcomments&post=5576"}],"wp:featuredmedia":[{"embeddable":true,"href":"https:\/\/www.naturclic.com\/index.php?rest_route=\/wp\/v2\/media\/5577"}],"wp:attachment":[{"href":"https:\/\/www.naturclic.com\/index.php?rest_route=%2Fwp%2Fv2%2Fmedia&parent=5576"}],"wp:term":[{"taxonomy":"product_brand","embeddable":true,"href":"https:\/\/www.naturclic.com\/index.php?rest_route=%2Fwp%2Fv2%2Fproduct_brand&post=5576"},{"taxonomy":"product_cat","embeddable":true,"href":"https:\/\/www.naturclic.com\/index.php?rest_route=%2Fwp%2Fv2%2Fproduct_cat&post=5576"},{"taxonomy":"product_tag","embeddable":true,"href":"https:\/\/www.naturclic.com\/index.php?rest_route=%2Fwp%2Fv2%2Fproduct_tag&post=5576"}],"curies":[{"name":"wp","href":"https:\/\/api.w.org\/{rel}","templated":true}]}}