{"id":5625,"date":"2020-03-16T14:10:37","date_gmt":"2020-03-16T13:10:37","guid":{"rendered":"http:\/\/www.naturclic.com\/?post_type=product&#038;p=5625"},"modified":"2020-03-16T14:10:37","modified_gmt":"2020-03-16T13:10:37","slug":"ubiquinol-q10-kaneka-30-caps-orthonat","status":"publish","type":"product","link":"https:\/\/www.naturclic.com\/?product=ubiquinol-q10-kaneka-30-caps-orthonat","title":{"rendered":"Ubiquinol Q10 Kaneka 30 c\u00e1ps. Orthonat"},"content":{"rendered":"<p>INGREDIENTES: Ubiquinol Q-10  (por una perla):<\/p>\n<p>\u2013 UBIQUINOL (Kaneka\u00ae Co-enzyme Q10-H2): 100 mg.<\/p>\n<p>\u2013 Vitamina E (dl-\u03b1-tocoferol): 10 mg.<\/p>\n<p>\u2013 Excipientes: Aceite virgen de germen de trigo, Aceite de soja, glicerina.<\/p>\n<p>\u2013 Emulsificante: Lecitina de soja.<\/p>\n<p>POSOLOGIA: Una c\u00e1psula al d\u00eda, preferiblemente en ayunas o seg\u00fan prescripci\u00f3n medica.<br \/>\nPRESENTACI\u00d3N:  Envases de 30 perlas (dos blister de 15 c\u00e1psulas cada uno )<\/p>\n<p>\u2013 Nuestro producto ORTHO Q-10 H2 (Ubiquinol) es un COMPLEMENTO ALIMENTARIO y no sustituye un r\u00e9gimen alimenticio variado.<\/p>\n<p>\u2013 Conservar en su envase original, en ambiente seco y a temperatura ambiente.<\/p>\n<p>\u2013 Mantenerlo fuera del alcance de los ni\u00f1os.<\/p>\n<p>\u2013 Sin agentes conservantes, colorantes, aromas artificiales, gluten o lactosa.<\/p>\n<p>\u2013 Se recomienda ajustarse al m\u00e1ximo al CDR indicado por el fabricante.<\/p>\n","protected":false},"excerpt":{"rendered":"<p>INGREDIENTES: Ubiquinol Q-10  (por una perla):<\/p>\n<p>\u2013 UBIQUINOL (Kaneka\u00ae Co-enzyme Q10-H2): 100 mg.<\/p>\n<p>\u2013 Vitamina E (dl-\u03b1-tocoferol): 10 mg.<\/p>\n<p>\u2013 Excipientes: Aceite virgen de germen de trigo, Aceite de soja, glicerina.<\/p>\n<p>\u2013 Emulsificante: Lecitina de soja.<\/p>\n","protected":false},"featured_media":5626,"comment_status":"open","ping_status":"closed","template":"","meta":{"_joinchat":[]},"product_brand":[],"product_cat":[135,128,127,126],"product_tag":[],"class_list":{"0":"post-5625","1":"product","2":"type-product","3":"status-publish","4":"has-post-thumbnail","6":"product_cat-energeticos","7":"product_cat-fitoterapia-capsulas-y-comprimidos","8":"product_cat-nutricion-ortomolecular","9":"product_cat-suplementos-naturales","11":"first","12":"onbackorder","13":"taxable","14":"shipping-taxable","15":"purchasable","16":"product-type-simple"},"_links":{"self":[{"href":"https:\/\/www.naturclic.com\/index.php?rest_route=\/wp\/v2\/product\/5625","targetHints":{"allow":["GET"]}}],"collection":[{"href":"https:\/\/www.naturclic.com\/index.php?rest_route=\/wp\/v2\/product"}],"about":[{"href":"https:\/\/www.naturclic.com\/index.php?rest_route=\/wp\/v2\/types\/product"}],"replies":[{"embeddable":true,"href":"https:\/\/www.naturclic.com\/index.php?rest_route=%2Fwp%2Fv2%2Fcomments&post=5625"}],"wp:featuredmedia":[{"embeddable":true,"href":"https:\/\/www.naturclic.com\/index.php?rest_route=\/wp\/v2\/media\/5626"}],"wp:attachment":[{"href":"https:\/\/www.naturclic.com\/index.php?rest_route=%2Fwp%2Fv2%2Fmedia&parent=5625"}],"wp:term":[{"taxonomy":"product_brand","embeddable":true,"href":"https:\/\/www.naturclic.com\/index.php?rest_route=%2Fwp%2Fv2%2Fproduct_brand&post=5625"},{"taxonomy":"product_cat","embeddable":true,"href":"https:\/\/www.naturclic.com\/index.php?rest_route=%2Fwp%2Fv2%2Fproduct_cat&post=5625"},{"taxonomy":"product_tag","embeddable":true,"href":"https:\/\/www.naturclic.com\/index.php?rest_route=%2Fwp%2Fv2%2Fproduct_tag&post=5625"}],"curies":[{"name":"wp","href":"https:\/\/api.w.org\/{rel}","templated":true}]}}