{"id":5630,"date":"2020-03-16T14:17:16","date_gmt":"2020-03-16T13:17:16","guid":{"rendered":"http:\/\/www.naturclic.com\/?post_type=product&#038;p=5630"},"modified":"2024-08-09T16:25:22","modified_gmt":"2024-08-09T14:25:22","slug":"femina-flor-oral-30-caps-sura-vitasan","status":"publish","type":"product","link":"https:\/\/www.naturclic.com\/?product=femina-flor-oral-30-caps-sura-vitasan","title":{"rendered":"F\u00e9mina Flor Oral 30 c\u00e1ps. Sura Vitasan"},"content":{"rendered":"<p>Advertencias<br \/>\nSe recomienda consultar al profesional antes de tomar este producto en caso de nauseas, fiebre, v\u00f3mitos, diarrea sangrante o dolor abdominal severo; presenta unas condiciones m\u00e9dicas especiales.<\/p>\n<p>Dosis recomendada<br \/>\n1-2 c\u00e1psulas al d\u00eda. Si est\u00e1 tomando antibi\u00f3ticos tomar este producto al menos 2-3 horas antes o despu\u00e9s.<\/p>\n<p>Indicaciones y usos<br \/>\nAyuda a mantener el equilibrio de la flora vaginal.<\/p>\n<p>Infecciones vaginales causadas por hongos (candidiasis) o bacterias (vaginosis).<\/p>\n<p>Prevenci\u00f3n de infecciones vaginales recurrentes tanto de hongos como de bacterias (ideal para un uso prolongado).<\/p>\n<p>Lo m\u00e1s destacado<br \/>\nNo<br \/>\nRecomendaci\u00f3n importante<br \/>\nNo<br \/>\nDetalles<br \/>\nF\u00c9MINAFLOR ORAL se caracteriza por contener: una selecci\u00f3n de cepas probi\u00f3ticas cient\u00edficamente probadas junto con prebi\u00f3ticos complementarios de origen natural. Es el producto ideal para el mantenimiento de una flora vaginal equilibrada y para combatir infecciones vaginales.<\/p>\n<p>Cada c\u00e1psula de F\u00c9MINAFLOR ORAL ofrece m\u00e1s de 55.000 millones de c\u00e9lulas vivas, con 16 cepas beneficiosas (8 de origen humano, 7 l\u00e1cteas y 1 vegetal). Contiene m\u00e1s 31.000 millones de UFCs de Lactobacillus rhamnosus y casei, estas 2 cepas humanas son predominantes en la flora vaginal y generan \u00e1cido l\u00e1ctico acidificando el pH vaginal evitando la proliferaci\u00f3n de bacterias y hongos pat\u00f3genos. Nuestra f\u00f3rmula tambi\u00e9n incluye dos especies de Bifidobacterium que t\u00edpicamente residen en el colon y que refuerzan el sistema inmunitario.<\/p>\n<p>La cobertura ent\u00e9rica de la c\u00e1psula protege el producto de los jugos g\u00e1stricos y asegura su potencia al 100%.<\/p>\n<p>Un equilibrio saludable en el intestino de especies de Lactobacillus y Bifidobacterium es fundamental tanto para desplazar microorganismos da\u00f1inos como para crear un h\u00e1bitat intestinal que suprima el crecimiento excesivo de microorganismos oportunistas. La vagina comparte muchas especies de Lactobacillus en com\u00fan con el intestino; estas cepas beneficiosas generan \u00e1cido l\u00e1ctico que a su vez inhibe la infecci\u00f3n por Candida y la vaginosis bacteriana.<\/p>\n<p>La vagina comparte muchas especies de Lactobacillus en com\u00fan con el intestino; estas cepas beneficiosas generan \u00e1cido l\u00e1ctico que a su vez inhibe la infecci\u00f3n por levadura C\u00e1ndida y la vaginosis bacteriana.<\/p>\n<p>Diversos estudios cl\u00ednicos han demostrado que la administraci\u00f3n oral de Lactobacillus (rhamnosus, fermentum, reuteri, plantarum, acidophilus) llegan a poblar la mucosa vaginal en el plazo de una semana (1-7). La administraci\u00f3n de Lactobacillus rhamnosus y L reuteri junto con la terapia antibi\u00f3tica (metronidazol) mejora los resultados en vaginosis bacteriana (8-9).<\/p>\n<p>FeminaFlor Oral contiene especies adicionales de Lactobacillus que refuerzan el amplio espectro de beneficios dentro de una f\u00f3rmula diversa.<\/p>\n<p>Nuestra f\u00f3rmula adem\u00e1s tambi\u00e9n contiene m\u00e1s de 5.200 millones de UFC de Bifidobacterium bifidum y Bifidobacterium longum (10-15); estas especies probi\u00f3ticas residen t\u00edpicamente en el colon donde fortalecen el rendimiento del sistema inmunitario.<\/p>\n<p>INULINA: Es un fructooligosac\u00e1rido (FOS) de origen vegetal, extra\u00eddo de la ra\u00edz de la achicoria (Cichorium intybus). Act\u00faa como un prebi\u00f3tico, creando el entorno adecuado para que los probi\u00f3ticos o microorganismos beneficiosos se reproduzcan m\u00e1s r\u00e1pidamente y en mayores cantidades (16-18). Aumenta la poblaci\u00f3n de probi\u00f3ticos Bifidobacterium en el colon, reducen los metabolitos t\u00f3xicos y las enzimas perjudiciales. Previenen la diarrea pat\u00f3gena y aut\u00f3gena, evitan el estre\u00f1imiento y protegen la funci\u00f3n hep\u00e1tica (19).<\/p>\n<p>ARABINOGALACTANO: es un arabinooligosac\u00e1rido (AOS) de origen vegetal, del \u00e1rbol del alerce (Larix laricina). Es un excelente prebi\u00f3tico ya que incrementa la producci\u00f3n de \u00e1cidos grasos de cadena corta, principalmente butirato que act\u00faa como sustrato de energ\u00eda para las c\u00e9lulas epiteliales del colon y de protecci\u00f3n de la mucosa intestinal. Activa la respuesta inmunol\u00f3gica y estimula selectivamente el crecimiento y la actividad de las bacterias probi\u00f3ticas (20). Es \u00fatil para combatir infecciones por su capacidad para disminuir la adherencia de bacterias (21-22). Adem\u00e1s, reducen el pH intestinal y mejoran la absorci\u00f3n de minerales (22-25).<\/p>\n","protected":false},"excerpt":{"rendered":"<p>Ingredientes: cultivo de bacterias (55.000 mill. de microorganismos viables por c\u00e1psula, ver informaci\u00f3n nutricional) (en contacto con leche y soja), inulina (de ra\u00edz de achicoria, Cichorium intybus), arabinogalactano (de Larix laricina), antiaglomerante (estearato de magnesio vegetal), almid\u00f3n de patata, antioxidante (\u00e1cido L-asc\u00f3rbico), c\u00e1psula vegetal ent\u00e9rica PH5D (agente de recubrimiento: hidroxipropilmetilcelulosa; soluci\u00f3n acuosa para la protecci\u00f3n ent\u00e9rica; agua purificada).<\/p>\n","protected":false},"featured_media":5663,"comment_status":"open","ping_status":"closed","template":"","meta":{"_joinchat":[]},"product_brand":[],"product_cat":[131,128,127,126],"product_tag":[],"class_list":{"0":"post-5630","1":"product","2":"type-product","3":"status-publish","4":"has-post-thumbnail","6":"product_cat-bajar-peso-saludablemente","7":"product_cat-fitoterapia-capsulas-y-comprimidos","8":"product_cat-nutricion-ortomolecular","9":"product_cat-suplementos-naturales","11":"first","12":"instock","13":"taxable","14":"shipping-taxable","15":"purchasable","16":"product-type-simple"},"_links":{"self":[{"href":"https:\/\/www.naturclic.com\/index.php?rest_route=\/wp\/v2\/product\/5630","targetHints":{"allow":["GET"]}}],"collection":[{"href":"https:\/\/www.naturclic.com\/index.php?rest_route=\/wp\/v2\/product"}],"about":[{"href":"https:\/\/www.naturclic.com\/index.php?rest_route=\/wp\/v2\/types\/product"}],"replies":[{"embeddable":true,"href":"https:\/\/www.naturclic.com\/index.php?rest_route=%2Fwp%2Fv2%2Fcomments&post=5630"}],"wp:featuredmedia":[{"embeddable":true,"href":"https:\/\/www.naturclic.com\/index.php?rest_route=\/wp\/v2\/media\/5663"}],"wp:attachment":[{"href":"https:\/\/www.naturclic.com\/index.php?rest_route=%2Fwp%2Fv2%2Fmedia&parent=5630"}],"wp:term":[{"taxonomy":"product_brand","embeddable":true,"href":"https:\/\/www.naturclic.com\/index.php?rest_route=%2Fwp%2Fv2%2Fproduct_brand&post=5630"},{"taxonomy":"product_cat","embeddable":true,"href":"https:\/\/www.naturclic.com\/index.php?rest_route=%2Fwp%2Fv2%2Fproduct_cat&post=5630"},{"taxonomy":"product_tag","embeddable":true,"href":"https:\/\/www.naturclic.com\/index.php?rest_route=%2Fwp%2Fv2%2Fproduct_tag&post=5630"}],"curies":[{"name":"wp","href":"https:\/\/api.w.org\/{rel}","templated":true}]}}