{"id":5631,"date":"2020-03-16T14:38:03","date_gmt":"2020-03-16T13:38:03","guid":{"rendered":"http:\/\/www.naturclic.com\/?post_type=product&#038;p=5631"},"modified":"2024-08-12T15:38:56","modified_gmt":"2024-08-12T13:38:56","slug":"pro-urgency-30-capsulas-sura-vitasan","status":"publish","type":"product","link":"https:\/\/www.naturclic.com\/?product=pro-urgency-30-capsulas-sura-vitasan","title":{"rendered":"Pro-Urgency 30 c\u00e1psulas Sura Vitasan"},"content":{"rendered":"<p>PRO-URGENCYes una formulaci\u00f3n exclusiva de 10 cultivos probi\u00f3ticos complementarios y probados cl\u00ednicamente. Es una de las f\u00f3rmulas de probi\u00f3ticos m\u00e1s potentes para restablecer un reinicio total de la flora intestinal en el tratamiento de enfermedades como el S\u00edndrome del Intestino Irritable (SII), diarrea, estre\u00f1imiento, colitis o despu\u00e9s del uso de antibi\u00f3ticos.El mantenimiento de la flora intestinal es muy importante para maximizar la absorci\u00f3n de nutrientes, vitaminas y electrolitos.<\/p>\n<p>Este grupo de bacterias probi\u00f3ticas gram-positivas facilita la eliminaci\u00f3n de bacterias (como E.coli) y virus pat\u00f3genos, disminuye las toxinas tales como amon\u00edaco mediante la digesti\u00f3n de nitr\u00f3geno para la s\u00edntesis de prote\u00ednas y mejora la funci\u00f3n del sistema inmunol\u00f3gico (el 80% de la funci\u00f3n del sistema inmunol\u00f3gico se origina en los intestinos), evitando muchas enfermedades graves.<\/p>\n<p>El S\u00edndrome del Intestino Irritable (tambi\u00e9n llamado s\u00edndrome del colon irritable) es un problema gastrointestinal que, en los pa\u00edses desarrollados, afecta hasta al 15% de los adultos y puede ser causado por el consumo de alcohol, bebidas con cafe\u00edna o diur\u00e9ticas, refrescos y medicamentos, incluyendo los antibi\u00f3ticos. El estr\u00e9s tambi\u00e9n puede comprometer la eficacia del tracto digestivo aumentando la producci\u00f3n de \u00e1cido clorh\u00eddrico (HCl). Los s\u00edntomas de esta enfermedad incluyen hinchaz\u00f3n, calambres y dolor abdominal, y en condiciones extremas, diarrea y estre\u00f1imiento.<\/p>\n<p>Sura Vitasan ha desarrollado esta formulaci\u00f3n \u00fanica de 100 mil millones de UFC (2 c\u00e1psulas) para restaurar el equilibrio microbiano necesario para una buena salud general. La cobertura ent\u00e9rica de la c\u00e1psula protege el producto de los jugos g\u00e1stricos y asegura su potencia al 100%.<\/p>\n<p>BIFIDOBACTERIUM LONGUM, B.BIFIDUM, B.INFANTIS, B.BREVE: Las cuatro cepas de Bifidobacterium de PRO-URGENCY se encuentran entre las especies m\u00e1s importantes de bacterias probi\u00f3ticas que se implantan en el sistema gastrointestinal desde el nacimiento hasta el mantenimiento de una buena salud durante toda la vida adulta. Estas bacterias representan el 95% de la flora intestinal en los reci\u00e9n nacidos y disminuye hasta un 25% en los adultos.<\/p>\n<p>BIFIDOBACTERIUM INFANTIS R0033: sobrevive a los \u00e1cidos del est\u00f3mago y biliares, y en general es capaz de adherirse a los tejidos intestinales. Produce \u00e1cido ac\u00e9tico e inhibe bacterias pat\u00f3genas(18).<\/p>\n<p>BIFIDOBACTERIUM BIFIDUM R0071: aumenta la producci\u00f3n de IgA intestinal, potenciando la defensa contra pat\u00f3genos del tracto gastrointestinal(2,12). Su mecanismo de acci\u00f3n favorece al tratamiento de las infecciones del tracto respiratorio superior, como el resfriado y la gripe(12).<\/p>\n<p>BIFIDOBACTERIUM LONGUM R0175: tiene propiedades antiinflamatorias y est\u00e1 indicado para molestias gastrointestinales, la Diarrea Asociada con Antibi\u00f3ticos (DDA), infecciones por pat\u00f3genos y alergias estacionales, entre otras(10,11).<\/p>\n<p>BIFIDOBACTERIUM BREVE R0070: mantiene la homeostasis intestinal a trav\u00e9s de la inducci\u00f3n de c\u00e9lulas T intestinales(13). Protege la funci\u00f3n del colon, alivia el estre\u00f1imiento y reduce los gases, distensi\u00f3n abdominal y diarrea. Adem\u00e1s, estimula el sistema inmunol\u00f3gico, inhibe E.coli, y suprime el hongo Candida(14,15).<\/p>\n<p>LACTOBACILLUS CASEI R0215: Se utiliza para tratar las infecciones intestinales, act\u00faa mediante la mejora de la inmunidad contra las infecciones bacterianas y virales(4).<\/p>\n<p>LACTOBACILLUS PLANTARUM R1012: funciona contra las bacterias no deseadas, espec\u00edficamente sobre el s\u00edndrome del intestino irritable y en su mayor\u00eda, en la colitis ulcerosa(7,8).<\/p>\n<p>LACTOBACILLUS RHAMNOSUS R0011: tiene la propiedad de adherirse a la mucosa intestinal y colonizar el tracto intestinal, protegi\u00e9ndolo de microorganismos no deseados. Tambi\u00e9n protege al organismo de bacterias y virus. Ayuda a la cicatrizaci\u00f3n de las infecciones vaginales. Disminuye la producci\u00f3n de toxinas mediante el control de los microbios de putrefacci\u00f3n contenidas en el organismo(1).<\/p>\n<p>LACTOBACILLUS HELVETICUS R0052: se encuentra en los productos l\u00e1cteos y asegura la absorci\u00f3n de los nutrientes. Protege el tracto gastrointestinal, fortalece la mucosa intestinal, previene y cura la diarrea y desempe\u00f1a un papel importante en la digesti\u00f3n. Tambi\u00e9n limita la proliferaci\u00f3n de Candida albicans y reduce la intolerancia a la lactosa. Controla los microorganismos y bacterias intestinales no deseados(5).<\/p>\n<p>LACTOBACILLUS DELBRUECKII spp. BULGARICUS: mejora la inmunidad, la digesti\u00f3n y la tolerancia a la lactosa, reduce el colesterol y ayuda en el control de infecciones intestinales (como la diarrea, la DDA y la enfermedad asociada a Clostridium difficile)(16). Tambi\u00e9n se puede encontrar en el queso y el yogurt.<\/p>\n<p>STREPTOCOCCUS SALIVARIUS spp. THERMOPHILUS: ayuda a controlar las bacterias da\u00f1inas, reduce la intolerancia a la lactosa, tiene efectos positivos sobre la diarrea en ni\u00f1os, enterocolitis en reci\u00e9n nacidos y en enfermedades inflamatorias intestinales. Mejora la eficacia si se mezcla con otros probi\u00f3ticos en casos de diarrea por rotavirus(17). Tambi\u00e9n puede producir sustancias naturales similares a antibi\u00f3ticos(1).<\/p>\n<p>FRUCTOOLIGOSAC\u00c1RIDOS (FOS) (inulina): la inulina es un polisac\u00e1rido que se clasifica como una fibra soluble. Act\u00faa como prebi\u00f3tico para apoyar la formaci\u00f3n de colonias de las cepas bacterianas(18).<\/p>\n<p>ARABINOGALACTANO (AOS): tambi\u00e9n han demostrado potenciar los efectos de los prebi\u00f3ticos, estimulando selectivamente el crecimiento y\/o actividad de los probi\u00f3ticos en el colon, consiguiendo una eliminaci\u00f3n y una funci\u00f3n gastrointestinal sana. Por otro lado, conducen al sistema inmunol\u00f3gico a un estado continuo de m\u00e1ximo rendimiento para la identificaci\u00f3n y la eliminaci\u00f3n de organismos invasores(19).<\/p>\n<p>MALTODEXTRINA: promueve la proliferaci\u00f3n de las colonias de bacterias beneficiosas y potencia el efecto probi\u00f3tico en el intestino delgado(20).<\/p>\n","protected":false},"excerpt":{"rendered":"<p>Pro-Urgency es una combinaci\u00f3n potente y avanzada de 10 cepas bacterianas seleccionadas, F.O.S (achicoria) y A.O.S (alerce). Aporta un m\u00ednimo de 50.000 millones de bacterias viables por c\u00e1psula con cobertura ent\u00e9rica PH5D para una \u00f3ptima protecci\u00f3n frente a las secreciones \u00e1cidas del est\u00f3mago.<\/p>\n","protected":false},"featured_media":5632,"comment_status":"open","ping_status":"closed","template":"","meta":{"_joinchat":[]},"product_brand":[],"product_cat":[131,128,127,132,126],"product_tag":[],"class_list":{"0":"post-5631","1":"product","2":"type-product","3":"status-publish","4":"has-post-thumbnail","6":"product_cat-bajar-peso-saludablemente","7":"product_cat-fitoterapia-capsulas-y-comprimidos","8":"product_cat-nutricion-ortomolecular","9":"product_cat-suplementos-deportivos","10":"product_cat-suplementos-naturales","12":"first","13":"instock","14":"taxable","15":"shipping-taxable","16":"purchasable","17":"product-type-simple"},"_links":{"self":[{"href":"https:\/\/www.naturclic.com\/index.php?rest_route=\/wp\/v2\/product\/5631","targetHints":{"allow":["GET"]}}],"collection":[{"href":"https:\/\/www.naturclic.com\/index.php?rest_route=\/wp\/v2\/product"}],"about":[{"href":"https:\/\/www.naturclic.com\/index.php?rest_route=\/wp\/v2\/types\/product"}],"replies":[{"embeddable":true,"href":"https:\/\/www.naturclic.com\/index.php?rest_route=%2Fwp%2Fv2%2Fcomments&post=5631"}],"wp:featuredmedia":[{"embeddable":true,"href":"https:\/\/www.naturclic.com\/index.php?rest_route=\/wp\/v2\/media\/5632"}],"wp:attachment":[{"href":"https:\/\/www.naturclic.com\/index.php?rest_route=%2Fwp%2Fv2%2Fmedia&parent=5631"}],"wp:term":[{"taxonomy":"product_brand","embeddable":true,"href":"https:\/\/www.naturclic.com\/index.php?rest_route=%2Fwp%2Fv2%2Fproduct_brand&post=5631"},{"taxonomy":"product_cat","embeddable":true,"href":"https:\/\/www.naturclic.com\/index.php?rest_route=%2Fwp%2Fv2%2Fproduct_cat&post=5631"},{"taxonomy":"product_tag","embeddable":true,"href":"https:\/\/www.naturclic.com\/index.php?rest_route=%2Fwp%2Fv2%2Fproduct_tag&post=5631"}],"curies":[{"name":"wp","href":"https:\/\/api.w.org\/{rel}","templated":true}]}}