{"id":5633,"date":"2020-03-16T14:52:45","date_gmt":"2020-03-16T13:52:45","guid":{"rendered":"http:\/\/www.naturclic.com\/?post_type=product&#038;p=5633"},"modified":"2020-03-16T14:53:32","modified_gmt":"2020-03-16T13:53:32","slug":"neurocontrol-60-capsulas-cfn","status":"publish","type":"product","link":"https:\/\/www.naturclic.com\/?product=neurocontrol-60-capsulas-cfn","title":{"rendered":"Neurocontrol 60 c\u00e1psulas CFN"},"content":{"rendered":"<p>Comprimidos desarrollados para ejercer una acci\u00f3n profunda y pleiotr\u00f3pica sobre el sistema nervioso y las gl\u00e1ndulas adrenales.<\/p>\n<p>Los complementos alimenticios no deben utilizarse como sustitutos de una dieta variada y equilibrada y por un modo de vida sano.<\/p>\n<p>No superar la dosis diaria recomendada. Mantener fuera del alcance de los ni\u00f1os.<\/p>\n<p>Ingredientes:<br \/>\nCalostro, Vitamina C (\u00c1cido L-Asc\u00f3rbico), Estabilizante (Celulosa microcristalina), Antiaglomerante (Estearato de magnesio y Di\u00f3xido de silicio) y Envoltura (Gelatina).<\/p>\n<p>Composici\u00f3n (Por c\u00e1psula):<\/p>\n<p>Composici\u00f3n\tpor c\u00e1psula:<br \/>\nLteanina\t75 mg<br \/>\nExt. seco de magnolia (1,55% honokiol) \t100 mg<br \/>\nExt. seco Lavandula angustifolia (1,3% aceites esenciales) \t50 mg<br \/>\nExt. Seco de pasiflora incarnata (2,17% flavonoides totales)\t50 mg<br \/>\nMagnesio \u00f3xido (60% Mg. elemental)\t67,5 mg<br \/>\nE.S. de estigmas de Crocus sativus AFFRON\t15 mg<br \/>\n5 Lhidroxitript\u00f3fano (Griffonia simplifolica seed) \t25 mg<br \/>\nInositol \t150 mg<br \/>\nTiamina HCI \t10 mg<br \/>\nP5P (Piridoxal 5fosfato)\t3 mg<br \/>\nNiacinamida \t3 mg<\/p>\n","protected":false},"excerpt":{"rendered":"<p>Comprimidos desarrollados para ejercer una acci\u00f3n profunda y pleiotr\u00f3pica sobre el sistema nervioso y las gl\u00e1ndulas adrenales.<\/p>\n<p>Los complementos alimenticios no deben utilizarse como sustitutos de una dieta variada y equilibrada y por un modo de vida sano.<\/p>\n<p>No superar la dosis diaria recomendada. Mantener fuera del alcance de los ni\u00f1os.<\/p>\n","protected":false},"featured_media":5634,"comment_status":"open","ping_status":"closed","template":"","meta":{"_joinchat":[]},"product_brand":[],"product_cat":[128,127],"product_tag":[],"class_list":{"0":"post-5633","1":"product","2":"type-product","3":"status-publish","4":"has-post-thumbnail","6":"product_cat-fitoterapia-capsulas-y-comprimidos","7":"product_cat-nutricion-ortomolecular","9":"first","10":"onbackorder","11":"sale","12":"taxable","13":"shipping-taxable","14":"purchasable","15":"product-type-simple"},"_links":{"self":[{"href":"https:\/\/www.naturclic.com\/index.php?rest_route=\/wp\/v2\/product\/5633","targetHints":{"allow":["GET"]}}],"collection":[{"href":"https:\/\/www.naturclic.com\/index.php?rest_route=\/wp\/v2\/product"}],"about":[{"href":"https:\/\/www.naturclic.com\/index.php?rest_route=\/wp\/v2\/types\/product"}],"replies":[{"embeddable":true,"href":"https:\/\/www.naturclic.com\/index.php?rest_route=%2Fwp%2Fv2%2Fcomments&post=5633"}],"wp:featuredmedia":[{"embeddable":true,"href":"https:\/\/www.naturclic.com\/index.php?rest_route=\/wp\/v2\/media\/5634"}],"wp:attachment":[{"href":"https:\/\/www.naturclic.com\/index.php?rest_route=%2Fwp%2Fv2%2Fmedia&parent=5633"}],"wp:term":[{"taxonomy":"product_brand","embeddable":true,"href":"https:\/\/www.naturclic.com\/index.php?rest_route=%2Fwp%2Fv2%2Fproduct_brand&post=5633"},{"taxonomy":"product_cat","embeddable":true,"href":"https:\/\/www.naturclic.com\/index.php?rest_route=%2Fwp%2Fv2%2Fproduct_cat&post=5633"},{"taxonomy":"product_tag","embeddable":true,"href":"https:\/\/www.naturclic.com\/index.php?rest_route=%2Fwp%2Fv2%2Fproduct_tag&post=5633"}],"curies":[{"name":"wp","href":"https:\/\/api.w.org\/{rel}","templated":true}]}}