{"id":5640,"date":"2020-03-16T16:12:28","date_gmt":"2020-03-16T15:12:28","guid":{"rendered":"http:\/\/www.naturclic.com\/?post_type=product&#038;p=5640"},"modified":"2024-12-20T11:02:24","modified_gmt":"2024-12-20T10:02:24","slug":"zenplus-30-capsulas-sura-vitasan","status":"publish","type":"product","link":"https:\/\/www.naturclic.com\/?product=zenplus-30-capsulas-sura-vitasan","title":{"rendered":"ZenPlus 30 c\u00e1psulas Sura Vitasan"},"content":{"rendered":"<p>ZENPLUS es una f\u00f3rmula elaborada con ingredientes a los que se les atribuye propiedades adapt\u00f3genas aumentando la resistencia del organismo a las m\u00faltiples formas de estr\u00e9s. Regula los principales mediadores implicados en la respuesta al estr\u00e9s y contribuye a mejorar la resistencia f\u00edsica y el rendimiento cognitivo potenciando la concentraci\u00f3n y la capacidad cr\u00edtica. ZENPLUS reduce la irritabilidad nerviosa y la ansiedad a la vez que favorece un bienestar emocional y mental.<\/p>\n<p>L-TEANINA: Se trata de un amino\u00e1cido presente casi exclusivamente en la planta del t\u00e9 que se sintetiza en la ra\u00edz y se concentra en las hojas.<\/p>\n<p>La L-teanina ha sido ampliamente estudiada por sus beneficios sobre la salud. Produce un efecto relajante en situaciones de estr\u00e9s debido a que incrementa la actividad de las ondas cerebrales alfa, una se\u00f1al de relajaci\u00f3n inducida. En el cerebro, la L-teanina aumenta el GABA, un neurotransmisor que participa en la regulaci\u00f3n del equilibrio-excitabilidad, adem\u00e1s de aumentar los niveles de dopamina y serotonina que elevan el estado de \u00e1nimo y el buen humor. En un estudio realizado en Jap\u00f3n se sugiere que la ingesta oral de L-teanina podr\u00eda causar efectos antiestr\u00e9s mediante la inhibici\u00f3n de la excitaci\u00f3n de neuronas corticales(1,2).<\/p>\n<p>ASHVAGANDHA: La ra\u00edz de la Withania somn\u00edfera se ha empleado tradicionalmente para tratar los estados de ansiedad e hiperexcitabilidad nerviosa entre otras aplicaciones. En su composici\u00f3n abundan principalmente los witan\u00f3lidos y en menor proporci\u00f3n alcaloides y saponinas(3). En la monograf\u00eda de la OMS se detalla su actividad antiestr\u00e9s al mejorar el tiempo de reacci\u00f3n, su poder antioxidante, su actividad inmunoestimuladora y su capacidad neuroprotectora. En medicina ayurv\u00e9dica se ha utilizado por su capacidad adapt\u00f3gena para mejorar la salud f\u00edsica y mental, aumentar la resistencia contra enfermedades y contaminantes externos, as\u00ed como para aumentar la longevidad(4,5,6).<\/p>\n<p>ALBAHACA SAGRADA: Es una planta arom\u00e1tica con una larga trayectoria en la medicina tradicional ayurv\u00e9dica considerada como un adapt\u00f3geno que equilibra distintos procesos corporales y ayuda a adaptarse al estr\u00e9s. En la India se la considera una albahaca sagrada. Conocida tambi\u00e9n como Tuls\u00ed existe una amplia evidencia cient\u00edfica que describe su potencial terap\u00e9utico. Investigaciones m\u00e1s actuales han permitido destacar al eugenol, componente activo de Ocimum tenuiflorum, como principal responsable de su actividad. En un estudio realizado recientemente se demostr\u00f3 la actividad ansiol\u00edtica de Ocimum tenuiflorum en pacientes con trastorno de ansiedad generalizado(7,8).<\/p>\n<p>PASIFLORA: La parte activa de la planta son sus sumidades a\u00e9reas. En su composici\u00f3n qu\u00edmica abundan los flavonoides adem\u00e1s de otros compuestos fitoqu\u00edmicos que act\u00faan sin\u00e9rgicamente y que justifica su empleo terap\u00e9utico. Su monograf\u00eda se encuentra descrita en publicaciones tan prestigiosas como la ESCOP, OMS o la EMEA indic\u00e1ndola adem\u00e1s de para el insomnio, para la ansiedad, nerviosismo, irritabilidad, palpitaciones entre otras. Con frecuencia se asocia a otras plantas para potenciar su efecto o para tratar modalidades distintas de insomonio(9,10,11).<\/p>\n<p>RODIOLA: Contiene numerosos principios activos, incluyendo proantocianidinas y flavonoides, sin embargo, los principales son fenilpropanoides (rosavina, rosina, salidrosido, entre otros). Est\u00e1 considerada como una de las principales adapt\u00f3genas, es decir aumenta la resistencia del organismo a las m\u00faltiples formas de estr\u00e9s que le afectan. Su efecto beneficioso sobre el estr\u00e9s est\u00e1 relacionado con la regulaci\u00f3n que ejerce a trav\u00e9s del eje hipot\u00e1lamo-hip\u00f3fisis-suprarrenal y el control de los principales mediadores de la respuesta al estr\u00e9s (Hsp70, DAT-16, cortisol, NO, entre otros) as\u00ed como su influencia sobre la actividad de las monoaminas y p\u00e9ptidos opioides(12-16).<\/p>\n<p>Numerosos estudios han demostrado su efecto antiestr\u00e9s y su capacidad de mejorar el rendimiento cognitivo (memoria, c\u00e1lculo mental, concentraci\u00f3n) sobre todo bajo condiciones de estr\u00e9s. En un estudio se demostr\u00f3 que pacientes sometidos a ciertas condiciones de estr\u00e9s, tras la administraci\u00f3n de 170 mg de un extracto de Rhodiola durante 15 d\u00edas, mejor\u00f3 de forma significativa la funci\u00f3n cerebral cognitiva y perceptiva. Rhodiola contribuye a incrementar la resistencia f\u00edsica y mental aumentando la resistencia al esfuerzo y disminuye el tiempo de recuperaci\u00f3n tras el esfuerzo por lo que algunos estudios sugieren su utilidad en deportistas y en pacientes con el sistema inmune disminuido(12-19).<\/p>\n<p>ASTR\u00c1GALO: La parte de la planta que se emplea en terap\u00e9utica es la ra\u00edz. Los componentes activos mayoritarios son saponinas triterp\u00e9nicas y polisac\u00e1ridos. Numerosas investigaciones confirman el efecto inmunoestimulante de la ra\u00edz que puede ejercer un efecto beneficioso en situaciones en las que el sistema inmunitario se haya comprometido como las situaciones de estr\u00e9s. Parece que la actividad inmunoestimulante est\u00e1 asociada a su fracci\u00f3n polisac\u00e1rida. En un estudio reciente se evalu\u00f3 el efecto anti-estr\u00e9s del astr\u00e1galo en un modelo de estr\u00e9s inducido. Los resultados fueron muy concluyentes observando que la administraci\u00f3n de astr\u00e1galo reajustaba los niveles de ciertos transmisores neuroqu\u00edmicos implicados en el estr\u00e9s. Se detect\u00f3 una reducci\u00f3n significativa de la tirosina hidroxilasa en las neuronas del locus coeruleus y un aumento de la actividad colin\u00e9rgica en el hipot\u00e1lamo mejorando el aprendizaje espacial, la memoria y reduciendo el estr\u00e9s(20,21).<\/p>\n<p>AVENA: La EMEA aprueba el uso tradicional de las partes a\u00e9reas de la planta para el alivio de los s\u00edntomas leves de estr\u00e9s mental y para ayudar a conciliar el sue\u00f1o. De hecho, le atribuye una suave acci\u00f3n sedante por la presencia de un alcaloide ind\u00f3lico similar al alcaloide contenido en Passiflora por lo que seguramente act\u00faan en sinergia. La Comisi\u00f3n E describe el uso de la Avena en el tratamiento de la ansiedad aguda y cr\u00f3nica, as\u00ed como en situaciones de estr\u00e9s, estados de excitaci\u00f3n y s\u00edndrome neurast\u00e9nico(22,23).<\/p>\n<p>FELODENDRON: La parte de la planta utilizada en terap\u00e9utica es la corteza, cuyo principal componente es la berberina. Este compuesto ha demostrado su actividad ansiol\u00edtica en distintos modelos experimentales. Est\u00e1 actividad tambi\u00e9n ha sido demostrada en otro estudio realizado en mujeres con sobrepeso asociado al estr\u00e9s, en la que una combinaci\u00f3n de Felodendron y Magnolia reducen los niveles de cortisol y el estr\u00e9s percibido, ayudando as\u00ed a mantener el peso(24,25).<\/p>\n<p>AZUFAIFA ROJA: En medicina tradicional china el fruto de la planta se ha utilizado en el insomnio, cansancio, inapetencia y en la ansiedad. Sus componentes principales son triterpenos y saponinas triterp\u00e9nicas. Existe cierta evidencia cient\u00edfica en que se muestra el efecto hipn\u00f3tico de los jujub\u00f3sidos influyendo sobre el ritmo circadiano y el sistema seritonin\u00e9rgico. En las monograf\u00edas de la OMS describe sus beneficios en el tratamiento del insomnio asociado a la irritabilidad(26).<\/p>\n<p>MAGNOLIA: La corteza de la planta contiene magnolol y honokiol como principales componentes y es a \u00e9stos a los que se les atribuye una acci\u00f3n ansiol\u00edtica y antidepresiva debido a que ambos compuestos tienen cierta selectividad por determinados subtipos del receptor GABA-A. En un estudio realizado en el 2008 se demostr\u00f3 el efecto sin\u00e9rgico de la Magnolia y el Felodendron los cuales ayudan a mantener los niveles de cortisol y DHEA, hormonas relacionadas con los s\u00edntomas del estr\u00e9s, y proporci\u00f3 un alivio para las mujeres premenop\u00e1usicas que sufr\u00edan de ansiedad transitoria(27-30).<\/p>\n<p>VITAMINAS DEL COMPLEJO B: Formado por un conjunto de vitaminas que act\u00faan en com\u00fan para conseguir que nuestro organismo manifieste una buena salud. En general mantienen en buenas condiciones el sistema nervioso, cuidan de la salud mental y fortalecen el sistema inmunol\u00f3gico entre otras funciones(32,33);<\/p>\n<p>Vitamina B1 (Tiamina HCl): Es necesaria para transformar los alimentos en energ\u00eda y para que el cerebro pueda absorber la glucosa que necesita para funcionar adecuadamente. Cuando se produce una deficiencia de esta vitamina, aparecen problemas de depresi\u00f3n, cansancio, falta de inter\u00e9s, problemas de falta de memoria o poca agilidad mental. Es necesaria para que el sistema nervioso se nutra adecuadamente. La administraci\u00f3n de suplementos de esta vitamina ayuda a reducir los s\u00edntomas negativos de la depresi\u00f3n al estabilizar los niveles de tiamina. Resulta \u00fatil en casos de demencia y ayuda a superar el estr\u00e9s.<\/p>\n<p>Vitamina B2 (Rivoflavina): Necesaria para el buen funcionamiento de las c\u00e9lulas nerviosas, influye positivamente en determinados trastornos nerviosos como el estr\u00e9s, el insomnio y ansiedad.<\/p>\n<p>Vitamina B3 (Inositol-hexanicotinato) (niacinamida): Peque\u00f1as deficiencias de esta vitamina pueden provocar alteraciones del sistema nervioso como nerviosismo, irritabilidad, insomnio y depresi\u00f3n. Incorporamos la vitamina B3 en forma de inositol-hexanicotinato y de niacinamida (no ruborizante).<\/p>\n<p>Vitamina B5 (D-\u00e1cido pantot\u00e9nico de calcio): Interviene en el funcionamiento de la gl\u00e1ndula suprarrenal, la cual es responsable de liberar cortisol, una hormona relacionada con el tono vital y el estado de alerta.<\/p>\n<p>Vitamina B6 (Piridoxina HCl): Necesaria para la creaci\u00f3n de la hemoglobina en la sangre y junto con el resto de vitaminas del grupo B participan en el mantenimiento del sistema nervioso e inmunitario. Favorece la mejora de la depresi\u00f3n ya que suplementos de esta vitamina elevan los niveles de serotonina y favorece el mantenimiento de la memoria en personas mayores.<\/p>\n<p>Vitamina B7 (Biotina): Ayuda a utilizar el \u00e1cido pantot\u00e9nico y el \u00e1cido f\u00f3lico. Participa en el metabolismo de las grasas, prote\u00ednas e hidratos de carbono y deficiencias en biotina pueden manifestarse en forma de alteraciones nerviosas.<\/p>\n<p>Vitamina B9 (\u00c1cido f\u00f3lico): Algunos de los s\u00edntomas relacionados con su deficiencia son la debilidad, la depresi\u00f3n, la falta de memoria o el mal humor, entre otros.<\/p>\n<p>Vitamina B12 (Metilcobalamina): Est\u00e1 implicada en las actividades de numerosas enzimas org\u00e1nicas y colabora en el mantenimiento de la salud del sistema nervioso.<\/p>\n<p>Colina bitartrato: Es necesaria para la formaci\u00f3n de la aceltilcolina, neurotransmisor del cerebro, cuya funci\u00f3n principal es la transmisi\u00f3n de los impulsos nerviosos, por lo que tiene una importancia capital en el buen funcionamiento de la conducci\u00f3n nerviosa.<\/p>\n<p>Inositol: Es necesario para el buen estado de las c\u00e9lulas nerviosas y junto con la colina es responsable de la creaci\u00f3n de neurotransmisores. El inositol interviene en el equilibrio qu\u00edmico del cobre y el zinc en las c\u00e9lulas nerviosas. La falta de esta vitamina puede producir exceso de cobre que ser\u00e1 responsable de la aparici\u00f3n de numerosos problemas del sistema nervioso: angustia, insomnio, nerviosismo, estr\u00e9s depresi\u00f3n.<\/p>\n<p>PABA (\u00e1cido paraaminobenz\u00f3ico): Se ha descrito que una deficiencia de este cofactor puede causar fatiga, irritabilidad, depresi\u00f3n, nerviosism<\/p>\n","protected":false},"excerpt":{"rendered":"<p>Ingredientes:L-teanina, extracto de ra\u00edz de ashwagandha (Withania somnifera), extracto de hoja de albahaca sagrada (Ocimum tenuiflorum), extracto de pasiflora (Passiflora incarnata), extracto de rodiola (Rhodiola rosea), extracto de avena (Avena sativa), bitartrato de colina, D-pantotenato c\u00e1lcico (vit. B5), inositol, \u00e1cido para-aminobenzoico (PABA), clorhidrato de tiamina (vit. B1), riboflavina (vit. B2), clorhidrato de piridoxina (vit. B6), D-ribosa, extracto de ra\u00edz de astr\u00e1galo (Astragalus membranaceus), hexanicotinato de inositol (vit. B3), extracto de corteza de felodendron (Phellodendron amurense), fruto de azufaifa roja (Ziziphus jujuba), nicotinamida (vit. B3), extracto de corteza de magnolia (Magnolia officinalis), antiaglomerantes (estearato de magnesio vegetal y di\u00f3xido de silicio), L-metilfolato c\u00e1lcico, D-biotina, riboflavina 5\u00b4-fosfato s\u00f3dico (vit. B2), piridoxal 5\u00b4-fosfato (vit. B6), metilcobalamina (vit. B12), c\u00e1psula vegetal (agente de recubrimiento: hidroxipropilmetilcelulosa; humectante: agua purificada).<\/p>\n","protected":false},"featured_media":5641,"comment_status":"open","ping_status":"closed","template":"","meta":{"_joinchat":[]},"product_brand":[],"product_cat":[15],"product_tag":[],"class_list":{"0":"post-5640","1":"product","2":"type-product","3":"status-publish","4":"has-post-thumbnail","6":"product_cat-sin-categorizar","8":"first","9":"instock","10":"taxable","11":"shipping-taxable","12":"purchasable","13":"product-type-simple"},"_links":{"self":[{"href":"https:\/\/www.naturclic.com\/index.php?rest_route=\/wp\/v2\/product\/5640","targetHints":{"allow":["GET"]}}],"collection":[{"href":"https:\/\/www.naturclic.com\/index.php?rest_route=\/wp\/v2\/product"}],"about":[{"href":"https:\/\/www.naturclic.com\/index.php?rest_route=\/wp\/v2\/types\/product"}],"replies":[{"embeddable":true,"href":"https:\/\/www.naturclic.com\/index.php?rest_route=%2Fwp%2Fv2%2Fcomments&post=5640"}],"wp:featuredmedia":[{"embeddable":true,"href":"https:\/\/www.naturclic.com\/index.php?rest_route=\/wp\/v2\/media\/5641"}],"wp:attachment":[{"href":"https:\/\/www.naturclic.com\/index.php?rest_route=%2Fwp%2Fv2%2Fmedia&parent=5640"}],"wp:term":[{"taxonomy":"product_brand","embeddable":true,"href":"https:\/\/www.naturclic.com\/index.php?rest_route=%2Fwp%2Fv2%2Fproduct_brand&post=5640"},{"taxonomy":"product_cat","embeddable":true,"href":"https:\/\/www.naturclic.com\/index.php?rest_route=%2Fwp%2Fv2%2Fproduct_cat&post=5640"},{"taxonomy":"product_tag","embeddable":true,"href":"https:\/\/www.naturclic.com\/index.php?rest_route=%2Fwp%2Fv2%2Fproduct_tag&post=5640"}],"curies":[{"name":"wp","href":"https:\/\/api.w.org\/{rel}","templated":true}]}}