{"id":5645,"date":"2020-03-16T16:20:55","date_gmt":"2020-03-16T15:20:55","guid":{"rendered":"http:\/\/www.naturclic.com\/?post_type=product&#038;p=5645"},"modified":"2024-08-09T16:22:36","modified_gmt":"2024-08-09T14:22:36","slug":"enerplus-45-capsulas-sura-vitasan","status":"publish","type":"product","link":"https:\/\/www.naturclic.com\/?product=enerplus-45-capsulas-sura-vitasan","title":{"rendered":"EnerPlus 45 c\u00e1psulas Sura Vitasan"},"content":{"rendered":"<p>EnerPlus es una f\u00f3rmula creada especialmente para fortalecer el sistema inmunitario, vigorizar, aportar energ\u00eda y combatir estados de convalecencia y estr\u00e9s.<\/p>\n<p>El polen de abeja y el astr\u00e1galo aumentan la energ\u00eda, favoreciendo una mejor resistencia f\u00edsica, equilibrando los sistemas del cuerpo. El ginseng rojo y el ginseng siberiano son los mejores t\u00f3nicos energ\u00e9ticos; estimulan todo el cuerpo, ayudando a superar el estr\u00e9s, la fatiga y la debilidad. La ribosa ayuda a la producci\u00f3n de energ\u00eda a nivel celular, mejora el tiempo de recuperaci\u00f3n muscular y la resistencia. La ra\u00edz de regaliz tiene capacidad para ayudar con el estr\u00e9s y la energ\u00eda, ya que contiene sustancias similares a las hormonas corticales suprarrenales del cuerpo, por lo que es ideal para aquellos que sufren de insuficiencia suprarrenal y agotamiento.<\/p>\n<p>POLEN DE ABEJA: la sustancia activa del polen de abeja es rica en amino\u00e1cidos, prote\u00ednas, vitaminas (principalmente B12), minerales y oligoelementos. Tanto las prote\u00ednas como los amino\u00e1cidos son de gran importancia de cara al fortalecimiento y conservaci\u00f3n del sistema inmunitario, as\u00ed como para combatir el estr\u00e9s. El polen de abeja aumenta el nivel de hemoglobina lo cual facilita la transmisi\u00f3n de ox\u00edgeno a las c\u00e9lulas y combate la aparici\u00f3n de cansancio (1,2).<\/p>\n<p>RA\u00cdZ DE ASTRAGALUS Y RA\u00cdZ DE REGALIZ: ambas poseen un efecto enormemente positivo sobre el sistema inmunitario, sobre todo en las c\u00e9lulas con funci\u00f3n T y en la producci\u00f3n de interfer\u00f3n. Las c\u00e9lulas T contribuyen a la inmunidad celular y defienden el organismo frente a virus, bacterias, hongos y par\u00e1sitos. La presencia de estas c\u00e9lulas es particularmente esencial tras terapias contra el c\u00e1ncer. Gracias a su efecto energ\u00e9tico e inmunol\u00f3gico, estas ra\u00edces constituyen una defensa frente a enfermedades (infecciosas) y a su vez un restit\u00fayete cuando el sistema inmunitario se encuentre debilitado por causa de alguna enfermedad. Adem\u00e1s, la ra\u00edz de Astr\u00e1galo act\u00faa como t\u00f3nico para la circulaci\u00f3n (3-5).<\/p>\n<p>GINSENG ROJO: con propiedades estimulantes y energ\u00e9ticas, regula la presi\u00f3n sangu\u00ednea, disminuyendo al mismo tiempo el porcentaje de colesterina. Estimulante del sistema nervioso central suprime la sensaci\u00f3n de fatiga.<\/p>\n<p>Activa el intercambio de las prote\u00ednas y del \u00e1cido nucleico (6,7).<\/p>\n<p>GINSENG SIBERIANO: Afecta positivamente la actividad cerebral mejorando la concentraci\u00f3n y desde el punto de vista de la motricidad la coordinaci\u00f3n de movimientos. Tambi\u00e9n posee propiedades antioxidantes y de fortalecimiento inmunol\u00f3gico. Es especialmente recomendable en casos de estr\u00e9s excesivo (el efecto antiestr\u00e9s surge gracias al fortalecimiento de la funci\u00f3n de la gl\u00e1ndula adrenal) al igual que en estados de convalecencia (8).<\/p>\n<p>D-RIBOSA: es una mol\u00e9cula simple de carbohidratos que se encuentra en todas las c\u00e9lulas del cuerpo humano. El estr\u00e9s f\u00edsico puede aumentar la p\u00e9rdida de nucle\u00f3tidos (como ATP, ADP y AMP) del coraz\u00f3n y de los m\u00fasculos esquel\u00e9ticos. D-Ribosa es fundamental en la producci\u00f3n continua de ATP, la mol\u00e9cula que da a nuestros m\u00fasculos y corazones la energ\u00eda que necesitan para realizar. La ribosa ayuda a la producci\u00f3n de energ\u00eda a nivel celular, mejora el tiempo de recuperaci\u00f3n muscular y la resistencia (9-11).<\/p>\n<p>N,N DIMETILGLICINA (DMG): la dimetilglicina (DMG) es un amino\u00e1cido derivado de la glicina que se encuentra en el cuerpo en cantidades muy peque\u00f1as. Los estudios reflejan que aporta m\u00faltiples beneficios al organismo ya que mejora la utilizaci\u00f3n de ox\u00edgeno y respiraci\u00f3n celular, reduce la formaci\u00f3n de \u00e1cido l\u00e1ctico, estimula el metabolismo de gl\u00facidos y l\u00edpidos y mejora la respuesta inmunol\u00f3gica tanto humoral como celular. Gracias a estas propiedades la DMG es un buen apoyo a nivel cardiovascular abasteciendo de ox\u00edgeno al coraz\u00f3n, disminuyendo las arritmias y las anginas de pecho adem\u00e1s de ayudar a reducir los niveles de colesterol y triglic\u00e9ridos. Es especialmente interesante en el \u00e1mbito deportivo por su capacidad de incrementar el rendimiento, la resistencia y la recuperaci\u00f3n muscular tras el ejercicio siendo una sustancia de culto entre los atletas desde su uso en las Olimpiadas de 1964 y 1968 (12-15).<\/p>\n","protected":false},"excerpt":{"rendered":"<p>Ingredientes: D-ribosa, polen de abeja (multiflora), extracto de ra\u00edz de ginseng siberiano (Eleutherococcus senticosus), clorhidrato de N,N-Dimetilglicina, extracto de ra\u00edz de regaliz (Glycyrrhiza uralensis\/G. glabra), agente de carga (celulosa microcristalina), extracto de ra\u00edz de astr\u00e1galo (Astragalus membranaceus), extracto de ra\u00edz y hojas de Ginseng rojo (Panax ginseng), antiaglomerantes (estearato de magnesio vegetal y di\u00f3xido de silicio), soporte (\u00e1cido este\u00e1rico vegetal), c\u00e1psula vegetal (agente de recubrimiento: hidroxipropilmetilcelulosa; humectante:<\/p>\n","protected":false},"featured_media":5646,"comment_status":"open","ping_status":"closed","template":"","meta":{"_joinchat":[]},"product_brand":[],"product_cat":[134,135,128,132,126],"product_tag":[],"class_list":{"0":"post-5645","1":"product","2":"type-product","3":"status-publish","4":"has-post-thumbnail","6":"product_cat-aminoacidos-naturales","7":"product_cat-energeticos","8":"product_cat-fitoterapia-capsulas-y-comprimidos","9":"product_cat-suplementos-deportivos","10":"product_cat-suplementos-naturales","12":"first","13":"instock","14":"taxable","15":"shipping-taxable","16":"purchasable","17":"product-type-simple"},"_links":{"self":[{"href":"https:\/\/www.naturclic.com\/index.php?rest_route=\/wp\/v2\/product\/5645","targetHints":{"allow":["GET"]}}],"collection":[{"href":"https:\/\/www.naturclic.com\/index.php?rest_route=\/wp\/v2\/product"}],"about":[{"href":"https:\/\/www.naturclic.com\/index.php?rest_route=\/wp\/v2\/types\/product"}],"replies":[{"embeddable":true,"href":"https:\/\/www.naturclic.com\/index.php?rest_route=%2Fwp%2Fv2%2Fcomments&post=5645"}],"wp:featuredmedia":[{"embeddable":true,"href":"https:\/\/www.naturclic.com\/index.php?rest_route=\/wp\/v2\/media\/5646"}],"wp:attachment":[{"href":"https:\/\/www.naturclic.com\/index.php?rest_route=%2Fwp%2Fv2%2Fmedia&parent=5645"}],"wp:term":[{"taxonomy":"product_brand","embeddable":true,"href":"https:\/\/www.naturclic.com\/index.php?rest_route=%2Fwp%2Fv2%2Fproduct_brand&post=5645"},{"taxonomy":"product_cat","embeddable":true,"href":"https:\/\/www.naturclic.com\/index.php?rest_route=%2Fwp%2Fv2%2Fproduct_cat&post=5645"},{"taxonomy":"product_tag","embeddable":true,"href":"https:\/\/www.naturclic.com\/index.php?rest_route=%2Fwp%2Fv2%2Fproduct_tag&post=5645"}],"curies":[{"name":"wp","href":"https:\/\/api.w.org\/{rel}","templated":true}]}}