{"id":5652,"date":"2020-03-16T17:41:42","date_gmt":"2020-03-16T16:41:42","guid":{"rendered":"http:\/\/www.naturclic.com\/?post_type=product&#038;p=5652"},"modified":"2025-08-01T12:55:04","modified_gmt":"2025-08-01T10:55:04","slug":"d-manocist-50-g-polvo-sura-vitasan","status":"publish","type":"product","link":"https:\/\/www.naturclic.com\/?product=d-manocist-50-g-polvo-sura-vitasan","title":{"rendered":"D-Manocist 50 g (polvo) Sura Vitasan"},"content":{"rendered":"<p>Es una f\u00f3rmula a base de D-Manosa, un extracto ultra concentrado de ar\u00e1ndano rojo y Lactobacillus rhamnosus que act\u00faan en sinergia eficazmente en el control de las infecciones urinarias y especialmente de aquellas que se presentan de forma recurrente.<\/p>\n<p>D-MANOSA: Es un az\u00facar natural que previene la adhesi\u00f3n de Escherichia Coli (E.Coli), la principal bacteria implicada en las infecciones urinarias, en el epitelio del tracto urinario. La adhesi\u00f3n bacteriana supone el primer paso para el desarrollo de la infecci\u00f3n por lo que si se evita la adherencia evitamos el contacto entre el microorganismo y el epitelio urinario y el posterior desarrollo de la patogenia. E. Coli presenta unas estructuras adherentes en su superficie llamadas fimbrias que son unos ligandos proteicos que se unen a unos receptores espec\u00edficos situados en las membranas de las c\u00e9lulas epiteliales de la vejiga urinaria. En concreto, los estudios indican que las fimbrias tipo I se unen a residuos de manosa presentes en estos receptores celulares y se inicia la colonizaci\u00f3n e invasi\u00f3n del tracto urinario. Tras el proceso de invasi\u00f3n, las cepas uropat\u00f3genas de E.Coli pueden eludir los mecanismos de defensa del hu\u00e9sped, invadiendo las capas profundas del tejido y replic\u00e1ndose en el interior de sus c\u00e9lulas. De esta forma se crean biopel\u00edculas (biofilms) que no son m\u00e1s que bacterias ba\u00f1adas en una matriz rica en polis\u00e1caridos que forman focos masivos de E.coli que constituyen un aut\u00e9ntico reservorio en la vejiga urinaria y que son posibles fuentes de futuras infecciones del tracto urinario. La administraci\u00f3n oral de D-manosa pasa al torrente sangu\u00edneo y de aqu\u00ed es filtrada por los ri\u00f1ones hasta la orina donde se unir\u00e1 a las fimbrias tipo I evitando la adhesi\u00f3n de \u00e9stas a los receptores de las c\u00e9lulas epiteliales de la vejiga y por tanto estas bacterias ser\u00e1n eliminadas r\u00e1pidamente por la orina. Los estudios indican que la D-manosa no s\u00f3lo bloquea la adhesi\u00f3n de E.Coli sino que tambi\u00e9n previene la formaci\u00f3n de biofilms. En un estudio se demostr\u00f3 que un derivado de la manosa administrado en el tratamiento de la infecci\u00f3n urinaria redujo la formaci\u00f3n de biofilms en 4 \u00f3rdenes de magnitud en comparaci\u00f3n con un tratamiento antibi\u00f3tico est\u00e1ndar.<\/p>\n<p>La experiencia cl\u00ednica de algunos expertos que utilizan la D-manosa en el tratamiento de las infecciones urinarias se\u00f1alan que es un az\u00facar que puede utilizarse en diab\u00e9ticos al no interferir pr\u00e1cticamente en el metabolismo de la glucosa ya que pasa directamente a la sangre, sin que se convierta en gluc\u00f3geno en el h\u00edgado, y r\u00e1pidamente es filtrado por los ri\u00f1ones hacia la orina donde en la vejiga ejercer\u00e1 la acci\u00f3n. Tambi\u00e9n se puede usar en embarazadas e incluso en ni\u00f1os. La D-manosa presenta una elevada rapidez de acci\u00f3n ya que los s\u00edntomas mejoran a las 24 horas del inicio de la toma aunque es conveniente seguir con el tratamiento hasta completarlo. Si los s\u00edntomas no remiten a las 24 horas se debe valorar la posibilidad de que la causa de la infecci\u00f3n sea producida por otra bacteria distinta a E.Coli.<\/p>\n<p>AR\u00c1NDANO 107:1: Nuestro ar\u00e1ndano rojo es un extracto de alta potencia 107:1, esto es que la dosis equivale a 107 veces la baya fresca para conseguir un efecto en la profilaxis y en el tratamiento de la infecci\u00f3n urinaria.<\/p>\n<p>Diferentes publicaciones identifican las proantocianidinas tipo A del ar\u00e1ndano rojo como los principales compuestos responsables de su eficacia en las infecciones del tracto urinario, al impedir la adhesi\u00f3n de las fimbrias tipo P de E .Coli a las c\u00e9lulas uroepiteliales. La actividad antiadherente tiene un r\u00e1pido inicio y puede ser registrada en la orina humana alrededor de 2 horas despu\u00e9s de la ingesta de ar\u00e1ndano americano.<\/p>\n<p>Las fimbrias tipo P son resistentes a la D-Manosa y se relacionan con el desarrollo de la infecci\u00f3n del tracto urinario superior y en concreto con la infecci\u00f3n del par\u00e9nquima renal.<\/p>\n<p>Lactobacillus rhamnosus R0011: Los lactobacilos son predominantes en la vagina de las mujeres f\u00e9rtiles e impiden la colonizaci\u00f3n de la mucosa por microorganismos uropat\u00f3genos. Este proceso se lleva a cabo por dos mecanismos; el primero estar\u00eda relacionado con la producci\u00f3n de compuestos antimicrobianos como son los \u00e1cidos org\u00e1nicos, per\u00f3xido de hidr\u00f3geno y bacteriocinas, y el segundo est\u00e1 asociado a la coagregaci\u00f3n con los pat\u00f3genos. En un estudio en el que se administr\u00f3 a 64 mujeres, c\u00e1psulas orales de L.rhamnosus y L.fermentum, demostr\u00f3 una reducci\u00f3n de la colonizaci\u00f3n vaginal por bacterias pat\u00f3genas. En una revisi\u00f3n de estudios realizada recientemente se ha concluido que los lactobacilos son seguros y efectivos en la prevenci\u00f3n de infecci\u00f3n urinaria.<\/p>\n","protected":false},"excerpt":{"rendered":"<p>Composici\u00f3n eficaz y exclusiva de D-Manosa, Extracto de ar\u00e1ndano (107:1) y L. rhamnosus R0011 . Triple Efecto antiadherente para inhibir el anclaje de E.Coli a las paredes del urotelio. Rapidez de acci\u00f3n 24 h.<\/p>\n<p>Dosis recomendada<br \/>\nComo complemento alimenticio se sugiere tomar 2 cucharillas dosificadoras (5,4 g aprox) disueltas en agua o en zumo dos veces al d\u00eda durante dos d\u00edas y despu\u00e9s continuar con 2 cucharillas dosificadoras (5,4 g aprox) disueltas en agua o en zumo una vez al d\u00eda o seguir las indicaciones de un especialista.<\/p>\n","protected":false},"featured_media":5653,"comment_status":"open","ping_status":"closed","template":"","meta":{"_joinchat":[]},"product_brand":[],"product_cat":[140,137,127,126],"product_tag":[168,166,169,167],"class_list":{"0":"post-5652","1":"product","2":"type-product","3":"status-publish","4":"has-post-thumbnail","6":"product_cat-cosmetica-corporal","7":"product_cat-cosmetica-natural","8":"product_cat-nutricion-ortomolecular","9":"product_cat-suplementos-naturales","10":"product_tag-arandano","11":"product_tag-infeccionorina","12":"product_tag-manosa","13":"product_tag-vaginitis","15":"first","16":"instock","17":"taxable","18":"shipping-taxable","19":"purchasable","20":"product-type-simple"},"_links":{"self":[{"href":"https:\/\/www.naturclic.com\/index.php?rest_route=\/wp\/v2\/product\/5652","targetHints":{"allow":["GET"]}}],"collection":[{"href":"https:\/\/www.naturclic.com\/index.php?rest_route=\/wp\/v2\/product"}],"about":[{"href":"https:\/\/www.naturclic.com\/index.php?rest_route=\/wp\/v2\/types\/product"}],"replies":[{"embeddable":true,"href":"https:\/\/www.naturclic.com\/index.php?rest_route=%2Fwp%2Fv2%2Fcomments&post=5652"}],"wp:featuredmedia":[{"embeddable":true,"href":"https:\/\/www.naturclic.com\/index.php?rest_route=\/wp\/v2\/media\/5653"}],"wp:attachment":[{"href":"https:\/\/www.naturclic.com\/index.php?rest_route=%2Fwp%2Fv2%2Fmedia&parent=5652"}],"wp:term":[{"taxonomy":"product_brand","embeddable":true,"href":"https:\/\/www.naturclic.com\/index.php?rest_route=%2Fwp%2Fv2%2Fproduct_brand&post=5652"},{"taxonomy":"product_cat","embeddable":true,"href":"https:\/\/www.naturclic.com\/index.php?rest_route=%2Fwp%2Fv2%2Fproduct_cat&post=5652"},{"taxonomy":"product_tag","embeddable":true,"href":"https:\/\/www.naturclic.com\/index.php?rest_route=%2Fwp%2Fv2%2Fproduct_tag&post=5652"}],"curies":[{"name":"wp","href":"https:\/\/api.w.org\/{rel}","templated":true}]}}