{"id":5656,"date":"2020-03-16T17:51:19","date_gmt":"2020-03-16T16:51:19","guid":{"rendered":"http:\/\/www.naturclic.com\/?post_type=product&#038;p=5656"},"modified":"2024-08-12T16:28:05","modified_gmt":"2024-08-12T14:28:05","slug":"cardiocontrol-100ml-liquido-sura-vitasan","status":"publish","type":"product","link":"https:\/\/www.naturclic.com\/?product=cardiocontrol-100ml-liquido-sura-vitasan","title":{"rendered":"CardioControl 100ml l\u00edquido Sura Vitasan"},"content":{"rendered":"<p>CardioControl contiene 8 ingredientes ideales para el control y el equilibrio de la salud cardiovascular y del sistema circulatorio. Previene y es de ayuda en una multitud de trastornos cardiovasculares como hipertensi\u00f3n, arteriosclerosis, hipercolesterolemia e hiperlipidemia.<\/p>\n<p>La sinergia de los componentes de CardioControl contribuye a ser una ayuda eficaz como cardioprotector, antiplaquetario, antitromb\u00f3tico y un poderoso antioxidante, equilibrando y fortaleciendo el coraz\u00f3n.<br \/>\nSAUCE BLANCO: contiene un importante glic\u00f3sido fen\u00f3lico, la salicina. \u00c9sta posee propiedades analg\u00e9sicas, antiinflamatorias, sedativas, antiplaquetarias, antirreum\u00e1ticas, antipir\u00e9ticas, depurativas y estomacales (32). Su contenido en salicina se convierte en \u00e1cido salic\u00edlico en el organismo inhibiendo las prostaglandinas. Las propiedades anticoagulantes impiden la formaci\u00f3n de trombos o co\u00e1gulos en el interior de las arterias o las venas por acumulaci\u00f3n de las plaquetas. Fluidifica la sangre y ayuda a evitar la aparici\u00f3n de ciertas enfermedades cardiovasculares, tales como arteriosclerosis, ataques card\u00edacos o mala circulaci\u00f3n en general (32,33).<\/p>\n<p>El sauce tiene propiedades antiinflamatorias y se ha demostrado que las procianidinas del sauce compensan los efectos vasoconstrictores de las LDL oxidadas e inducen la vasodilataci\u00f3n a trav\u00e9s de la \u00f3xido n\u00edtrico sintasa endotelial (eNOS) (34).<\/p>\n<p>Consultar al profesional antes de usar este producto si est\u00e1 en tratamiento con medicaci\u00f3n (anticoagulantes o inhibidores de la proteasa) o si presenta unas condiciones m\u00e9dicas especiales (trastornos de la coagulaci\u00f3n, \u00falceras, diabetes, enfermedades cardiovasculares, alteraciones de la tensi\u00f3n arterial). No utilizar en caso de embarazo<br \/>\no lactancia, o si es al\u00e9rgico al \u00e1cido acetilsalic\u00edlico u otros salicilatos. No recomendado para uso en ni\u00f1os y adolescentes.<\/p>\n<p>Dosis recomendada<br \/>\n1-2,5 mL (35-88 gotas) de una a tres veces al d\u00eda con comida.<\/p>\n<p>Indicaciones y usos<br \/>\nContribuye a disminuir los niveles de l\u00edpidos en sangre, la presi\u00f3n arterial, la glucosa, la agregaci\u00f3n plaquetaria, la coagulaci\u00f3n sangu\u00ednea. Ayuda a la prevenci\u00f3n y tratamiento de enfermedades cardiovasculares de forma general.<\/p>\n","protected":false},"excerpt":{"rendered":"<p>Ingredientes: agua purificada, etanol USP, ajo (Allium sativum), baya de espino blanco (Crataegus laevigata), hoja de mu\u00e9rdago europeo (Viscum album), sumidad a\u00e9rea de agripalma (Leonurus cardiaca), baya de cayena (Capsicum annuum), hojas y flores de espino blanco (Crataegus laevigata), corteza de sauce blanco (Salix alba), hoja de mirtilo (Vaccinium myrtillus).<\/p>\n","protected":false},"featured_media":5657,"comment_status":"open","ping_status":"closed","template":"","meta":{"_joinchat":[]},"product_brand":[],"product_cat":[135,129,126],"product_tag":[178,177],"class_list":{"0":"post-5656","1":"product","2":"type-product","3":"status-publish","4":"has-post-thumbnail","6":"product_cat-energeticos","7":"product_cat-fitoterapia-extracto-liquido","8":"product_cat-suplementos-naturales","9":"product_tag-espinoblanco","10":"product_tag-tension","12":"first","13":"instock","14":"taxable","15":"shipping-taxable","16":"purchasable","17":"product-type-simple"},"_links":{"self":[{"href":"https:\/\/www.naturclic.com\/index.php?rest_route=\/wp\/v2\/product\/5656","targetHints":{"allow":["GET"]}}],"collection":[{"href":"https:\/\/www.naturclic.com\/index.php?rest_route=\/wp\/v2\/product"}],"about":[{"href":"https:\/\/www.naturclic.com\/index.php?rest_route=\/wp\/v2\/types\/product"}],"replies":[{"embeddable":true,"href":"https:\/\/www.naturclic.com\/index.php?rest_route=%2Fwp%2Fv2%2Fcomments&post=5656"}],"wp:featuredmedia":[{"embeddable":true,"href":"https:\/\/www.naturclic.com\/index.php?rest_route=\/wp\/v2\/media\/5657"}],"wp:attachment":[{"href":"https:\/\/www.naturclic.com\/index.php?rest_route=%2Fwp%2Fv2%2Fmedia&parent=5656"}],"wp:term":[{"taxonomy":"product_brand","embeddable":true,"href":"https:\/\/www.naturclic.com\/index.php?rest_route=%2Fwp%2Fv2%2Fproduct_brand&post=5656"},{"taxonomy":"product_cat","embeddable":true,"href":"https:\/\/www.naturclic.com\/index.php?rest_route=%2Fwp%2Fv2%2Fproduct_cat&post=5656"},{"taxonomy":"product_tag","embeddable":true,"href":"https:\/\/www.naturclic.com\/index.php?rest_route=%2Fwp%2Fv2%2Fproduct_tag&post=5656"}],"curies":[{"name":"wp","href":"https:\/\/api.w.org\/{rel}","templated":true}]}}