{"id":5658,"date":"2020-03-16T17:55:05","date_gmt":"2020-03-16T16:55:05","guid":{"rendered":"http:\/\/www.naturclic.com\/?post_type=product&#038;p=5658"},"modified":"2024-08-09T16:13:17","modified_gmt":"2024-08-09T14:13:17","slug":"bioflavonoides-citricos-90-capsulas-sura-vitasan","status":"publish","type":"product","link":"https:\/\/www.naturclic.com\/?product=bioflavonoides-citricos-90-capsulas-sura-vitasan","title":{"rendered":"Bioflavonoides C\u00edtricos 90 c\u00e1psulas Sura Vitasan"},"content":{"rendered":"<p>Esta f\u00f3rmula es un complejo de bioflavonoides, compuesta por bioflavonoides c\u00edtricos extra\u00eddos de las siguientes frutas: pomelo, lim\u00f3n y naranja. Dentro de los bioflavonoides c\u00edtricos encontramos flavonoides como la rutina, hesperidina, quercitina y naringina. Pero en la f\u00f3rmula se han a\u00f1adido cantidades extras de Hesperidina y Quercitina para potenciar su actividad.<\/p>\n<p>Dosis recomendada<br \/>\nDe 1 c\u00e1psula al d\u00eda. consultar con el profesional para un uso mayor a 3 meses.<\/p>\n<p>Indicaciones y usos<br \/>\nDiferentes estudios han demostrado que BioflavonoidesC\u00edtricos puede ser de ayuda en:<\/p>\n<p>Problemas circulatorios como dolor de piernas debido a una mala circulaci\u00f3n, venas varicosas, facilidad para la aparici\u00f3n de hematomas, hemorroides o sangrado de nariz frecuente.<\/p>\n<p>Tambi\u00e9n en procesos al\u00e9rgicos e inflamatorios como eccema, reducci\u00f3n de la frecuencia y la gravedad de los brotes de Herpes simple y en casos de urticaria y otras reacciones al\u00e9rgicas.<\/p>\n<p>Puede tratar eficazmente y prevenir los s\u00edntomas de asma y procesos relacionados con la funci\u00f3n inmune ya que mejoran la integridad del tejido conectivo reduciendo as\u00ed la propagaci\u00f3n de la infecci\u00f3n, vaginitis. Tambi\u00e9n es eficaz contra Candida albicans.<\/p>\n<p>Estudios han mostrado que la suplementaci\u00f3n con bioflavonoides c\u00edtricos aminoran en gran medida el tiempo de recuperaci\u00f3n de lesiones deportivas, alivian el dolor, la hinchaz\u00f3n y los hematomas.<\/p>\n<p>Artritis Reumatoide.<\/p>\n<p>Los bioflavonoides tienen tambi\u00e9n un efecto antibacteriano, estimulan la producci\u00f3n de bilis, pueden bajar los niveles de colesterol y pueden prevenir y tratar las cataratas y la presi\u00f3n ocular en casos de glaucoma. Tambi\u00e9n han sido utilizados en casos de menorragia junto con Vitamina C.<\/p>\n","protected":false},"excerpt":{"rendered":"<p>Ingredientes: bioflavonoides c\u00edtricos (de naranja amarga, Citrus x aurantium), hesperidina (de naranja amarga, Citrus x aurantium), quercitina, antiaglomerante (estearato de magnesio vegetal), c\u00e1psula vegetal (agente de recubrimiento: hidroxipropilmetilcelulosa; humectante: agua purificada).<\/p>\n","protected":false},"featured_media":5659,"comment_status":"open","ping_status":"closed","template":"","meta":{"_joinchat":[]},"product_brand":[],"product_cat":[128,127,126],"product_tag":[],"class_list":{"0":"post-5658","1":"product","2":"type-product","3":"status-publish","4":"has-post-thumbnail","6":"product_cat-fitoterapia-capsulas-y-comprimidos","7":"product_cat-nutricion-ortomolecular","8":"product_cat-suplementos-naturales","10":"first","11":"instock","12":"taxable","13":"shipping-taxable","14":"purchasable","15":"product-type-simple"},"_links":{"self":[{"href":"https:\/\/www.naturclic.com\/index.php?rest_route=\/wp\/v2\/product\/5658","targetHints":{"allow":["GET"]}}],"collection":[{"href":"https:\/\/www.naturclic.com\/index.php?rest_route=\/wp\/v2\/product"}],"about":[{"href":"https:\/\/www.naturclic.com\/index.php?rest_route=\/wp\/v2\/types\/product"}],"replies":[{"embeddable":true,"href":"https:\/\/www.naturclic.com\/index.php?rest_route=%2Fwp%2Fv2%2Fcomments&post=5658"}],"wp:featuredmedia":[{"embeddable":true,"href":"https:\/\/www.naturclic.com\/index.php?rest_route=\/wp\/v2\/media\/5659"}],"wp:attachment":[{"href":"https:\/\/www.naturclic.com\/index.php?rest_route=%2Fwp%2Fv2%2Fmedia&parent=5658"}],"wp:term":[{"taxonomy":"product_brand","embeddable":true,"href":"https:\/\/www.naturclic.com\/index.php?rest_route=%2Fwp%2Fv2%2Fproduct_brand&post=5658"},{"taxonomy":"product_cat","embeddable":true,"href":"https:\/\/www.naturclic.com\/index.php?rest_route=%2Fwp%2Fv2%2Fproduct_cat&post=5658"},{"taxonomy":"product_tag","embeddable":true,"href":"https:\/\/www.naturclic.com\/index.php?rest_route=%2Fwp%2Fv2%2Fproduct_tag&post=5658"}],"curies":[{"name":"wp","href":"https:\/\/api.w.org\/{rel}","templated":true}]}}