{"id":5660,"date":"2020-03-16T17:58:06","date_gmt":"2020-03-16T16:58:06","guid":{"rendered":"http:\/\/www.naturclic.com\/?post_type=product&#038;p=5660"},"modified":"2024-08-09T16:18:08","modified_gmt":"2024-08-09T14:18:08","slug":"condritina-glucosamina-60-capsulas-sura-vitasan","status":"publish","type":"product","link":"https:\/\/www.naturclic.com\/?product=condritina-glucosamina-60-capsulas-sura-vitasan","title":{"rendered":"Condroitina &#038; Glucosamina 60 c\u00e1psulas Sura Vitasan"},"content":{"rendered":"<p>CONDROITINA &amp; GLUCOSAMINA es una f\u00f3rmula que nos ayuda a preservar la integridad del cart\u00edlago actuando como condroprotector frenando el deterioro articular como consecuencia de la edad o por sobrepresi\u00f3n en las articulaciones debido a trabajos o deportes de gran impacto. Con CONDROITINA &amp; GLUCOSAMINA nuestros cart\u00edlagos articulares recuperan la flexibilidad, elasticidad y capacidad de amortiguaci\u00f3n a la vez que frena la respuesta degradativa del cart\u00edlago asociado a los procesos articulares degenerativos.<\/p>\n<p>Dosis recomendada<br \/>\nComo complemento alimenticio se sugiere tomar de 1 a 3 c\u00e1psulas al d\u00eda con las comidas o seguir las indicaciones de un especialista.<\/p>\n<p>Indicaciones y usos<br \/>\nEn la prevenci\u00f3n y tratamiento de la osteoartritis. Recuperaci\u00f3n de articulaciones da\u00f1adas por traumatismo.Mantenimiento de la flexibilidad y confort de las articulaciones.<\/p>\n","protected":false},"excerpt":{"rendered":"<p>Condroitina &amp; Glucosamina es una combinaci\u00f3n sin\u00e9rgica de glucosamina sulfato libre en sodio y condroitina de alta pureza. Complemento alimenticio que proporciona un elevado contenido de glucosamina (500 mg) y condroitina (400 mg) por c\u00e1psula.<\/p>\n","protected":false},"featured_media":5667,"comment_status":"open","ping_status":"closed","template":"","meta":{"_joinchat":[]},"product_brand":[],"product_cat":[136,128,127,15],"product_tag":[165,157,164,179],"class_list":{"0":"post-5660","1":"product","2":"type-product","3":"status-publish","4":"has-post-thumbnail","6":"product_cat-dolor-lesiones","7":"product_cat-fitoterapia-capsulas-y-comprimidos","8":"product_cat-nutricion-ortomolecular","9":"product_cat-sin-categorizar","10":"product_tag-articulaciones","11":"product_tag-dolor","12":"product_tag-huesos","13":"product_tag-tejidos","15":"first","16":"instock","17":"taxable","18":"shipping-taxable","19":"purchasable","20":"product-type-simple"},"_links":{"self":[{"href":"https:\/\/www.naturclic.com\/index.php?rest_route=\/wp\/v2\/product\/5660","targetHints":{"allow":["GET"]}}],"collection":[{"href":"https:\/\/www.naturclic.com\/index.php?rest_route=\/wp\/v2\/product"}],"about":[{"href":"https:\/\/www.naturclic.com\/index.php?rest_route=\/wp\/v2\/types\/product"}],"replies":[{"embeddable":true,"href":"https:\/\/www.naturclic.com\/index.php?rest_route=%2Fwp%2Fv2%2Fcomments&post=5660"}],"wp:featuredmedia":[{"embeddable":true,"href":"https:\/\/www.naturclic.com\/index.php?rest_route=\/wp\/v2\/media\/5667"}],"wp:attachment":[{"href":"https:\/\/www.naturclic.com\/index.php?rest_route=%2Fwp%2Fv2%2Fmedia&parent=5660"}],"wp:term":[{"taxonomy":"product_brand","embeddable":true,"href":"https:\/\/www.naturclic.com\/index.php?rest_route=%2Fwp%2Fv2%2Fproduct_brand&post=5660"},{"taxonomy":"product_cat","embeddable":true,"href":"https:\/\/www.naturclic.com\/index.php?rest_route=%2Fwp%2Fv2%2Fproduct_cat&post=5660"},{"taxonomy":"product_tag","embeddable":true,"href":"https:\/\/www.naturclic.com\/index.php?rest_route=%2Fwp%2Fv2%2Fproduct_tag&post=5660"}],"curies":[{"name":"wp","href":"https:\/\/api.w.org\/{rel}","templated":true}]}}