{"id":5661,"date":"2020-03-16T18:02:19","date_gmt":"2020-03-16T17:02:19","guid":{"rendered":"http:\/\/www.naturclic.com\/?post_type=product&#038;p=5661"},"modified":"2024-08-09T16:21:58","modified_gmt":"2024-08-09T14:21:58","slug":"dormo8-60-capsulas-sura-vitasan","status":"publish","type":"product","link":"https:\/\/www.naturclic.com\/?product=dormo8-60-capsulas-sura-vitasan","title":{"rendered":"Dormo8 60 c\u00e1psulas Sura Vitasan"},"content":{"rendered":"<p>DORMO8Complex es un producto elaborado con ingredientes a los que se les atribuyen efectos ansiol\u00edticos, sedantes, relajantes e hipn\u00f3ticos que act\u00faan en sinergia de forma natural para ayudar a conciliar el sue\u00f1o y recuperar un sue\u00f1o reparador. Act\u00faan sobre el SNC uni\u00e9ndose a los receptores GABA\u00e9rgicos, rebajando as\u00ed la ansiedad y el nerviosismo sin presentar los efectos adversos que habitualmente ocasionan los f\u00e1rmacos hipn\u00f3ticos. DORMO8 Complex aumenta el sue\u00f1o REM, mejorando la duraci\u00f3n y la calidad del sue\u00f1o. Act\u00faa sobre el ciclo circadiano regulando los periodos de vigilia y sue\u00f1o.<\/p>\n<p>bisglicinato de magnesio, extracto de flores de pasiflora (Passiflora incarnata), extracto de estr\u00f3bilos de l\u00fapulo (Humulus lupulus), extracto de ra\u00edz de escutelaria (Scutellaria lateriflora), extracto de flores de manzanilla (Matricaria chamomilla), extracto de hojas Panax notoginseng, parte a\u00e9rea superior de n\u00e9peta (Nepeta cataria), antiaglomerantes (estearato de magnesio vegetal y di\u00f3xido de silicio), melatonina, c\u00e1psula vegetal (agente de recubrimiento: hidroxipropilmetilcelulosa; humectante: agua purificada).<\/p>\n<p>Dosis recomendada<br \/>\nComo complemento alimenticio se sugiere tomar de 1 a 3 c\u00e1psulas al acostarse o seguir las indicaciones de un especialista.. El producto puede empezar a hacer efecto al cabo de 3 \u2013 7 d\u00edas.<\/p>\n<p>Indicaciones y usos<br \/>\nDiferentes estudios han demostrado que los ingredientes de DORMO han demostrado su eficacia como: Sedante, relajante o inductor del sue\u00f1o. DORMO8 Complex puede favorecer la conciliaci\u00f3n del sue\u00f1o y prolongar el mismo de forma natural sin presentar los efectos adversos que habitualmente ocasionan los f\u00e1rmacos hipn\u00f3ticos. Insomnio. Trastornos del sue\u00f1o asociado a estados de ansiedad, nerviosismo o estr\u00e9s. Jet-lag. Alteraciones del sue\u00f1o en trabajadores por turnos.<\/p>\n<p>Lo m\u00e1s destacado<br \/>\nCada uno de los ingredientes de DORMO8 Complex ha demostrado su eficacia como sedante, relajante o inductor del sue\u00f1o. DORMO8 Complex puede favorecer la conciliaci\u00f3n del sue\u00f1o y prolongar el mismo de forma natural sin presentar los efectos adversos que habitualmente ocasionan los f\u00e1rmacos hipn\u00f3ticos. Insomnio. Trastornos del sue\u00f1o asociado a estados de ansiedad, nerviosismo o estr\u00e9s. Jet-lag. Alteraciones del sue\u00f1o en trabajadores por turnos.<\/p>\n","protected":false},"excerpt":{"rendered":"<p>DORMO8Complex es un producto elaborado con ingredientes a los que se les atribuyen efectos ansiol\u00edticos, sedantes, relajantes e hipn\u00f3ticos que act\u00faan en sinergia de forma natural para ayudar a conciliar el sue\u00f1o y recuperar un sue\u00f1o reparador. Act\u00faan sobre el SNC uni\u00e9ndose a los receptores GABA\u00e9rgicos, rebajando as\u00ed la ansiedad y el nerviosismo sin presentar los efectos adversos que habitualmente ocasionan los f\u00e1rmacos hipn\u00f3ticos. DORMO8 Complex aumenta el sue\u00f1o REM, mejorando la duraci\u00f3n y la calidad del sue\u00f1o. Act\u00faa sobre el ciclo circadiano regulando los periodos de vigilia y sue\u00f1o.<\/p>\n<p>bisglicinato de magnesio, extracto de flores de pasiflora (Passiflora incarnata), extracto de estr\u00f3bilos de l\u00fapulo (Humulus lupulus), extracto de ra\u00edz de escutelaria (Scutellaria lateriflora), extracto de flores de manzanilla (Matricaria chamomilla), extracto de hojas Panax notoginseng, parte a\u00e9rea superior de n\u00e9peta (Nepeta cataria), antiaglomerantes (estearato de magnesio vegetal y di\u00f3xido de silicio), melatonina, c\u00e1psula vegetal (agente de recubrimiento: hidroxipropilmetilcelulosa; humectante: agua purificada).<\/p>\n","protected":false},"featured_media":5662,"comment_status":"open","ping_status":"closed","template":"","meta":{"_joinchat":[]},"product_brand":[],"product_cat":[128,127,126],"product_tag":[180,181,182],"class_list":{"0":"post-5661","1":"product","2":"type-product","3":"status-publish","4":"has-post-thumbnail","6":"product_cat-fitoterapia-capsulas-y-comprimidos","7":"product_cat-nutricion-ortomolecular","8":"product_cat-suplementos-naturales","9":"product_tag-dormir","10":"product_tag-reparador","11":"product_tag-sueno","13":"first","14":"instock","15":"taxable","16":"shipping-taxable","17":"purchasable","18":"product-type-simple"},"_links":{"self":[{"href":"https:\/\/www.naturclic.com\/index.php?rest_route=\/wp\/v2\/product\/5661","targetHints":{"allow":["GET"]}}],"collection":[{"href":"https:\/\/www.naturclic.com\/index.php?rest_route=\/wp\/v2\/product"}],"about":[{"href":"https:\/\/www.naturclic.com\/index.php?rest_route=\/wp\/v2\/types\/product"}],"replies":[{"embeddable":true,"href":"https:\/\/www.naturclic.com\/index.php?rest_route=%2Fwp%2Fv2%2Fcomments&post=5661"}],"wp:featuredmedia":[{"embeddable":true,"href":"https:\/\/www.naturclic.com\/index.php?rest_route=\/wp\/v2\/media\/5662"}],"wp:attachment":[{"href":"https:\/\/www.naturclic.com\/index.php?rest_route=%2Fwp%2Fv2%2Fmedia&parent=5661"}],"wp:term":[{"taxonomy":"product_brand","embeddable":true,"href":"https:\/\/www.naturclic.com\/index.php?rest_route=%2Fwp%2Fv2%2Fproduct_brand&post=5661"},{"taxonomy":"product_cat","embeddable":true,"href":"https:\/\/www.naturclic.com\/index.php?rest_route=%2Fwp%2Fv2%2Fproduct_cat&post=5661"},{"taxonomy":"product_tag","embeddable":true,"href":"https:\/\/www.naturclic.com\/index.php?rest_route=%2Fwp%2Fv2%2Fproduct_tag&post=5661"}],"curies":[{"name":"wp","href":"https:\/\/api.w.org\/{rel}","templated":true}]}}