{"id":5664,"date":"2020-03-16T18:10:32","date_gmt":"2020-03-16T17:10:32","guid":{"rendered":"http:\/\/www.naturclic.com\/?post_type=product&#038;p=5664"},"modified":"2024-08-09T16:24:18","modified_gmt":"2024-08-09T14:24:18","slug":"esteroles-esterolines-60-capsulas-sura-vitasan","status":"publish","type":"product","link":"https:\/\/www.naturclic.com\/?product=esteroles-esterolines-60-capsulas-sura-vitasan","title":{"rendered":"Esteroles &#038; Esterolines 60 c\u00e1psulas Sura Vitasan"},"content":{"rendered":"<p>Esteroles &amp; Esterolines es un complemento alimenticio a base de fitoesteroles y aceite de lino de certificado org\u00e1nico. Para una \u00f3ptima eficacia, los fitoesteroles se han incluido en una matriz lip\u00eddica de aceite de lino y en la proporci\u00f3n 2:1 que es la m\u00e1s adecuada para incrementar la solubilidad y hacerlos m\u00e1s biodisponibles. Este producto contiene un alto contenido en \u00e1cidos grasos omega-3 en forma de \u00e1cido alfa-linol\u00e9nico que junto con los esteroles vegetales contribuyen a mantener niveles normales de colesterol sangu\u00edneo. Este efecto se obtiene con una ingesta diaria de 2 g de \u00e1cido alfa-linol\u00e9nico y una ingesta diaria m\u00ednima de 0.8 g de esteroles vegetales. No sobrepasar un consumo superior a los 3 g de esteroles vegetales al d\u00eda. Este complemento alimenticio presenta un elevado contenido en \u00e1cidos grasos insaturados como el \u00e1cido oleico. Este producto est\u00e1 destinado exclusivamente a las personas que desean reducir su nivel de colesterol en la sangre.<br \/>\nAdvertencias<br \/>\nDiversos estudios han mostrado la eficacia de los esteroles en ni\u00f1os con hipercolesterolemia familiar pero su uso de ESTEROLES &amp; ESTEROLINES queda bajo criterio m\u00e9dico ya que debe considerarse la acci\u00f3n reductora de los esteroles vegetales sobre los niveles sangu\u00edneos de provitamina A, cuyos requerimientos adem\u00e1s se ven aumentados en esta etapa.<\/p>\n<p>No se recomienda su uso en las mujeres embarazadas, lactancia y en ni\u00f1os menores de 5 a\u00f1os, ya que no hay datos suficientes sobre el efecto de estos compuestos en este grupo de poblaci\u00f3n.<\/p>\n<p>El consumo de fitoesteroles puede reducir ligeramente la absorci\u00f3n de vitaminas y antioxidantes liposolubles como el betacaroteno, licopeno y alfa-tocoferol (vitamina E).<\/p>\n<p>Las personas que est\u00e1n en tratamiento con medicaci\u00f3n para reducir el colesterol deber\u00e1n consultar al profesional antes de consumir este producto.<\/p>\n<p>Dosis recomendada<br \/>\nComo complemento alimenticio se sugiere tomar 3 perlas al d\u00eda con la comida o seguir las indicaciones de un especialista.<\/p>\n<p>Indicaciones y usos<br \/>\nEn combinaci\u00f3n con una dieta baja en grasas saturadas es de ayuda en el tratamiento de las dislipemias para ayudar a reducir los niveles de colesterol. Ayuda a cuidar la salud cardiovascular.Coadyuvante en el tratamiento de patolog\u00eda cardiovascular.<\/p>\n","protected":false},"excerpt":{"rendered":"<p>ngredientes: aceite de semillas de lino (Linum usitatissimum), esteroles vegetales (procedentes de soja, Glycine max), extracto de annato (Bixa orellana), emulgentes (lecitina y cera de abeja), perla (agente de recubrimiento: gelatina; humectante: glicerina y agua).<\/p>\n","protected":false},"featured_media":5665,"comment_status":"open","ping_status":"closed","template":"","meta":{"_joinchat":[]},"product_brand":[],"product_cat":[128,127,126],"product_tag":[183,184,185],"class_list":{"0":"post-5664","1":"product","2":"type-product","3":"status-publish","4":"has-post-thumbnail","6":"product_cat-fitoterapia-capsulas-y-comprimidos","7":"product_cat-nutricion-ortomolecular","8":"product_cat-suplementos-naturales","9":"product_tag-cardiovascular","10":"product_tag-omegas","11":"product_tag-vegetales","13":"first","14":"instock","15":"taxable","16":"shipping-taxable","17":"purchasable","18":"product-type-simple"},"_links":{"self":[{"href":"https:\/\/www.naturclic.com\/index.php?rest_route=\/wp\/v2\/product\/5664","targetHints":{"allow":["GET"]}}],"collection":[{"href":"https:\/\/www.naturclic.com\/index.php?rest_route=\/wp\/v2\/product"}],"about":[{"href":"https:\/\/www.naturclic.com\/index.php?rest_route=\/wp\/v2\/types\/product"}],"replies":[{"embeddable":true,"href":"https:\/\/www.naturclic.com\/index.php?rest_route=%2Fwp%2Fv2%2Fcomments&post=5664"}],"wp:featuredmedia":[{"embeddable":true,"href":"https:\/\/www.naturclic.com\/index.php?rest_route=\/wp\/v2\/media\/5665"}],"wp:attachment":[{"href":"https:\/\/www.naturclic.com\/index.php?rest_route=%2Fwp%2Fv2%2Fmedia&parent=5664"}],"wp:term":[{"taxonomy":"product_brand","embeddable":true,"href":"https:\/\/www.naturclic.com\/index.php?rest_route=%2Fwp%2Fv2%2Fproduct_brand&post=5664"},{"taxonomy":"product_cat","embeddable":true,"href":"https:\/\/www.naturclic.com\/index.php?rest_route=%2Fwp%2Fv2%2Fproduct_cat&post=5664"},{"taxonomy":"product_tag","embeddable":true,"href":"https:\/\/www.naturclic.com\/index.php?rest_route=%2Fwp%2Fv2%2Fproduct_tag&post=5664"}],"curies":[{"name":"wp","href":"https:\/\/api.w.org\/{rel}","templated":true}]}}