{"id":5669,"date":"2020-03-16T19:40:48","date_gmt":"2020-03-16T18:40:48","guid":{"rendered":"http:\/\/www.naturclic.com\/?post_type=product&#038;p=5669"},"modified":"2025-05-22T17:42:49","modified_gmt":"2025-05-22T15:42:49","slug":"ginkgo-formula-30-capsulas-sura-vitasan","status":"publish","type":"product","link":"https:\/\/www.naturclic.com\/?product=ginkgo-formula-30-capsulas-sura-vitasan","title":{"rendered":"Ginkgo F\u00f3rmula 30 c\u00e1psulas Sura Vitasan"},"content":{"rendered":"<p>Por sus componentes, esta f\u00f3rmula ayuda a mantener en buen estado y a mejorar las funciones cerebrales. Se trata de una mezcla \u00fanica de nutrac\u00e9uticos para proteger al cerebro del estr\u00e9s oxidativo, aumentar el estado de alerta mental, mejorar la memoria y reducir el estr\u00e9s y la ansiedad.<\/p>\n<p>L-GLUTAMINA: Es un amino\u00e1cido que se convierte en \u00e1cido glut\u00e1mico en el cerebro y es esencial para una \u00f3ptima funci\u00f3n cerebral. L-Glutamina ayuda a mantener la agilidad mental (1).<\/p>\n<p>Se considera el alimento del cerebro. Estimula el sistema nervioso central. Ayuda a combatir la fatiga mental y la depresi\u00f3n.<\/p>\n<p>GOTU KOLA: Contiene cachetol, epicatechol, magnesio, theobromina y vitamina K, alkalo\u00eddes (hydrocotylin) y glycoside (asiatic\u00f3sido).<\/p>\n<p>Ha demostrado reducir el estr\u00e9s en estudios que involucran respuesta de sobresalto en ensayos en humanos, que reflejan los niveles de ansiedad. Ha sido usado durante mucho tiempo para mejorar las habilidades mentales. Sus suaves efectos tranquilizantes, antiestr\u00e9s y acci\u00f3n contra la ansiedad lo convierten en una hierba altamente efectiva (2-4).<\/p>\n<p>GINSENG SIBERIANO: Contiene ginsenosidos, eleutherosidos, panacaene, B-elemene, panaxinol, pectina, vitaminas del grupo B y biotina, colina, germanio y flavonoides.<\/p>\n<p>Es un buen t\u00f3nico, energ\u00e9tico (9). Aumenta la capacidad f\u00edsica e intelectual, mejorando la concentraci\u00f3n y aliviando el estr\u00e9s y la fatiga (10).<\/p>\n<p>GINKGO BILOBA: Contiene ginkgolides, heterosidos y tarpenes, es muy rico en flavonoides.<\/p>\n<p>Es bien conocido por su acci\u00f3n sobre la circulaci\u00f3n perif\u00e9rica, lo que conlleva a un mejor funcionamiento del cerebro.<\/p>\n<p>Ginkgo biloba ha demostrado en numerosos estudios que mejora las funciones mentales y la memoria. Los flavonoides y terpenoides en la hoja de Ginkgo biloba se utilizan para fortalecer los capilares y apoyar la funci\u00f3n del sistema nervioso central (5-7). El extracto de Ginkgo biloba mejora la entrega de ox\u00edgeno y ofrece protecci\u00f3n contra las toxinas ambientales (7). Los estudios han demostrado sus beneficios en el tratamiento de la demencia y la enfermedad de Alzheimer (8).<\/p>\n<p>L-TEANINA: Act\u00faa sobre el sistema central nervioso, incrementando la concentraci\u00f3n en el cerebro de dopamina y de GABA. Tiene un efecto positivo sobre las emociones humanas, act\u00faa como relajante en situaciones de estr\u00e9s y ansiedad sin producir somnolencia y mejora la capacidad de concentraci\u00f3n y agudeza mental (11-13).<\/p>\n<p>BACOPA MONNIERI: Es un t\u00f3nico ayurv\u00e9dico. Se ha utilizado desde la antig\u00fcedad como t\u00f3nico para la memoria y la actividad intelectual. Ayuda a mejorar la capacidad de aprendizaje y la memoria y puede disminuir los niveles de ansiedad y el cansancio mental (14,15).<\/p>\n<p>FO-TI: Conocida en la medicina tradicional china utilizada como estimulante del cerebro, para revitalizar y aumentar la energ\u00eda mental y f\u00edsica (16).<\/p>\n<p>FOSFATIDILSERINA: Es un fosfol\u00edpido esencial para mantener la estructura celular del cerebro y sus funciones en buen estado. Juega un papel importante en los sistemas neurotransmisores. Es utilizado por el cerebro para su correcto funcionamiento e incluso puede ser \u00fatil para quienes sufren p\u00e9rdida de memoria avanzada (17-19).<\/p>\n<p>HUPERZINA SERRATA: Contiene Huperzina A 1%, la cual tiene propiedades neuroprotectivas. La huperzina A bloquea temporalmente la producci\u00f3n de la enzima que destruye la acetilcolina. La acetilcolina es esencial para la comunicaci\u00f3n entre las c\u00e9lulas nerviosas. Huperzina A es la respuesta perfecta para aumentar el poder mental. Los estudios incluso han encontrado que este notable nutriente es un tratamiento seguro y efectivo para los pacientes de Alzheimer, por su propiedad de mejorar la memoria y la concentraci\u00f3n (20-21).<\/p>\n<p>Advertencias<br \/>\nNo usar en caso de embarazo o lactancia, si est\u00e1 en tratamiento con anticoagulantes o si presenta hipertensi\u00f3n arterial. Puede causar n\u00e1useas, v\u00f3mitos, sequedad de boca y fatiga, s\u00edntomas que revierten cuando se suspende la toma. Los complementos alimenticios no sustituyen a una dieta variada y equilibrada y a un estilo de vida saludable.<br \/>\nDosis recomendada<br \/>\n1 c\u00e1psula al d\u00eda con comida. Consultar con el profesional para un uso mayor a 4 semanas. No superar la dosis diaria recomendada.<br \/>\nIndicaciones y usos<br \/>\nMejora la circulaci\u00f3n en general, perif\u00e9rica y cerebral. Combate la falta de memoria prematura. Facilita la concentraci\u00f3n. Aumenta la capacidad intelectual y agiliza el aprendizaje. Combate la senilidad y envejecimiento prematuro.<\/p>\n","protected":false},"excerpt":{"rendered":"<p>Ingredientes: L-glutamina, fosfatidilserina (de soja, Glycine max), extracto de ra\u00edz de ginseng siberiano (Eleutherococcus senticosus), extracto de hoja de Ginkgo biloba, L-teanina, hojas de Ginkgo biloba, parte a\u00e9rea de gotu kola (Centella asiatica), extracto de Huperzia serrata, extracto de Bacopa monnieri, extracto de ra\u00edz de Fo-ti (Polygonum multiflorum), antiaglomerantes (estearato de magnesio vegetal y di\u00f3xido de silicio), c\u00e1psula vegetal (agente de recubrimiento: hidroxipropilmetilcelulosa; agua purificada).<\/p>\n<p>Mejora la circulaci\u00f3n en general, perif\u00e9rica y cerebral. Combate la falta de memoria prematura. Facilita la concentraci\u00f3n. Aumenta la capacidad intelectual y agiliza el aprendizaje. Combate la senilidad y envejecimiento prematuro.<\/p>\n","protected":false},"featured_media":5670,"comment_status":"open","ping_status":"closed","template":"","meta":{"_joinchat":[]},"product_brand":[],"product_cat":[128,127,126],"product_tag":[],"class_list":{"0":"post-5669","1":"product","2":"type-product","3":"status-publish","4":"has-post-thumbnail","6":"product_cat-fitoterapia-capsulas-y-comprimidos","7":"product_cat-nutricion-ortomolecular","8":"product_cat-suplementos-naturales","10":"first","11":"instock","12":"taxable","13":"shipping-taxable","14":"purchasable","15":"product-type-simple"},"_links":{"self":[{"href":"https:\/\/www.naturclic.com\/index.php?rest_route=\/wp\/v2\/product\/5669","targetHints":{"allow":["GET"]}}],"collection":[{"href":"https:\/\/www.naturclic.com\/index.php?rest_route=\/wp\/v2\/product"}],"about":[{"href":"https:\/\/www.naturclic.com\/index.php?rest_route=\/wp\/v2\/types\/product"}],"replies":[{"embeddable":true,"href":"https:\/\/www.naturclic.com\/index.php?rest_route=%2Fwp%2Fv2%2Fcomments&post=5669"}],"wp:featuredmedia":[{"embeddable":true,"href":"https:\/\/www.naturclic.com\/index.php?rest_route=\/wp\/v2\/media\/5670"}],"wp:attachment":[{"href":"https:\/\/www.naturclic.com\/index.php?rest_route=%2Fwp%2Fv2%2Fmedia&parent=5669"}],"wp:term":[{"taxonomy":"product_brand","embeddable":true,"href":"https:\/\/www.naturclic.com\/index.php?rest_route=%2Fwp%2Fv2%2Fproduct_brand&post=5669"},{"taxonomy":"product_cat","embeddable":true,"href":"https:\/\/www.naturclic.com\/index.php?rest_route=%2Fwp%2Fv2%2Fproduct_cat&post=5669"},{"taxonomy":"product_tag","embeddable":true,"href":"https:\/\/www.naturclic.com\/index.php?rest_route=%2Fwp%2Fv2%2Fproduct_tag&post=5669"}],"curies":[{"name":"wp","href":"https:\/\/api.w.org\/{rel}","templated":true}]}}