{"id":5674,"date":"2020-03-16T22:23:44","date_gmt":"2020-03-16T21:23:44","guid":{"rendered":"http:\/\/www.naturclic.com\/?post_type=product&#038;p=5674"},"modified":"2024-08-09T16:26:51","modified_gmt":"2024-08-09T14:26:51","slug":"happyskin-liquido-50-ml-sura-vitasan","status":"publish","type":"product","link":"https:\/\/www.naturclic.com\/?product=happyskin-liquido-50-ml-sura-vitasan","title":{"rendered":"HappySkin l\u00edquido 50 ml Sura Vitasan"},"content":{"rendered":"<p>BARDANA (Arctium lappa): Conocida com\u00fanmente para curar el acn\u00e9 y mejorar la piel. La ra\u00edz de la planta ha sido utilizada en China durante al menos 3000 a\u00f1os para limpiar la piel y para problemas en las gl\u00e1ndulas que se encuentran debajo de la piel, justificando la causa del acn\u00e9. Contiene 13 ingredientes activos como la inulina (efecto ben\u00e9fico para el h\u00edgado y el sistema digestivo, manteniendo en buen estado la flora intestinal y previniendo el desarrollo de bacterias nocivas), poli-acetenos, tanino, lignanos y arctigenina que promueven la circulaci\u00f3n de la sangre en la superficie de la piel, mejorando la calidad y la textura. La bardana es considerara un depurativo muy efectivo, ayudando a limpiar la sangre y el sistema linf\u00e1tico, eliminando toxinas. Facilita la eliminaci\u00f3n de impurezas por la piel y tambi\u00e9n por el aparato urinario(11,12). Han sido comprobados sus beneficios frente tratamientos de abscesos, fur\u00fanculos, quistes seb\u00e1ceos, enfermedades eruptivas (como escarlatina, varicela y sarampi\u00f3n) o herpes(2,5).<\/p>\n<p>Diferentes estudios afirman que reduce la liberaci\u00f3n de mediadores inflamatorios, inhibe el crecimiento de microorganismos y posee un efecto antibacteriano y antif\u00fangico(2,12).<\/p>\n<p>EQUIN\u00c1CEA (Echinacea angustifolia): Utilizada tradicionalmente por los indios como desinfectante bactericida, especialmente para curar heridas. La ra\u00edz contiene polisac\u00e1ridos como almid\u00f3n, az\u00facar y pectina, beta\u00edna, alcaloides como tussilagina, fibra, asparagina, taninos, lecitina, minerales como calcio, hierro y magnesio, y vitaminas del grupo B, C y beta-carotenos. Su uso ayuda en problemas de curaci\u00f3n de la piel, estimulando los macr\u00f3fagos y los neutr\u00f3filos y induciendo factores de activaci\u00f3n inmune, favoreciendo su cicatrizaci\u00f3n y evitando la infecci\u00f3n(3,9). Puede ser de ayuda en heridas, cortes, \u00falceras y quemaduras. Reduce los s\u00edntomas del acn\u00e9 en cualquiera de sus manifestaciones (espinillas, barros o granos), inactivando Propionibacterium acnes y inhibiendo el posible efecto inflamatorio de este organismo(3). Tambi\u00e9n es de gran ayuda en la curaci\u00f3n de eczemas, llagas en la boca, gingivitis, anginas y faringitis. Se ha demostrado que Echinacea angustifolia puede fortalecer las defensas y retrasar la aparici\u00f3n de los brotes de herpes labial, herpes genital o herpes zoster(9).<\/p>\n<p>ZARZAPARRILLA (Smilax officinalis): Posee acciones diur\u00e9ticas, sudor\u00edficas y depurativas(9). Adem\u00e1s de estar indicada para problemas relacionados con el aparato excretor urinario, lo esta\u0301 tambi\u00e9n espec\u00edficamente para problemas cut\u00e1neos como el acne\u0301, eczemas, urticarias y dermatosis por su contenido de saponinas esteroidales (zarzasapogenina y esmilagenina)(8). Se recomienda a menudo en combinaci\u00f3n con la bardana para estas afecciones de la piel, especialmente la psoriasis con irritaci\u00f3n y descamaci\u00f3n pesada(5). Tambi\u00e9n es un buen antiinflamatorio, antipruriginoso y un laxante suave.<\/p>\n<p>ACEDERA (Rumex crispus): Conocida tambi\u00e9n como lengua de vaca. Tradicionalmente ha sido utilizada para la prevenci\u00f3n de problemas de erupci\u00f3n de piel. Diferentes farmacopeas describen el uso de las ra\u00edces para enfermedades de la piel, especialmente psoriasis y acn\u00e9(5). Es de gran ayuda para tratar la mala circulaci\u00f3n relacionada con trastornos del cutis, actuando sobre el sistema glandular y linf\u00e1tico(6). Es una planta rica en vitamina C, con lo cual resulta beneficiosa para cicatrizar correctamente.<\/p>\n<p>AGRADEJO DE OREG\u00d3N (Berberis aquifolium): Utilizada tradicionalmente para enfermedades cr\u00f3nicas de la piel, incluyendo eczemas y psoriasis, combinada con bardana o acedera(6). Varios estudios afirman su uso espec\u00edfico para escamosa, pustulosa y otras enfermedades de la piel debido a la falta de circulaci\u00f3n de sangre. Aporta un gran beneficio para enfermedades como acn\u00e9, dispepsia, infecciones por hongos y condiciones con compromiso hep\u00e1tico(13).<\/p>\n<p>MILENRAMA (Achillea millefolium): Contiene ingredientes anti-inflamatorios, incluyendo camazuleno. Conocido por su actividad antiinflamatoria y antipruriginosa. Puede ser de ayuda para tratar enfermedades de la piel como acn\u00e9, granos y eczemas. Tambi\u00e9n sirve como desinfectante de heridas y como cicatrizante en quemaduras, \u00falceras d\u00e9rmicas y dermatitis(8).<\/p>\n","protected":false},"excerpt":{"rendered":"<p>Ingredientes: Agua purificada, etanol UPS, glicerina vegetal, ra\u00edz de bardana (Arctium lappa), ra\u00edz de equin\u00e1cea (Echinacea angustifolia), ra\u00edz de zarzaparrilla (Smilax officinalis), ra\u00edz de acedera (Rumex crispus), agracejo de Oreg\u00f3n (Berberis aquifolium) y parte a\u00e9rea de milenrama (Achillea millefolium).<br \/>\nHappySkin es una combinaci\u00f3n de plantas que act\u00faan en sinergia para combatir problemas de la piel asociados a una acumulaci\u00f3n de toxinas debido a la incapacidad para eliminar toxinas de \u00f3rganos como el h\u00edgado y los vasos linf\u00e1ticos, aumentando la filtraci\u00f3n de la sangre y manteniendo un equilibrio del pH.<\/p>\n<p>La piel es un \u00f3rgano que manifiesta muchas veces el estado de salud del interior del organismo. La bardana, la equin\u00e1cea, la zarzaparrilla, la acedera, el agracejo de Oreg\u00f3n y la milenrama producen un beneficio depurando el organismo al aumentar la micci\u00f3n, ayudando en diferentes problemas de la piel como acn\u00e9, psoriasis y eczemas.<\/p>\n","protected":false},"featured_media":5675,"comment_status":"open","ping_status":"closed","template":"","meta":{"_joinchat":[]},"product_brand":[],"product_cat":[141,140,139,137,129,138],"product_tag":[],"class_list":{"0":"post-5674","1":"product","2":"type-product","3":"status-publish","4":"has-post-thumbnail","6":"product_cat-cosmetica-capilar","7":"product_cat-cosmetica-corporal","8":"product_cat-cosmetica-facial","9":"product_cat-cosmetica-natural","10":"product_cat-fitoterapia-extracto-liquido","11":"product_cat-nutricosmetica","13":"first","14":"instock","15":"taxable","16":"shipping-taxable","17":"purchasable","18":"product-type-simple"},"_links":{"self":[{"href":"https:\/\/www.naturclic.com\/index.php?rest_route=\/wp\/v2\/product\/5674","targetHints":{"allow":["GET"]}}],"collection":[{"href":"https:\/\/www.naturclic.com\/index.php?rest_route=\/wp\/v2\/product"}],"about":[{"href":"https:\/\/www.naturclic.com\/index.php?rest_route=\/wp\/v2\/types\/product"}],"replies":[{"embeddable":true,"href":"https:\/\/www.naturclic.com\/index.php?rest_route=%2Fwp%2Fv2%2Fcomments&post=5674"}],"wp:featuredmedia":[{"embeddable":true,"href":"https:\/\/www.naturclic.com\/index.php?rest_route=\/wp\/v2\/media\/5675"}],"wp:attachment":[{"href":"https:\/\/www.naturclic.com\/index.php?rest_route=%2Fwp%2Fv2%2Fmedia&parent=5674"}],"wp:term":[{"taxonomy":"product_brand","embeddable":true,"href":"https:\/\/www.naturclic.com\/index.php?rest_route=%2Fwp%2Fv2%2Fproduct_brand&post=5674"},{"taxonomy":"product_cat","embeddable":true,"href":"https:\/\/www.naturclic.com\/index.php?rest_route=%2Fwp%2Fv2%2Fproduct_cat&post=5674"},{"taxonomy":"product_tag","embeddable":true,"href":"https:\/\/www.naturclic.com\/index.php?rest_route=%2Fwp%2Fv2%2Fproduct_tag&post=5674"}],"curies":[{"name":"wp","href":"https:\/\/api.w.org\/{rel}","templated":true}]}}