{"id":5695,"date":"2020-03-17T18:08:31","date_gmt":"2020-03-17T17:08:31","guid":{"rendered":"http:\/\/www.naturclic.com\/?post_type=product&#038;p=5695"},"modified":"2025-10-12T10:47:16","modified_gmt":"2025-10-12T08:47:16","slug":"reconnect-30-comprimidos-vitae","status":"publish","type":"product","link":"https:\/\/www.naturclic.com\/?product=reconnect-30-comprimidos-vitae","title":{"rendered":"Reconnect 30 comprimidos Vitae"},"content":{"rendered":"<p>Reconnect es una combinaci\u00f3n a base de NADH (Co-E1), coenzima Q10, serina y vitamina C, que gracias a la sinergia de sus componentes ayuda a mejorar el rendimiento f\u00edsico y cognitivo.<\/p>\n<p>Indicaci\u00f3n<br \/>\nFormulaci\u00f3n \u00fanica desarrollada por Vitae Natural Nutrition en colaboraci\u00f3n con la Facultad de Farmacia de la Universidad de Barcelona y cl\u00ednicamente testado en el Hospital de la Vall d\u2019Hebron.<\/p>\n<p>Modo de empleo<br \/>\nTomar 1 o 2 comprimidos al d\u00eda 30 minutos antes de las comidas, preferiblemente por la ma\u00f1ana en ayunas y con un gran vaso de agua.<\/p>\n<p>Composici\u00f3n<br \/>\nPor 1 comprimido:<\/p>\n<p>Coenzima Q10 (50 mg), Vitamina C (40 mg), Serina (20 mg), Nadh (5 mg).<\/p>\n<p>Advertencias<br \/>\nContiene una fuente de soja.<br \/>\nReconnect de Vitae no contiene gluten, az\u00facar, sodio, levadura, saborizantes artificiales.<br \/>\nApto para vegetarianos.<\/p>\n","protected":false},"excerpt":{"rendered":"<p>Reconnect es una combinaci\u00f3n a base de NADH (Co-E1), coenzima Q10, serina y vitamina C, que gracias a la sinergia de sus componentes ayuda a mejorar el rendimiento f\u00edsico y cognitivo.<\/p>\n<p>Indicaci\u00f3n<br \/>\nFormulaci\u00f3n \u00fanica desarrollada por Vitae Natural Nutrition en colaboraci\u00f3n con la Facultad de Farmacia de la Universidad de Barcelona y cl\u00ednicamente testado en el Hospital de la Vall d\u2019Hebron.<\/p>\n<p>Modo de empleo<br \/>\nTomar 1 o 2 comprimidos al d\u00eda 30 minutos antes de las comidas, preferiblemente por la ma\u00f1ana en ayunas y con un gran vaso de agua.<\/p>\n<p>Composici\u00f3n<br \/>\nPor 1 comprimido:<\/p>\n<p>Coenzima Q10 (50 mg), Vitamina C (40 mg), Serina (20 mg), Nadh (5 mg).<\/p>\n<p>Advertencias<br \/>\nContiene una fuente de soja.<br \/>\nReconnect de Vitae no contiene gluten, az\u00facar, sodio, levadura, saborizantes artificiales.<br \/>\nApto para vegetarianos.<\/p>\n","protected":false},"featured_media":5696,"comment_status":"open","ping_status":"closed","template":"","meta":{"_joinchat":[]},"product_brand":[],"product_cat":[134,128,127,126],"product_tag":[186,187],"class_list":{"0":"post-5695","1":"product","2":"type-product","3":"status-publish","4":"has-post-thumbnail","6":"product_cat-aminoacidos-naturales","7":"product_cat-fitoterapia-capsulas-y-comprimidos","8":"product_cat-nutricion-ortomolecular","9":"product_cat-suplementos-naturales","10":"product_tag-concentracion","11":"product_tag-mente","13":"first","14":"instock","15":"taxable","16":"shipping-taxable","17":"purchasable","18":"product-type-simple"},"_links":{"self":[{"href":"https:\/\/www.naturclic.com\/index.php?rest_route=\/wp\/v2\/product\/5695","targetHints":{"allow":["GET"]}}],"collection":[{"href":"https:\/\/www.naturclic.com\/index.php?rest_route=\/wp\/v2\/product"}],"about":[{"href":"https:\/\/www.naturclic.com\/index.php?rest_route=\/wp\/v2\/types\/product"}],"replies":[{"embeddable":true,"href":"https:\/\/www.naturclic.com\/index.php?rest_route=%2Fwp%2Fv2%2Fcomments&post=5695"}],"wp:featuredmedia":[{"embeddable":true,"href":"https:\/\/www.naturclic.com\/index.php?rest_route=\/wp\/v2\/media\/5696"}],"wp:attachment":[{"href":"https:\/\/www.naturclic.com\/index.php?rest_route=%2Fwp%2Fv2%2Fmedia&parent=5695"}],"wp:term":[{"taxonomy":"product_brand","embeddable":true,"href":"https:\/\/www.naturclic.com\/index.php?rest_route=%2Fwp%2Fv2%2Fproduct_brand&post=5695"},{"taxonomy":"product_cat","embeddable":true,"href":"https:\/\/www.naturclic.com\/index.php?rest_route=%2Fwp%2Fv2%2Fproduct_cat&post=5695"},{"taxonomy":"product_tag","embeddable":true,"href":"https:\/\/www.naturclic.com\/index.php?rest_route=%2Fwp%2Fv2%2Fproduct_tag&post=5695"}],"curies":[{"name":"wp","href":"https:\/\/api.w.org\/{rel}","templated":true}]}}