{"id":5697,"date":"2020-03-17T18:11:54","date_gmt":"2020-03-17T17:11:54","guid":{"rendered":"http:\/\/www.naturclic.com\/?post_type=product&#038;p=5697"},"modified":"2024-08-14T14:03:40","modified_gmt":"2024-08-14T12:03:40","slug":"coloncalm-flora-30-capsulas-sura-vitasan","status":"publish","type":"product","link":"https:\/\/www.naturclic.com\/?product=coloncalm-flora-30-capsulas-sura-vitasan","title":{"rendered":"ColonCalm Flora 30 c\u00e1psulas Sura Vitasan"},"content":{"rendered":"<p>PROBI\u00d3TICOS: Se trata de bacterias vivas no pat\u00f3genas que contribuyen al equilibrio de la flora intestinal generando un microambiente de bacterias beneficiosas protectoras, de ayuda al buen funcionamiento del proceso digestivo y que crean un medio hostil para el asentamiento de organismos pat\u00f3genos responsables de una gran variedad de trastornos digestivos. La microflora intestinal, adem\u00e1s de su importante papel en la digesti\u00f3n, es esencial para mantener la inmunidad y un desequilibrio de \u00e9sta debilita el sistema inmunitario y contribuye a un intestino hiperpermeable, situaci\u00f3n que se relaciona con una gran cantidad de trastornos digestivos como las hipersensibilidades y las alergias alimentarias o las inflamaciones intestinales cr\u00f3nicas. Habitualmente los probi\u00f3ticos se recomiendan en caso de antibioterapia o en casos de diarreas infecciosas para repoblar la flora intestinal da\u00f1ada. Tambi\u00e9n se incluyen en programas de prevenci\u00f3n y tratamiento de<\/p>\n<p>alergias e intolerancias alimentarias y para la regulaci\u00f3n del tr\u00e1nsito intestinal. Sin embargo, son muchos los estudios que alientan su uso en ciertos trastornos digestivos como son en las Enfermedades Inflamatorias Intestinales (Enfermedad de Crohn, colitis ulcerosa, colitis indeterminada) o en el S\u00edndrome de Colon Irritable (SCI), un trastorno funcional digestivo de etiolog\u00eda multifactorial incluyendo trastornos de la motilidad intestinal, hipersensibilidad visceral, alteraciones del eje cerebro-tracto digestivo, intolerancia alimentaria, alteraciones de la flora intestinal, cambios inflamatorios de la mucosa intestinal y antecedentes de infecciones gastrointestinales. El hecho de que muchos pacientes con SCI presenten un desequilibrio de la microbiota intestinal y que el aporte de bacterias beneficiosas mejore muchos de los s\u00edntomas asociados al SCI, permite pensar en la terapia probi\u00f3tica como una buena alternativa de tratamiento. Los estudios han demostrado que el aporte de ciertos probi\u00f3ticos en pacientes con SCI alivian el dolor abdominal, la distensi\u00f3n, el h\u00e1bito deposicional y la calidad de vida de estos pacientes. ColonCalmFlora incluye 10.000 millones de microorganismos probi\u00f3ticos de 5 cepas seleccionadas y espec\u00edficas que por sus propiedades inherentes han demostrado un efecto m\u00e1s pronunciado en la mejora de los s\u00edntomas asociados al SCI.<\/p>\n<p>Bifidobacteriuminfantis: Dominante en la flora col\u00f3nica, su efectividad se ha demostrado en distintos estudios al comprobar que disminuye el dolor, la hinchaz\u00f3n, normaliza el h\u00e1bito del tr\u00e1nsito intestinal y regula el ratio IL-10\/IL-12, \u00edndice que se muestra elevado en pacientes con SCI indicando un estadoproinflamatorio de la mucosa intestinal. En un estudio en que se administr\u00f3 B. infantis durante 4 semanas a 362 mujeres con SCI, se observ\u00f3 una eficacia superior al 20% en la mejora de los s\u00edntomas globales frente a placebo.<\/p>\n<p>Bifidobacteriumlongum: En un estudio en el que se evalu\u00f3 el efecto de una combinaci\u00f3n probi\u00f3tica sobre los s\u00edntomas y el tr\u00e1nsito col\u00f3nico en pacientes con SCI se observ\u00f3 una reducci\u00f3n de la flatulencia y en el retraso col\u00f3nico en los primeros 4 semanas de tratamiento. La combinaci\u00f3n inclu\u00eda B. longum.<\/p>\n<p>Lactobacillusacidophilus: La eficacia de este probi\u00f3tico ha quedado demostrada al mejorar la sintomatolog\u00eda global (dolor abdominal, flatulencia, h\u00e1bitos de tr\u00e1nsito intestinal y bienestar general) en pacientes con SCI. En otro estudio los s\u00edntomas globales se redujeron en un 55,6 % en 14 d\u00edas de tratamiento con una combinaci\u00f3n de L. plantarumy L. acidophilus.<\/p>\n<p>Lactobacillusplantarum: Los estudios han demostrado una reducci\u00f3n del dolor abdominal y la flatulencia en pacientes con SCI tras ser tratados con L.plantarumdurante 4 semanas.<\/p>\n<p>Lactobacillusrhamnosus: Se demostr\u00f3 efectivo en la mejora del dolor abdominal sobre pacientes pedi\u00e1tricos con distintos trastornos funcionales especialmente en aquellos que presentaban SCI.<\/p>\n<p>Consultar con el profesional antes de usar este producto en caso de embarazo o lactancia, si tiene fiebre, v\u00f3mitos, diarrea sanguinolenta o dolor abdominal intenso. Suspenda su uso si los s\u00edntomas de malestar digestivo (diarrea) persisten o empeoran m\u00e1s de 3 d\u00edas. Consultar con el profesional si tiene el sistema inmunitario<br \/>\ncomprometido (como linfoma o SIDA).<\/p>\n<p>Dosis recomendada<br \/>\nComo complemento alimenticio se sugiere tomar 2 c\u00e1psulas con agua o zumo o seguir indicaciones de un especialista.<\/p>\n<p>Indicaciones y usos<br \/>\nTratamiento de apoyo en s\u00edndrome de colon irritable y otros trastornos digestivos como enfermedades inflamatorias del intestino o s\u00edndrome del intestino permeable.<\/p>\n<p>Lo m\u00e1s destacado<br \/>\nContiene 5 cepas espec\u00edficas de eficacia demostrada (10.000 millones de microorganismos probi\u00f3ticos por c\u00e1psula), calostro de alta calidad, FOS y AOS.Con B. infantis y L.plantarum, los probi\u00f3ticos que han demostrado un efecto m\u00e1s pronunciado en la mejora de los s\u00edntomas del SCI.Calostro con garant\u00eda de calidad (libre de libre de pesticidas, hormonas, metales pesados y antibi\u00f3ticos) y con los niveles m\u00e1ximos disponibles de polip\u00e9ptidos ricos en prolina (8% PRP\u2019s) Cobertura ent\u00e9rica para m\u00e1xima protecci\u00f3n de los microorganismos vivos frente a la acidez estomacal.<\/p>\n","protected":false},"excerpt":{"rendered":"<p>ColonCalmFlora es una exclusiva formulaci\u00f3n a base de 5 cepas de probi\u00f3ticos, calostro de origen bovino de la m\u00e1s alta calidad y prebi\u00f3ticos FOS y AOS, destinada a mantener la salud del colon y ayudar a mejorar el bienestar intestinal en ciertos trastornos funcionales digestivos como es el s\u00edndrome de colon irritable. Cada c\u00e1psula contiene 10.000 millones de microorganismos viables gracias a la cobertura ent\u00e9rica de protecci\u00f3n frente a la acidez estomacal. ContieneBifidobacteriuminfantis y Lactobacillusplantarum, probi\u00f3ticos que por sus propiedades inherentes han demostrado un efecto m\u00e1s pronunciado en la mejora de los s\u00edntomas asociados a este s\u00edndrome. Se ha incluido un calostro con garant\u00eda de calidad, libre de pesticidas, hormonas, metales pesados y antibi\u00f3ticos y con los niveles m\u00e1ximos de polip\u00e9ptidos ricos en prolina disponibles (8% PRP\u2019s).<br \/>\nIngredientes: cultivo de bacterias (10.000 mill. de microorganismos viables por c\u00e1psula, (ver informaci\u00f3n nutricional), (en contacto con leche y soja) calostro bovino (Bos taurus), (leche) inulina (de ra\u00edz de achicoria, Cichorium intybus), arabinogalactano (de Larix laricina), antiaglomerante: estearato de magnesio vegetal, antioxidante: \u00e1cido asc\u00f3rbico, almid\u00f3n de patata, c\u00e1psula vegetal ent\u00e9rica (agente de recubrimiento: hidroxipropilmetilcelulosa; soluci\u00f3n acuosa para la protecci\u00f3n ent\u00e9rica; agua purificada)<\/p>\n","protected":false},"featured_media":5698,"comment_status":"open","ping_status":"closed","template":"","meta":{"_joinchat":[]},"product_brand":[],"product_cat":[131,128,127,126],"product_tag":[],"class_list":{"0":"post-5697","1":"product","2":"type-product","3":"status-publish","4":"has-post-thumbnail","6":"product_cat-bajar-peso-saludablemente","7":"product_cat-fitoterapia-capsulas-y-comprimidos","8":"product_cat-nutricion-ortomolecular","9":"product_cat-suplementos-naturales","11":"first","12":"outofstock","13":"taxable","14":"shipping-taxable","15":"purchasable","16":"product-type-simple"},"_links":{"self":[{"href":"https:\/\/www.naturclic.com\/index.php?rest_route=\/wp\/v2\/product\/5697","targetHints":{"allow":["GET"]}}],"collection":[{"href":"https:\/\/www.naturclic.com\/index.php?rest_route=\/wp\/v2\/product"}],"about":[{"href":"https:\/\/www.naturclic.com\/index.php?rest_route=\/wp\/v2\/types\/product"}],"replies":[{"embeddable":true,"href":"https:\/\/www.naturclic.com\/index.php?rest_route=%2Fwp%2Fv2%2Fcomments&post=5697"}],"wp:featuredmedia":[{"embeddable":true,"href":"https:\/\/www.naturclic.com\/index.php?rest_route=\/wp\/v2\/media\/5698"}],"wp:attachment":[{"href":"https:\/\/www.naturclic.com\/index.php?rest_route=%2Fwp%2Fv2%2Fmedia&parent=5697"}],"wp:term":[{"taxonomy":"product_brand","embeddable":true,"href":"https:\/\/www.naturclic.com\/index.php?rest_route=%2Fwp%2Fv2%2Fproduct_brand&post=5697"},{"taxonomy":"product_cat","embeddable":true,"href":"https:\/\/www.naturclic.com\/index.php?rest_route=%2Fwp%2Fv2%2Fproduct_cat&post=5697"},{"taxonomy":"product_tag","embeddable":true,"href":"https:\/\/www.naturclic.com\/index.php?rest_route=%2Fwp%2Fv2%2Fproduct_tag&post=5697"}],"curies":[{"name":"wp","href":"https:\/\/api.w.org\/{rel}","templated":true}]}}