{"id":5706,"date":"2020-03-17T18:43:07","date_gmt":"2020-03-17T17:43:07","guid":{"rendered":"http:\/\/www.naturclic.com\/?post_type=product&#038;p=5706"},"modified":"2023-04-27T05:49:05","modified_gmt":"2023-04-27T03:49:05","slug":"l-arginina-l-ornitina-mg-dose-soria-natural","status":"publish","type":"product","link":"https:\/\/www.naturclic.com\/?product=l-arginina-l-ornitina-mg-dose-soria-natural","title":{"rendered":"L-arginina &#038; L-ornitina MG Dose Soria Natural"},"content":{"rendered":"<p>gredientes: L-arginina, antiaglomerante (maltodextrinas), L-ornitina, corrector de acidez (\u00e1cido c\u00edtrico), aroma de fresa, aroma de pl\u00e1tano, \u00e1cido L-asc\u00f3rbico, edulcorante (sucralosa), niacinamida, pantotenato c\u00e1lcico, clorhidrato de piridoxina, riboflavina, clorhidrato de tiamina, \u00e1cido f\u00f3lico, biotina, cianocobalamina. <\/p>\n<p>Amino\u00e1cidos obtenidos a partir de fermentaciones naturales de origen vegetal. <\/p>\n<p>Consejo de uso: 1 sobre al d\u00eda. Disolver el sobre en un vaso de agua y agitar hasta su completa disoluci\u00f3n. <\/p>\n<p>Presentaci\u00f3n: 28 sobres de 10 g<\/p>\n","protected":false},"excerpt":{"rendered":"<p>Ingredientes: L-arginina, antiaglomerante (maltodextrinas), L-ornitina, corrector de acidez (\u00e1cido c\u00edtrico), aroma de fresa, aroma de pl\u00e1tano, \u00e1cido L-asc\u00f3rbico, edulcorante (sucralosa), niacinamida, pantotenato c\u00e1lcico, clorhidrato de piridoxina, riboflavina, clorhidrato de tiamina, \u00e1cido f\u00f3lico, biotina, cianocobalamina. <\/p>\n<p>Amino\u00e1cidos obtenidos a partir de fermentaciones naturales de origen vegetal. <\/p>\n<p>Consejo de uso: 1 sobre al d\u00eda. Disolver el sobre en un vaso de agua y agitar hasta su completa disoluci\u00f3n. <\/p>\n<p>Presentaci\u00f3n: 28 sobres de 10 g<\/p>\n","protected":false},"featured_media":5707,"comment_status":"open","ping_status":"closed","template":"","meta":{"_joinchat":[]},"product_brand":[],"product_cat":[134,135,133,132,126],"product_tag":[192,191,193,190],"class_list":{"0":"post-5706","1":"product","2":"type-product","3":"status-publish","4":"has-post-thumbnail","6":"product_cat-aminoacidos-naturales","7":"product_cat-energeticos","8":"product_cat-proteinas","9":"product_cat-suplementos-deportivos","10":"product_cat-suplementos-naturales","11":"product_tag-arginina","12":"product_tag-deporte","13":"product_tag-ornitina","14":"product_tag-sorianatural","16":"first","17":"outofstock","18":"taxable","19":"shipping-taxable","20":"purchasable","21":"product-type-simple"},"_links":{"self":[{"href":"https:\/\/www.naturclic.com\/index.php?rest_route=\/wp\/v2\/product\/5706","targetHints":{"allow":["GET"]}}],"collection":[{"href":"https:\/\/www.naturclic.com\/index.php?rest_route=\/wp\/v2\/product"}],"about":[{"href":"https:\/\/www.naturclic.com\/index.php?rest_route=\/wp\/v2\/types\/product"}],"replies":[{"embeddable":true,"href":"https:\/\/www.naturclic.com\/index.php?rest_route=%2Fwp%2Fv2%2Fcomments&post=5706"}],"wp:featuredmedia":[{"embeddable":true,"href":"https:\/\/www.naturclic.com\/index.php?rest_route=\/wp\/v2\/media\/5707"}],"wp:attachment":[{"href":"https:\/\/www.naturclic.com\/index.php?rest_route=%2Fwp%2Fv2%2Fmedia&parent=5706"}],"wp:term":[{"taxonomy":"product_brand","embeddable":true,"href":"https:\/\/www.naturclic.com\/index.php?rest_route=%2Fwp%2Fv2%2Fproduct_brand&post=5706"},{"taxonomy":"product_cat","embeddable":true,"href":"https:\/\/www.naturclic.com\/index.php?rest_route=%2Fwp%2Fv2%2Fproduct_cat&post=5706"},{"taxonomy":"product_tag","embeddable":true,"href":"https:\/\/www.naturclic.com\/index.php?rest_route=%2Fwp%2Fv2%2Fproduct_tag&post=5706"}],"curies":[{"name":"wp","href":"https:\/\/api.w.org\/{rel}","templated":true}]}}