{"id":5710,"date":"2020-03-17T18:48:21","date_gmt":"2020-03-17T17:48:21","guid":{"rendered":"http:\/\/www.naturclic.com\/?post_type=product&#038;p=5710"},"modified":"2022-02-03T19:34:47","modified_gmt":"2022-02-03T18:34:47","slug":"ctp-36-comprimidos-soria-natural","status":"publish","type":"product","link":"https:\/\/www.naturclic.com\/?product=ctp-36-comprimidos-soria-natural","title":{"rendered":"CTP 36 comprimidos Soria Natural"},"content":{"rendered":"<p>CTP Detoxor es un novedoso preparado obtenido de la liofilizaci\u00f3n de hojas j\u00f3venes de Lepidium latifolium para favorecer la detoxificaci\u00f3n celular y la purificaci\u00f3n a nivel interno del organismo.<\/p>\n<p>Ingredientes: (por 1 comprimido): Estabilizante: celulosa microcristalina silicificada (celulosa microcristalina y di\u00f3xido de silicio), polvo de hojas j\u00f3venes de Lepidium latifolium L. (304,64 mg), extracto seco de hojas j\u00f3venes de Lepidium latifolium L. (205,70 mg), antioxidante: \u00e1cido asc\u00f3rbico, sulfato ferroso, agente de recubrimiento: copol\u00edmero de metacrilato b\u00e1sico, estabilizante: carboximetilcelulosa s\u00f3dica reticulada, antiaglomerantes: di\u00f3xido de silicio y sales magn\u00e9sicas de \u00e1cidos grasos.<\/p>\n<p>Lepidium latifolium procedente de cultivos ecol\u00f3gicos propios certificados y rico en mirosinasa y prote\u00edna epitoespec\u00edfica.<\/p>\n<p>Consejo de uso: Para una detoxificaci\u00f3n de mantenimiento, se aconseja tomar 1 comprimido al d\u00eda, 5-10 minutos antes de comer, acompa\u00f1ado de un vaso de agua.<\/p>\n<p>Para una detoxificaci\u00f3n en profundidad (siete semanas), se aconseja tomarlo 5-10 minutos antes de comer, acompa\u00f1ado de un vaso de agua, respetando las siguientes pautas:<\/p>\n<p>&#8211; 1 comprimido al d\u00eda durante la primera semana<\/p>\n<p>&#8211; 2 comprimidos al d\u00eda (en dos tomas de 1 comprimido) durante la segunda y tercera semanas.<\/p>\n<p>&#8211; 1 comprimido al d\u00eda durante la cuarta, quinta, sexta y s\u00e9ptima semanas.<\/p>\n<p>Se aconseja repetir el proceso cada 6 meses.<\/p>\n<p>Presentaci\u00f3n: 36 comprimidos de 1 g.<\/p>\n<p>Especificaciones: Se aconseja no utilizar en caso de personas al\u00e9rgicas a la mostaza y derivados, o a las cruc\u00edfieras.<\/p>\n","protected":false},"excerpt":{"rendered":"<p>CTP Detoxor es un novedoso preparado obtenido de la liofilizaci\u00f3n de hojas j\u00f3venes de Lepidium latifolium para favorecer la detoxificaci\u00f3n celular y la purificaci\u00f3n a nivel interno del organismo.<\/p>\n<p>Ingredientes: (por 1 comprimido): Estabilizante: celulosa microcristalina silicificada (celulosa microcristalina y di\u00f3xido de silicio), polvo de hojas j\u00f3venes de Lepidium latifolium L. (304,64 mg), extracto seco de hojas j\u00f3venes de Lepidium latifolium L. (205,70 mg), antioxidante: \u00e1cido asc\u00f3rbico, sulfato ferroso, agente de recubrimiento: copol\u00edmero de metacrilato b\u00e1sico, estabilizante: carboximetilcelulosa s\u00f3dica reticulada, antiaglomerantes: di\u00f3xido de silicio y sales magn\u00e9sicas de \u00e1cidos grasos.<\/p>\n<p>Lepidium latifolium procedente de cultivos ecol\u00f3gicos propios certificados y rico en mirosinasa y prote\u00edna epitoespec\u00edfica.<\/p>\n<p>Consejo de uso: Para una detoxificaci\u00f3n de mantenimiento, se aconseja tomar 1 comprimido al d\u00eda, 5-10 minutos antes de comer, acompa\u00f1ado de un vaso de agua.<\/p>\n<p>Para una detoxificaci\u00f3n en profundidad (siete semanas), se aconseja tomarlo 5-10 minutos antes de comer, acompa\u00f1ado de un vaso de agua, respetando las siguientes pautas:<\/p>\n<p>&#8211; 1 comprimido al d\u00eda durante la primera semana<\/p>\n<p>&#8211; 2 comprimidos al d\u00eda (en dos tomas de 1 comprimido) durante la segunda y tercera semanas.<\/p>\n<p>&#8211; 1 comprimido al d\u00eda durante la cuarta, quinta, sexta y s\u00e9ptima semanas.<\/p>\n<p>Se aconseja repetir el proceso cada 6 meses.<\/p>\n<p>Presentaci\u00f3n: 36 comprimidos de 1 g.<\/p>\n<p>Especificaciones: Se aconseja no utilizar en caso de personas al\u00e9rgicas a la mostaza y derivados, o a las cruc\u00edfieras.<\/p>\n","protected":false},"featured_media":5711,"comment_status":"open","ping_status":"closed","template":"","meta":{"_joinchat":[]},"product_brand":[],"product_cat":[131,128,126],"product_tag":[],"class_list":{"0":"post-5710","1":"product","2":"type-product","3":"status-publish","4":"has-post-thumbnail","6":"product_cat-bajar-peso-saludablemente","7":"product_cat-fitoterapia-capsulas-y-comprimidos","8":"product_cat-suplementos-naturales","10":"first","11":"instock","12":"taxable","13":"shipping-taxable","14":"purchasable","15":"product-type-simple"},"_links":{"self":[{"href":"https:\/\/www.naturclic.com\/index.php?rest_route=\/wp\/v2\/product\/5710","targetHints":{"allow":["GET"]}}],"collection":[{"href":"https:\/\/www.naturclic.com\/index.php?rest_route=\/wp\/v2\/product"}],"about":[{"href":"https:\/\/www.naturclic.com\/index.php?rest_route=\/wp\/v2\/types\/product"}],"replies":[{"embeddable":true,"href":"https:\/\/www.naturclic.com\/index.php?rest_route=%2Fwp%2Fv2%2Fcomments&post=5710"}],"wp:featuredmedia":[{"embeddable":true,"href":"https:\/\/www.naturclic.com\/index.php?rest_route=\/wp\/v2\/media\/5711"}],"wp:attachment":[{"href":"https:\/\/www.naturclic.com\/index.php?rest_route=%2Fwp%2Fv2%2Fmedia&parent=5710"}],"wp:term":[{"taxonomy":"product_brand","embeddable":true,"href":"https:\/\/www.naturclic.com\/index.php?rest_route=%2Fwp%2Fv2%2Fproduct_brand&post=5710"},{"taxonomy":"product_cat","embeddable":true,"href":"https:\/\/www.naturclic.com\/index.php?rest_route=%2Fwp%2Fv2%2Fproduct_cat&post=5710"},{"taxonomy":"product_tag","embeddable":true,"href":"https:\/\/www.naturclic.com\/index.php?rest_route=%2Fwp%2Fv2%2Fproduct_tag&post=5710"}],"curies":[{"name":"wp","href":"https:\/\/api.w.org\/{rel}","templated":true}]}}