{"id":5771,"date":"2020-03-19T18:00:01","date_gmt":"2020-03-19T17:00:01","guid":{"rendered":"http:\/\/www.naturclic.com\/?post_type=product&#038;p=5771"},"modified":"2024-08-12T15:40:14","modified_gmt":"2024-08-12T13:40:14","slug":"proteina-de-altramuz-azul-250g-polvo-sura-vitasan","status":"publish","type":"product","link":"https:\/\/www.naturclic.com\/?product=proteina-de-altramuz-azul-250g-polvo-sura-vitasan","title":{"rendered":"Prote\u00edna de Altramuz azul 250g (polvo) Sura Vitasan"},"content":{"rendered":"<p>DESCRIPCI\u00d3N: nuestra Prote\u00edna de Semilla de Altramuz Azul es un s\u00faper alimento din\u00e1mico y vers\u00e1til que contiene prote\u00ednas, fibra, hierro y potasio. Esta es una buena alternativa para veganos, vegetarianos y aquellos que buscan limitar su consumo de carne se beneficien de los beneficios de estas prote\u00ednas saludables.<\/p>\n<p>Es una excelente fuente de prote\u00ednas con un valor nutricional a\u00f1adido, por su aporte en otros nutrientes como fibra, potasio, hierro, calcio y acidos grasos omega 3\/6\/7\/9.<\/p>\n<p>Posee un sabor neutro y aporta una gran versatilidad ya que es soluble tanto en aceite como en agua<\/p>\n<p>En diversos estudios se ha demostrado sus efectos sobre la salud cardiovascular: reduce el colesterol total y el LDL, los triglic\u00e9ridos, la homociste\u00edna y el \u00e1cido \u00farico en pacientes con hipercolesterolemia (1-2); reduce el riesgo de enfermedades cardiovasculares reduciendo los niveles de l\u00edpidos sangu\u00edneos por la formaci\u00f3n de \u00e1cidos grasos de cadena corta y la presi\u00f3n sangu\u00ednea (2).<\/p>\n<p>Reduce los niveles de glucosa en sangre en pacientes con diabetes tipo 2 (efecto hipoglucemiante) sin variar los niveles de insulina (4-5).<\/p>\n","protected":false},"excerpt":{"rendered":"<p>Nuestra Prote\u00edna de Semilla de Altramuz Azul es un s\u00faper alimento din\u00e1mico y vers\u00e1til que contiene prote\u00ednas, fibra y potasio. Esta es una buena alternativa para veganos, vegetarianos y aquellos que buscan limitar su consumo de carne se beneficien de los beneficios de estas prote\u00ednas. Es una excelente fuente de prote\u00ednas con un valor nutricional a\u00f1adido, por su aporte en otros nutrientes como fibra, potasio, hierro, calcio y \u00e1cidos grasos omega 3\/6\/7\/9. Posee un sabor neutro y aporta una gran versatilidad ya que es soluble tanto en aceite como en agua.<\/p>\n","protected":false},"featured_media":5772,"comment_status":"open","ping_status":"closed","template":"","meta":{"_joinchat":[]},"product_brand":[],"product_cat":[135,127,133,126],"product_tag":[],"class_list":{"0":"post-5771","1":"product","2":"type-product","3":"status-publish","4":"has-post-thumbnail","6":"product_cat-energeticos","7":"product_cat-nutricion-ortomolecular","8":"product_cat-proteinas","9":"product_cat-suplementos-naturales","11":"first","12":"instock","13":"taxable","14":"shipping-taxable","15":"purchasable","16":"product-type-simple"},"_links":{"self":[{"href":"https:\/\/www.naturclic.com\/index.php?rest_route=\/wp\/v2\/product\/5771","targetHints":{"allow":["GET"]}}],"collection":[{"href":"https:\/\/www.naturclic.com\/index.php?rest_route=\/wp\/v2\/product"}],"about":[{"href":"https:\/\/www.naturclic.com\/index.php?rest_route=\/wp\/v2\/types\/product"}],"replies":[{"embeddable":true,"href":"https:\/\/www.naturclic.com\/index.php?rest_route=%2Fwp%2Fv2%2Fcomments&post=5771"}],"wp:featuredmedia":[{"embeddable":true,"href":"https:\/\/www.naturclic.com\/index.php?rest_route=\/wp\/v2\/media\/5772"}],"wp:attachment":[{"href":"https:\/\/www.naturclic.com\/index.php?rest_route=%2Fwp%2Fv2%2Fmedia&parent=5771"}],"wp:term":[{"taxonomy":"product_brand","embeddable":true,"href":"https:\/\/www.naturclic.com\/index.php?rest_route=%2Fwp%2Fv2%2Fproduct_brand&post=5771"},{"taxonomy":"product_cat","embeddable":true,"href":"https:\/\/www.naturclic.com\/index.php?rest_route=%2Fwp%2Fv2%2Fproduct_cat&post=5771"},{"taxonomy":"product_tag","embeddable":true,"href":"https:\/\/www.naturclic.com\/index.php?rest_route=%2Fwp%2Fv2%2Fproduct_tag&post=5771"}],"curies":[{"name":"wp","href":"https:\/\/api.w.org\/{rel}","templated":true}]}}