{"id":5773,"date":"2020-03-19T18:01:55","date_gmt":"2020-03-19T17:01:55","guid":{"rendered":"http:\/\/www.naturclic.com\/?post_type=product&#038;p=5773"},"modified":"2024-08-14T16:31:00","modified_gmt":"2024-08-14T14:31:00","slug":"proteina-de-semillas-de-calabaza-450g-polvo-sura-vitasan","status":"publish","type":"product","link":"https:\/\/www.naturclic.com\/?product=proteina-de-semillas-de-calabaza-450g-polvo-sura-vitasan","title":{"rendered":"Prote\u00edna de Semillas de Calabaza 450g (polvo) Sura Vitasan"},"content":{"rendered":"<p>Nuestra Prote\u00edna de Semilla de Calabaza es un s\u00faper alimento din\u00e1mico y vers\u00e1til que contiene prote\u00ednas y fibra. Esta es una buena alternativa para veganos, vegetarianos y aquellos que buscan limitar su consumo de carne se beneficien de los beneficios de estas prote\u00ednas saludables.<\/p>\n<p>Adem\u00e1s de ser una excelente fuente de prote\u00ednas las semillas de calabaza tambi\u00e9n se encuentran entre los principales alimentos por su contenido de fitoesteroles. Tambi\u00e9n contiene tript\u00f3fano natural, precursor de la serotonina neurotransmisor implicado en el estado de \u00e1nimo.<\/p>\n<p>Su ligero y sutil sabor a nuez lo convierte en un excelente complemento para ensaladas, sopas, batidos de prote\u00ednas y productos horneados<\/p>\n<p>Por su contenido en tript\u00f3fano, es efectiva en el tratamiento de pacientes con insomnio cr\u00f3nico (1) y reduciendo los nieles de ansiedad (2).<\/p>\n<p>Aumenta los niveles de hierro en mujeres (3).<\/p>\n<p>Mejora los s\u00edntomas de la menopausia reduciendo los sofocos, dolores de cabeza y articulares (4).<\/p>\n<p>En pacientes con hemodi\u00e1lisis reduce los niveles de triglic\u00e9ridos, mejora el perfil lip\u00eddico y los marcadores inflamatorios (5).<\/p>\n","protected":false},"excerpt":{"rendered":"<p>Nuestra Prote\u00edna de Semilla de Calabaza es un s\u00faper alimento din\u00e1mico y vers\u00e1til que contiene prote\u00ednas y fibra. Esta es una buena alternativa para veganos, vegetarianos y aquellos que buscan limitar su consumo de carne se beneficien de los beneficios de estas prote\u00ednas. Adem\u00e1s de ser una excelente fuente de prote\u00ednas las semillas de calabaza tambi\u00e9n se encuentran entre los principales alimentos por su contenido de fitoesteroles. Tambi\u00e9n contiene tript\u00f3fano natural, precursor de la serotonina neurotransmisor implicado en el estado de \u00e1nimo. Su ligero y sutil sabor a nuez lo convierte en un excelente complemento para ensaladas, sopas, batidos de prote\u00ednas y productos horneados.<\/p>\n","protected":false},"featured_media":5774,"comment_status":"open","ping_status":"closed","template":"","meta":{"_joinchat":[]},"product_brand":[],"product_cat":[133,126],"product_tag":[],"class_list":{"0":"post-5773","1":"product","2":"type-product","3":"status-publish","4":"has-post-thumbnail","6":"product_cat-proteinas","7":"product_cat-suplementos-naturales","9":"first","10":"outofstock","11":"taxable","12":"shipping-taxable","13":"purchasable","14":"product-type-simple"},"_links":{"self":[{"href":"https:\/\/www.naturclic.com\/index.php?rest_route=\/wp\/v2\/product\/5773","targetHints":{"allow":["GET"]}}],"collection":[{"href":"https:\/\/www.naturclic.com\/index.php?rest_route=\/wp\/v2\/product"}],"about":[{"href":"https:\/\/www.naturclic.com\/index.php?rest_route=\/wp\/v2\/types\/product"}],"replies":[{"embeddable":true,"href":"https:\/\/www.naturclic.com\/index.php?rest_route=%2Fwp%2Fv2%2Fcomments&post=5773"}],"wp:featuredmedia":[{"embeddable":true,"href":"https:\/\/www.naturclic.com\/index.php?rest_route=\/wp\/v2\/media\/5774"}],"wp:attachment":[{"href":"https:\/\/www.naturclic.com\/index.php?rest_route=%2Fwp%2Fv2%2Fmedia&parent=5773"}],"wp:term":[{"taxonomy":"product_brand","embeddable":true,"href":"https:\/\/www.naturclic.com\/index.php?rest_route=%2Fwp%2Fv2%2Fproduct_brand&post=5773"},{"taxonomy":"product_cat","embeddable":true,"href":"https:\/\/www.naturclic.com\/index.php?rest_route=%2Fwp%2Fv2%2Fproduct_cat&post=5773"},{"taxonomy":"product_tag","embeddable":true,"href":"https:\/\/www.naturclic.com\/index.php?rest_route=%2Fwp%2Fv2%2Fproduct_tag&post=5773"}],"curies":[{"name":"wp","href":"https:\/\/api.w.org\/{rel}","templated":true}]}}