{"id":5888,"date":"2020-03-23T20:33:52","date_gmt":"2020-03-23T19:33:52","guid":{"rendered":"http:\/\/www.naturclic.com\/?post_type=product&#038;p=5888"},"modified":"2024-08-09T16:18:30","modified_gmt":"2024-08-09T14:18:30","slug":"cordyceps-60-capsulas-sura-vitasan","status":"publish","type":"product","link":"https:\/\/www.naturclic.com\/?product=cordyceps-60-capsulas-sura-vitasan","title":{"rendered":"Cordyceps 60 c\u00e1psulas Sura Vitasan"},"content":{"rendered":"<div class=\"uk-child-width-1-1@m uk-grid-small uk-grid-match atributos-sin-columnas uk-grid uk-grid-stack\">\n<div class=\"uk-grid-margin uk-first-column\">\n<div class=\"uk-card uk-card-small\">\n<div class=\"uk-card-body\">\n<p>Amplificaci\u00f3n de la respuesta inmunitaria en una variedad de desequilibrios relacionados con infecciones v\u00edricas y bacterianas, infecciones de repetici\u00f3n e inmunodeficiencias.<br \/>\nPotencial energ\u00e9tico (rendimiento deportivo, capacidad de concentraci\u00f3n y estados de convalecencia)<br \/>\nApoyo en trastornos cardiovasculares y ateroscler\u00f3ticos.<br \/>\nMejora de la funci\u00f3n renal.<br \/>\nPotencia la actividad sexual.<br \/>\nSalud respiratoria (asma, fibrosis qu\u00edstica\u2026)<br \/>\nTerapias antiaging (antioxidante)<\/p>\n<\/div>\n<\/div>\n<\/div>\n<div class=\"uk-grid-margin uk-first-column\">\n<div class=\"uk-card uk-card-small\">\n<h3 class=\"uk-card-title\">Lo m\u00e1s destacado<\/h3>\n<div class=\"uk-card-body\">\n<p>500 mg de Cordyceps por c\u00e1psula en forma de extracto de alta potencia (8:1)<\/p>\n<p>M\u00e9todo de extracci\u00f3n validado garantizando un extracto estandarizado al 40% en polisac\u00e1ridos y 20% en beta-glucanos.<\/p>\n<p>Hongos procedentes de cultivos controlados y sostenibles.<\/p>\n<p>&nbsp;<\/p>\n<\/div>\n<\/div>\n<\/div>\n<div class=\"uk-grid-margin uk-first-column\">\n<div class=\"uk-card uk-card-small\">\n<h3 class=\"uk-card-title\">Recomendaci\u00f3n importante<\/h3>\n<div class=\"uk-card-body\">No<\/div>\n<\/div>\n<\/div>\n<\/div>\n<div class=\"uk-child-width-1-1@m uk-grid-small uk-grid-match atributos-sin-columnas uk-grid uk-grid-stack\">\n<div class=\"uk-first-column\">\n<div class=\"uk-card uk-card-small\">\n<h3 class=\"uk-card-title\">Detalles<\/h3>\n<div class=\"uk-card-body\">\n<p>Complemento a base de un extracto puro y de alta potencia (8:1) del hongo medicinal\u00a0<em>Ophiocordyceps sinesis<\/em>,\u00a0\u00a0altamente conocido por su actividad vigorizante y energizante.Aporta una gran cantidad de antioxidantes que ayudan a proteger el da\u00f1o oxidativo.<\/p>\n<p>Cordyceps aporta beneficios especialmente en enfermedades hep\u00e1ticas, renales y cardiovasculares, as\u00ed como trastornos inmunol\u00f3gicos incluyendo c\u00e1ncer. Estas acciones son principalmente causadas por los polisac\u00e1ridos activos, los nucle\u00f3tidos modificados y los metabolitos de ciclosporina producidos por el hongo. Contiene \u00e1cido cordicep\u00eddico, \u00e1cido glut\u00e1mico, D-manitol, esteroles, vitaminas del grupo B y hasta 20 minerales, entre otros.<\/p>\n<p>El m\u00e9todo de extracci\u00f3n de los polisac\u00e1ridos es un punto cr\u00edtico que determina la concentraci\u00f3n y la eficacia del producto. Nuestro extracto se obtiene siguiendo un proceso validado de extracci\u00f3n en agua caliente que concentra, garantiza y preserva los compuestos activos encontrando una concentraci\u00f3n final superior de polisac\u00e1ridos. Los hongos utilizados para nuestra formulaci\u00f3n han sido cultivados en invernaderos en condiciones de control climatol\u00f3gico y libres de metales pesados, herbicidas y pesticidas para garantizar la pureza y la potencia del extracto.<\/p>\n<p>&nbsp;<\/p>\n<p>CORDYCEPS (<em>Ophiocordyceps sinesis<\/em>):<strong>\u00a0<\/strong>Usado en la medicinal tradicional China como afrodis\u00edaco y como diur\u00e9tico, favoreciendo el funcionamiento de los ri\u00f1ones gracias a su contenido en manitol. Los antioxidantes que aporta este hongo neutralizan los radicales libres responsables de las mutaciones celulares, causantes del proceso de envejecimiento. Al reducir el da\u00f1o celular y sobre el col\u00e1geno, los antioxidantes ayudan previniendo las l\u00edneas de expresi\u00f3n y arrugas, y preservan la apariencia juvenil de la piel. Cordyceps provoca un incremento de los niveles de ATP en la c\u00e9lula e incrementa la capacidad aer\u00f3bica y el uso de ox\u00edgeno as\u00ed como, una\u00a0 mayor resistencia frente a la fatiga. En deportistas mejora el rendimiento deportivo al incrementar el metabolismo del tejido muscular.\u00a0Incrementa la capacidad antioxidante de enzimas como la superoxido dismutasa, glutati\u00f3n peroxidasa y catalasa proporcionando un beneficio adicional sobre la salud cardiovascular de pacientes mayores a la vez que su efecto antifatiga y antiestr\u00e9s permite su uso en casos de astenia y depresi\u00f3n.<\/p>\n<\/div>\n<\/div>\n<\/div>\n<\/div>\n","protected":false},"excerpt":{"rendered":"<p>Cordyceps\u00a0es un complemento a base de un extracto puro y de alta potencia (8:1) del hongo medicinal\u00a0Ophiocordyceps sinesis.\u00a0El m\u00e9todo de extracci\u00f3n est\u00e1 validado garantizando un\u00a0extracto al 40%. Los hongos, que incluye nuestra formulaci\u00f3n proceden de cultivos\u00a0sostenibles\u00a0y\u00a0controlados\u00a0ya que crecen en invernaderos en condiciones de control climatol\u00f3gico y libres de metales pesados, herbicidas y pesticidas para garantizar la\u00a0 pureza y potencia del extracto.\u00a0Cada c\u00e1psula vegetal aporta\u00a0500 mg de Cordyceps\u00a0en forma de extracto, apta para cel\u00edacos, vegetarianos y veganos.<\/p>\n","protected":false},"featured_media":5889,"comment_status":"open","ping_status":"closed","template":"","meta":{"_joinchat":[]},"product_brand":[],"product_cat":[130,127,132,126],"product_tag":[],"class_list":{"0":"post-5888","1":"product","2":"type-product","3":"status-publish","4":"has-post-thumbnail","6":"product_cat-hongos-medicinales","7":"product_cat-nutricion-ortomolecular","8":"product_cat-suplementos-deportivos","9":"product_cat-suplementos-naturales","11":"first","12":"instock","13":"taxable","14":"shipping-taxable","15":"purchasable","16":"product-type-simple"},"_links":{"self":[{"href":"https:\/\/www.naturclic.com\/index.php?rest_route=\/wp\/v2\/product\/5888","targetHints":{"allow":["GET"]}}],"collection":[{"href":"https:\/\/www.naturclic.com\/index.php?rest_route=\/wp\/v2\/product"}],"about":[{"href":"https:\/\/www.naturclic.com\/index.php?rest_route=\/wp\/v2\/types\/product"}],"replies":[{"embeddable":true,"href":"https:\/\/www.naturclic.com\/index.php?rest_route=%2Fwp%2Fv2%2Fcomments&post=5888"}],"wp:featuredmedia":[{"embeddable":true,"href":"https:\/\/www.naturclic.com\/index.php?rest_route=\/wp\/v2\/media\/5889"}],"wp:attachment":[{"href":"https:\/\/www.naturclic.com\/index.php?rest_route=%2Fwp%2Fv2%2Fmedia&parent=5888"}],"wp:term":[{"taxonomy":"product_brand","embeddable":true,"href":"https:\/\/www.naturclic.com\/index.php?rest_route=%2Fwp%2Fv2%2Fproduct_brand&post=5888"},{"taxonomy":"product_cat","embeddable":true,"href":"https:\/\/www.naturclic.com\/index.php?rest_route=%2Fwp%2Fv2%2Fproduct_cat&post=5888"},{"taxonomy":"product_tag","embeddable":true,"href":"https:\/\/www.naturclic.com\/index.php?rest_route=%2Fwp%2Fv2%2Fproduct_tag&post=5888"}],"curies":[{"name":"wp","href":"https:\/\/api.w.org\/{rel}","templated":true}]}}