{"id":5890,"date":"2020-03-23T20:37:55","date_gmt":"2020-03-23T19:37:55","guid":{"rendered":"http:\/\/www.naturclic.com\/?post_type=product&#038;p=5890"},"modified":"2024-08-09T16:40:52","modified_gmt":"2024-08-09T14:40:52","slug":"maitake-60-capsulas-sura-vitasan","status":"publish","type":"product","link":"https:\/\/www.naturclic.com\/?product=maitake-60-capsulas-sura-vitasan","title":{"rendered":"Maitake 60 c\u00e1psulas Sura Vitasan"},"content":{"rendered":"<div class=\"uk-grid-margin uk-first-column\">\n<div class=\"uk-card uk-card-small\">\n<h3 class=\"uk-card-title\">Dosis recomendada<\/h3>\n<div class=\"uk-card-body\">\n<p>Como complemento\u00a0alimenticio se sugiere tomar 1\u00a0c\u00e1psula al d\u00eda.<\/p>\n<\/div>\n<\/div>\n<\/div>\n<div class=\"uk-grid-margin uk-first-column\">\n<div class=\"uk-card uk-card-small\">\n<h3 class=\"uk-card-title\">Indicaciones y usos<\/h3>\n<div class=\"uk-card-body\">\n<p>Amplificaci\u00f3n de la respuesta inmunitaria en una variedad de desequilibrios relacionados con enfermedades\u00a0autoinmunes e inmunodeficiencias.<br \/>\nAntitumoral y coadyuvante en tratamientos quimioter\u00e1picos y radioter\u00e1picos (particularmente en c\u00e1ncer de mama y de\u00a0pr\u00f3stata).<\/p>\n<p>Antimetast\u00e1sico.<br \/>\nInducci\u00f3n de la ovulaci\u00f3n en paciente con S\u00edndrome del ovario poliqu\u00edstico.<\/p>\n<p>Apoyo en trastornos cardiovasculares (hipocolesterolemia, hipotensi\u00f3n\u2026)<br \/>\nRegulador metab\u00f3lico (antiobesidad, hiperglucemia)<br \/>\nTerapias antiaging.<\/p>\n<p>Complemento a base de un extracto puro y de alta potencia (8:1) del hongo medicinal\u00a0<em>Grifola frondosa\u00a0<\/em>muy valorado por su actividad sobre el sistema inmunitario, su acci\u00f3n antitumoral y antimetast\u00e1sico y su capacidad de regular el sistema metab\u00f3lico. Su composici\u00f3n se destaca por la llamada Fracci\u00f3n D, constituida por una mezcla de prote\u00ednas y polisac\u00e1ridos, responsables de la actividad antitumoral debido a la potenciaci\u00f3n de la respuesta inmune. Adem\u00e1s contiene vitaminas B1, B2 y B3, ergosterol (precursor de la vitamina D2), minerales como el potasio, hierro y magnesio, amino\u00e1cidos, lectinas y metaloprote\u00ednas.<\/p>\n<p>El m\u00e9todo de extracci\u00f3n de los polisac\u00e1ridos es un punto cr\u00edtico que determina la concentraci\u00f3n y la eficacia del producto. Nuestro extracto se obtiene siguiendo un proceso validado de extracci\u00f3n en agua caliente que concentra, garantiza y preserva los compuestos activos encontrando una concentraci\u00f3n final superior de polisac\u00e1ridos. El micelio contiene polisac\u00e1ridos que est\u00e1 unidos a la pared celular de quitina, la cual no es digerible por el sistema gastrointestinal. La quitina debe ser disuelta en agua caliente para poder liberar as\u00ed los polisac\u00e1ridos garantizando as\u00ed un alto contenido as\u00ed como una mayor biodisponibilidad de los mismos. Los extractos est\u00e1n estandarizados en un 40 % de polisac\u00e1ridos.<\/p>\n<\/div>\n<\/div>\n<\/div>\n","protected":false},"excerpt":{"rendered":"<p><strong>Maitake<\/strong>\u00a0es un complemento a base de un extracto puro y de alta potencia (8:1) del hongo medicinal\u00a0<em>Grifola frondosa.<\/em>\u00a0El m\u00e9todo de extracci\u00f3n est\u00e1 validado garantizando un extracto al\u00a0<strong>40% en polisac\u00e1ridos<\/strong>. Los hongos utilizados han sido cultivados en invernaderos\u00a0<strong>controlados<\/strong>\u00a0y\u00a0<strong>sostenibles,<\/strong>\u00a0libres de metales pesados, herbicidas y pesticidas para garantizar la pureza y la potencia del extracto.\u00a0Cada c\u00e1psula vegetal aporta\u00a0<strong>400 mg de Maitake<\/strong>\u00a0en forma de extracto, apta para cel\u00edacos, vegetarianos y veganos.<\/p>\n","protected":false},"featured_media":5891,"comment_status":"open","ping_status":"closed","template":"","meta":{"_joinchat":[]},"product_brand":[],"product_cat":[15],"product_tag":[],"class_list":{"0":"post-5890","1":"product","2":"type-product","3":"status-publish","4":"has-post-thumbnail","6":"product_cat-sin-categorizar","8":"first","9":"instock","10":"taxable","11":"shipping-taxable","12":"purchasable","13":"product-type-simple"},"_links":{"self":[{"href":"https:\/\/www.naturclic.com\/index.php?rest_route=\/wp\/v2\/product\/5890","targetHints":{"allow":["GET"]}}],"collection":[{"href":"https:\/\/www.naturclic.com\/index.php?rest_route=\/wp\/v2\/product"}],"about":[{"href":"https:\/\/www.naturclic.com\/index.php?rest_route=\/wp\/v2\/types\/product"}],"replies":[{"embeddable":true,"href":"https:\/\/www.naturclic.com\/index.php?rest_route=%2Fwp%2Fv2%2Fcomments&post=5890"}],"wp:featuredmedia":[{"embeddable":true,"href":"https:\/\/www.naturclic.com\/index.php?rest_route=\/wp\/v2\/media\/5891"}],"wp:attachment":[{"href":"https:\/\/www.naturclic.com\/index.php?rest_route=%2Fwp%2Fv2%2Fmedia&parent=5890"}],"wp:term":[{"taxonomy":"product_brand","embeddable":true,"href":"https:\/\/www.naturclic.com\/index.php?rest_route=%2Fwp%2Fv2%2Fproduct_brand&post=5890"},{"taxonomy":"product_cat","embeddable":true,"href":"https:\/\/www.naturclic.com\/index.php?rest_route=%2Fwp%2Fv2%2Fproduct_cat&post=5890"},{"taxonomy":"product_tag","embeddable":true,"href":"https:\/\/www.naturclic.com\/index.php?rest_route=%2Fwp%2Fv2%2Fproduct_tag&post=5890"}],"curies":[{"name":"wp","href":"https:\/\/api.w.org\/{rel}","templated":true}]}}