{"id":5907,"date":"2020-03-24T08:37:01","date_gmt":"2020-03-24T07:37:01","guid":{"rendered":"http:\/\/www.naturclic.com\/?post_type=product&#038;p=5907"},"modified":"2024-08-14T13:23:30","modified_gmt":"2024-08-14T11:23:30","slug":"acidophilus-60-capsulas-sura-vitasan","status":"publish","type":"product","link":"https:\/\/www.naturclic.com\/?product=acidophilus-60-capsulas-sura-vitasan","title":{"rendered":"Acidophilus Ultra 60 c\u00e1psulas Sura Vitasan"},"content":{"rendered":"<div class=\"uk-grid-margin uk-first-column\">\n<div class=\"uk-card uk-card-small\">\n<h3><\/h3>\n<h3 class=\"uk-card-title\">Dosis recomendada<\/h3>\n<div class=\"uk-card-body\">\n<p>Como complemento alimenticio se sugiere tomar de 1 a 2 \u00a0c\u00e1psulas al d\u00eda o seguir las indicaciones de un especialista.<\/p>\n<\/div>\n<\/div>\n<\/div>\n<div class=\"uk-grid-margin uk-first-column\">\n<div class=\"uk-card uk-card-small\">\n<h3 class=\"uk-card-title\">Indicaciones y usos<\/h3>\n<div class=\"uk-card-body\">\n<p>Diferentes estudios han demostrado que los componentes de AcidophilusUltra puede ser de ayuda para:<\/p>\n<p>Repoblar la flora intestinal da\u00f1ada o destruida, regenera el intestino, combatir los efectos secundarios producidos por la toma de antibi\u00f3ticos tales como: la diarrea y la degeneraci\u00f3n de la flora intestinal, proteger y combatir la proliferaci\u00f3n de g\u00e9rmenes pat\u00f3genos como\u00a0<em>C\u00e1ndida albicans<\/em>,\u00a0<em>Salmonella<\/em>,\u00a0<em>Streptococcus<\/em>,\u00a0<em>Escherichia coli<\/em>.<\/p>\n<p>Tambi\u00e9n es de ayuda en alergias, eccemas e intolerancias, s\u00edndrome de colon irritable e enfermedades inflamatorias intestinales como la enfermedad de Crohn y la colitis ulcerosa.<\/p>\n<\/div>\n<\/div>\n<\/div>\n","protected":false},"excerpt":{"rendered":"<p><strong>Ingredientes:\u00a0<\/strong>cultivo de bacterias (11.000 mill. de microorganismos viables por c\u00e1psula, ver informaci\u00f3n nutricional) (en contacto con\u00a0<strong>leche<\/strong>\u00a0y\u00a0<strong>soja<\/strong>), inulina (de ra\u00edz de achicoria,\u00a0<em>Cichorium intybus<\/em>), arabinogalactano (de\u00a0<em>Larix laricina<\/em>), antiaglomerante (estearato de magnesio vegetal), antioxidante (\u00e1cido L-asc\u00f3rbico), almid\u00f3n de patata, c\u00e1psula vegetal ent\u00e9rica PH5D (agente de recubrimiento: hidroxipropilmetilcelulosa; soluci\u00f3n acuosa para la protecci\u00f3n ent\u00e9rica; agua purificada).<\/p>\n<p>ACIDOPHILUS ULTRA es una de las f\u00f3rmulas de probi\u00f3ticos m\u00e1s avanzada y potente del mercado. Nuestra presentaci\u00f3n en c\u00e1psula aporta un m\u00ednimo de 11.000 millones de bacterias beneficiosas (c\u00e9lulas viables) por c\u00e1psula y 11 cultivos probi\u00f3ticos diferentes exclusivamente seleccionados para actuar en sinergia y as\u00ed obtener amplios beneficios sobre la salud. Es muy importante asegurar la protecci\u00f3n de los probi\u00f3ticos frente a los \u00e1cidos del est\u00f3mago y la bilis y es por ello que AcidophilusUltra sigue una tecnolog\u00eda pHD5 que permite que nuestras c\u00e1psulas sean de cobertura ent\u00e9rica especial dise\u00f1adas para resistir el pH \u00e1cido del est\u00f3mago y se abran en el intestino cuando el pH est\u00e1 precisamente entre 5 y 5,5. Aqu\u00ed se liberan los probi\u00f3ticos lentamente sin impactar bruscamente sobre la flora que ya habita en el intestino donde deben actuar. Esto asegura el aprovechamiento al 100% de los probi\u00f3ticos.<\/p>\n","protected":false},"featured_media":5906,"comment_status":"open","ping_status":"closed","template":"","meta":{"_joinchat":[]},"product_brand":[],"product_cat":[127,126],"product_tag":[175],"class_list":{"0":"post-5907","1":"product","2":"type-product","3":"status-publish","4":"has-post-thumbnail","6":"product_cat-nutricion-ortomolecular","7":"product_cat-suplementos-naturales","8":"product_tag-probiotico","10":"first","11":"instock","12":"taxable","13":"shipping-taxable","14":"purchasable","15":"product-type-simple"},"_links":{"self":[{"href":"https:\/\/www.naturclic.com\/index.php?rest_route=\/wp\/v2\/product\/5907","targetHints":{"allow":["GET"]}}],"collection":[{"href":"https:\/\/www.naturclic.com\/index.php?rest_route=\/wp\/v2\/product"}],"about":[{"href":"https:\/\/www.naturclic.com\/index.php?rest_route=\/wp\/v2\/types\/product"}],"replies":[{"embeddable":true,"href":"https:\/\/www.naturclic.com\/index.php?rest_route=%2Fwp%2Fv2%2Fcomments&post=5907"}],"wp:featuredmedia":[{"embeddable":true,"href":"https:\/\/www.naturclic.com\/index.php?rest_route=\/wp\/v2\/media\/5906"}],"wp:attachment":[{"href":"https:\/\/www.naturclic.com\/index.php?rest_route=%2Fwp%2Fv2%2Fmedia&parent=5907"}],"wp:term":[{"taxonomy":"product_brand","embeddable":true,"href":"https:\/\/www.naturclic.com\/index.php?rest_route=%2Fwp%2Fv2%2Fproduct_brand&post=5907"},{"taxonomy":"product_cat","embeddable":true,"href":"https:\/\/www.naturclic.com\/index.php?rest_route=%2Fwp%2Fv2%2Fproduct_cat&post=5907"},{"taxonomy":"product_tag","embeddable":true,"href":"https:\/\/www.naturclic.com\/index.php?rest_route=%2Fwp%2Fv2%2Fproduct_tag&post=5907"}],"curies":[{"name":"wp","href":"https:\/\/api.w.org\/{rel}","templated":true}]}}