{"id":5911,"date":"2020-05-05T16:39:55","date_gmt":"2020-05-05T14:39:55","guid":{"rendered":"http:\/\/www.naturclic.com\/?post_type=product&#038;p=5911"},"modified":"2024-08-08T13:06:17","modified_gmt":"2024-08-08T11:06:17","slug":"aceite-de-borraja-90-perlas-sura-vitasan","status":"publish","type":"product","link":"https:\/\/www.naturclic.com\/?product=aceite-de-borraja-90-perlas-sura-vitasan","title":{"rendered":"Aceite de Borraja 90 perlas Sura Vitasan"},"content":{"rendered":"<div class=\"uk-grid-margin uk-first-column\">\n<div class=\"uk-card uk-card-small\">\n<h3 class=\"uk-card-title\">Advertencias<\/h3>\n<div class=\"uk-card-body\">\n<p>Consultar con el profesional antes de tomar este producto en caso de embarazo o lactancia, si est\u00e1 en tratamiento con medicaci\u00f3n (especialmente fenotiazina y antidepresivos tric\u00edclicos) o si presenta unas condiciones m\u00e9dicas especiales. El uso concomitante con AINEs, teo\u0301ricamente disminuiri\u0301a los efectos del aceite, debido a que estos medicamentos interfieren con la si\u0301ntesis de prostaglandinas.<\/p>\n<\/div>\n<\/div>\n<\/div>\n<div class=\"uk-grid-margin uk-first-column\">\n<div class=\"uk-card uk-card-small\">\n<h3 class=\"uk-card-title\">Dosis recomendada<\/h3>\n<div class=\"uk-card-body\">\n<p>Como complemento alimenticio se sugiere tomar\u00a01 perla, tres veces al d\u00eda con las comidas.<\/p>\n<\/div>\n<\/div>\n<\/div>\n<div class=\"uk-grid-margin uk-first-column\">\n<div class=\"uk-card uk-card-small\">\n<h3 class=\"uk-card-title\">Indicaciones y usos<\/h3>\n<div class=\"uk-card-body\">\n<p>Diferentes estudios han demostrado que el Aceite de Borraja puede ser de ayuda en:\u00a0Artritis reumatoide y otros problemas artr\u00edticos, trastornos menstruales, s\u00edndrome del intestino irritable (SII), problemas urinarios, de vejiga y ri\u00f1\u00f3n. Efectivo para tratar la faringitis y problemas de las membranas de las mucosas. Muy apreciado en dermatolog\u00eda por sus propiedades hidratantes, estimulantes, antienvejecimiento y de regeneraci\u00f3n tisular, y por conferir elasticidad a la piel.<\/p>\n<p>El aceite de Borraja es extra\u00eddo por presi\u00f3n en fr\u00edo de las semillas de esta planta. Tiene un alt\u00edsimo contenido en dos \u00e1cidos grasos esenciales poliinsaturados de la serie Omega-6: Cis-linol\u00e9ico y Gammalinol\u00e9nico. El Aceite de Borraja tiene propiedades antiartr\u00edticas, antireum\u00e1ticas y antiinflamatorias. Es considerado como un buen regulador hormonal.<\/p>\n<p>Puede ser utilizado en sustituci\u00f3n del aceite de onagra ya que presenta m\u00e1s del doble de \u00e1cido gamma-linol\u00e9nico.<\/p>\n<p>ACEITE DE BORRAJA: Es reconocido como la fuente m\u00e1s rica de \u00e1cido gamma-linol\u00e9nico (GLA) de la naturaleza (contiene un 24% de GLA, frente al 10% de la Onagra). Estas sustancias vegetales naturales utilizadas solas han creado un gran inter\u00e9s en el tratamiento de numerosos problemas de salud.<\/p>\n<\/div>\n<\/div>\n<\/div>\n","protected":false},"excerpt":{"rendered":"<p>Advertencias Consultar con el profesional antes de tomar este producto en caso de embarazo o lactancia, si est\u00e1 en tratamiento con medicaci\u00f3n (especialmente fenotiazina y antidepresivos tric\u00edclicos) o si presenta unas condiciones m\u00e9dicas especiales. El uso concomitante con AINEs, teo\u0301ricamente disminuiri\u0301a los efectos del aceite, debido a que estos medicamentos interfieren con la si\u0301ntesis de &hellip; <\/p>\n<p class=\"link-more\"><a href=\"https:\/\/www.naturclic.com\/?product=aceite-de-borraja-90-perlas-sura-vitasan\" class=\"more-link\">Continue reading<span class=\"screen-reader-text\"> &#8220;Aceite de Borraja 90 perlas Sura Vitasan&#8221;<\/span><\/a><\/p>\n","protected":false},"featured_media":4309,"comment_status":"open","ping_status":"closed","template":"","meta":{"_joinchat":[]},"product_brand":[],"product_cat":[137,127,138,126],"product_tag":[],"class_list":{"0":"post-5911","1":"product","2":"type-product","3":"status-publish","4":"has-post-thumbnail","6":"product_cat-cosmetica-natural","7":"product_cat-nutricion-ortomolecular","8":"product_cat-nutricosmetica","9":"product_cat-suplementos-naturales","11":"first","12":"instock","13":"taxable","14":"shipping-taxable","15":"purchasable","16":"product-type-simple"},"_links":{"self":[{"href":"https:\/\/www.naturclic.com\/index.php?rest_route=\/wp\/v2\/product\/5911","targetHints":{"allow":["GET"]}}],"collection":[{"href":"https:\/\/www.naturclic.com\/index.php?rest_route=\/wp\/v2\/product"}],"about":[{"href":"https:\/\/www.naturclic.com\/index.php?rest_route=\/wp\/v2\/types\/product"}],"replies":[{"embeddable":true,"href":"https:\/\/www.naturclic.com\/index.php?rest_route=%2Fwp%2Fv2%2Fcomments&post=5911"}],"wp:featuredmedia":[{"embeddable":true,"href":"https:\/\/www.naturclic.com\/index.php?rest_route=\/wp\/v2\/media\/4309"}],"wp:attachment":[{"href":"https:\/\/www.naturclic.com\/index.php?rest_route=%2Fwp%2Fv2%2Fmedia&parent=5911"}],"wp:term":[{"taxonomy":"product_brand","embeddable":true,"href":"https:\/\/www.naturclic.com\/index.php?rest_route=%2Fwp%2Fv2%2Fproduct_brand&post=5911"},{"taxonomy":"product_cat","embeddable":true,"href":"https:\/\/www.naturclic.com\/index.php?rest_route=%2Fwp%2Fv2%2Fproduct_cat&post=5911"},{"taxonomy":"product_tag","embeddable":true,"href":"https:\/\/www.naturclic.com\/index.php?rest_route=%2Fwp%2Fv2%2Fproduct_tag&post=5911"}],"curies":[{"name":"wp","href":"https:\/\/api.w.org\/{rel}","templated":true}]}}